{"id":854,"date":"2019-12-24T10:28:05","date_gmt":"2019-12-24T09:28:05","guid":{"rendered":"https:\/\/www.desjoyaux.fr\/?page_id=854\/"},"modified":"2020-10-20T15:36:29","modified_gmt":"2020-10-20T13:36:29","slug":"mentions-legales","status":"publish","type":"page","link":"https:\/\/desjoyauxnb.ca\/fr\/mentions-legales\/","title":{"rendered":"Mentions l\u00e9gales"},"content":{"rendered":"<!-- EN-T\u00caTE SIMPLE -->\n<section class=\"header-simple\">\n        <a href=\"https:\/\/desjoyauxnb.ca\/fr\/\" class=\"logo\">\n        <img decoding=\"async\" width=\"224\" height=\"117\" src=\"https:\/\/desjoyauxnb.ca\/wp-content\/uploads\/2020\/02\/logo.png\" class=\"picture-mobile\" alt=\"logo\" \/><img decoding=\"async\" width=\"160\" height=\"80\" src=\"https:\/\/desjoyauxnb.ca\/wp-content\/uploads\/2019\/12\/logo.png\" class=\"picture-desktop\" alt=\"logo\" \/>    <\/a>\n\n    <div class=\"banner\">\n        <div class=\"half-circle\"><\/div>\n        <div class=\"title\">\n                            <h1>Mentions l\u00e9gales<\/h1>\n                    <\/div>\n    <\/div>\n\n    <!-- BREADCRUMB -->\n        <div class=\"breadcrumb\">\n                \n            \n        \n            \n                <a href=\"https:\/\/desjoyauxnb.ca\/fr\/\">Accueil<\/a> \/ <a href=\"https:\/\/desjoyauxnb.ca\/fr\/mentions-legales\/\">Mentions l\u00e9gales<\/a>    <\/div>\n        <!-- END BREADCRUMB -->\n<\/section>\n<!-- END EN-T\u00caTE SIMPLE -->\n\n\n<section id=\"\" class=\"visual-text no-media  \">\n    <div class=\"block\" style=\"background-color: #80D2CC;\">\n        <div class=\"illustration smaller\"><\/div>\n                    <h3><p>\u00c9diteur<\/p>\n<\/h3>\n                            <p><p>PISCINES DESJOYAUX SA Soci\u00e9t\u00e9 Anonyme au capital de 6.940.520 \u20ac<br \/>\nRCS Saint-Etienne n\u00b0 351 914 379<br \/>\nSi\u00e8ge social : 42 avenue Benoit Fourneyron &#8211; 42480 La Fouillouse<br \/>\nT\u00e9l\u00e9phone : 0477361212<br \/>\nE-mail : <a href=\"mailto:servicecom@desjoyaux.fr\">servicecom@desjoyaux.fr<\/a><br \/>\nNum\u00e9ro de TVA intracommunautaire : FR 96 351 914 379<\/p>\n<\/p>\n                    <\/div>\n\n    <\/section>\n<!-- END ENCART TEXTE + VISUEL -->\n\n\n<section id=\"\" class=\"visual-text no-media  \">\n    <div class=\"block\" style=\"background-color: #EBC8A2;\">\n        <div class=\"illustration smaller\"><\/div>\n                    <h3><p>H\u00e9bergement<\/p>\n<\/h3>\n                            <p><p>Ice Development SAS<br \/>\n16 rue Maurice Bouchor \u2013 69007 Lyon<br \/>\nT\u00e9l\u00e9phone : 08 21 23 03 54<\/p>\n<\/p>\n                    <\/div>\n\n    <\/section>\n<!-- END ENCART TEXTE + VISUEL -->\n\n\n<section id=\"\" class=\"visual-text no-media  \">\n    <div class=\"block\" style=\"background-color: #2B4570;\">\n        <div class=\"illustration smaller\"><\/div>\n                    <h3><p>Direction de la publication<\/p>\n<\/h3>\n                            <p><p>Service Marketing : Fanny Desjoyaux<\/p>\n<p>Tout acc\u00e8s et\/ou utilisation du site <a href=\"https:\/\/www.desjoyaux.fr\">www.desjoyaux.fr<\/a> suppose l&rsquo;acceptation et le respect de l&rsquo;ensemble des termes des pr\u00e9sentes conditions et leur acceptation inconditionnelle.<\/p>\n<\/p>\n                    <\/div>\n\n    <\/section>\n<!-- END ENCART TEXTE + VISUEL -->\n\n\n<section id=\"\" class=\"visual-text no-media  \">\n    <div class=\"block\" style=\"background-color: #4EA9BC;\">\n        <div class=\"illustration smaller\"><\/div>\n                    <h3><p>Contenu<\/p>\n<\/h3>\n                            <p><p>Toutes \u0153uvres int\u00e9gr\u00e9es dans le site sont la propri\u00e9t\u00e9 de l&rsquo;agence PISCINES DESJOYAUX SA ou de tiers en ayant autoris\u00e9 la publication. Elles sont prot\u00e9g\u00e9s au titre des droits d&rsquo;auteur et des articles L.511.1 et suivants du Code de la Propri\u00e9t\u00e9 Intellectuelle relatifs \u00e0 la protection des mod\u00e8les d\u00e9pos\u00e9s. Les reproductions, sur un support papier ou informatique, dudit site et des \u0153uvres qui y sont reproduites sont autoris\u00e9es sous r\u00e9serve qu&rsquo;elles soient strictement r\u00e9serv\u00e9es \u00e0 un usage personnel excluant tout usage \u00e0 des fins publicitaires et\/ou commerciales, et\/ou d&rsquo;information et\/ou qu&rsquo;elles soient conformes aux dispositions de l&rsquo;article L.122-5 du Code de la Propri\u00e9t\u00e9 Intellectuelle.<\/p>\n<p>PISCINES DESJOYAUX SA n&rsquo;assure aucune garantie quant \u00e0 la fiabilit\u00e9 ou au fonctionnement de ce service et ne peut en aucun cas \u00eatre tenu pour responsable de tous dommages quels qu&rsquo;ils soient, y compris mais non de fa\u00e7on limitative, des dommages directs, indirects, accessoires ou incidents, des pertes de b\u00e9n\u00e9fices ou de l&rsquo;interruption d&rsquo;activit\u00e9, qui pourraient survenir lors de l&rsquo;utilisation ou de l&rsquo;impossibilit\u00e9 d&rsquo;utilisation de ce service. De plus, PISCINES DESJOYAUX SA n&rsquo;assume aucune responsabilit\u00e9 quant au contenu des sites reli\u00e9s directement ou indirectement au site www.desjoyaux.fr.<\/p>\n<\/p>\n                    <\/div>\n\n    <\/section>\n<!-- END ENCART TEXTE + VISUEL -->\n\n\n<section id=\"\" class=\"visual-text no-media  \">\n    <div class=\"block\" style=\"background-color: #6A7C9B;\">\n        <div class=\"illustration smaller\"><\/div>\n                    <h3><p>Collectes de donn\u00e9es personnelles<\/p>\n<\/h3>\n                            <p><p>La navigation sur le site desjoyaux.fr peut conduire PISCINES DESJOYAUX SA \u00e0 collecter et \u00e0 traiter des donn\u00e9es personnelles dans les conditions et selon des modalit\u00e9s d\u00e9taill\u00e9es par la <a href=\"https:\/\/desjoyauxnb.ca\/fr\/charte-de-confidentialite\/\" rel=\"noopener\" target=\"_blank\">charte de confidentialit\u00e9<\/a> et<a href=\"https:\/\/desjoyauxnb.ca\/fr\/politique-de-confidentialite\/\" rel=\"noopener\" target=\"_blank\"> la politique d\u2019utilisation des cookies<\/a>.<\/p>\n<\/p>\n                    <\/div>\n\n    <\/section>\n<!-- END ENCART TEXTE + VISUEL -->\n\n\n<section id=\"\" class=\"visual-text no-media  \">\n    <div class=\"block\" style=\"background-color: #80D2CC;\">\n        <div class=\"illustration smaller\"><\/div>\n                    <h3><p>Informations r\u00e9glement\u00e9es \/ Communications financi\u00e8res<\/p>\n<\/h3>\n                            <p><p>Retrouvez l&rsquo;ensemble des informations r\u00e9glement\u00e9es et communications financi\u00e8res du Groupe Piscines Desjoyaux sur le site <a href=\"http:\/\/www.desjoyaux.com\" rel=\"noopener\" target=\"_blank\">www.desjoyaux.com<\/a><\/p>\n<\/p>\n                    <\/div>\n\n    <\/section>\n<!-- END ENCART TEXTE + VISUEL -->\n\n\n<div style=\"height:100px\" aria-hidden=\"true\" class=\"wp-block-spacer\"><\/div>\n","protected":false},"excerpt":{"rendered":"","protected":false},"author":10,"featured_media":0,"parent":0,"menu_order":0,"comment_status":"closed","ping_status":"closed","template":"","meta":{"_acf_changed":false,"footnotes":""},"class_list":["post-854","page","type-page","status-publish","hentry"],"acf":[],"yoast_head":"<!-- This site is optimized with the Yoast SEO Premium plugin v27.4 (Yoast SEO v27.4) - https:\/\/yoast.com\/product\/yoast-seo-premium-wordpress\/ -->\n<title>Mentions L\u00e9gales | Piscines Desjoyaux<\/title>\n<meta name=\"description\" content=\"Mentions l\u00e9gales Desjoyaux.\" \/>\n<meta name=\"robots\" content=\"index, follow, max-snippet:-1, max-image-preview:large, max-video-preview:-1\" \/>\n<link rel=\"canonical\" href=\"https:\/\/desjoyauxnb.ca\/mentions-legales\/?lang=fr\" \/>\n<meta property=\"og:locale\" content=\"fr_FR\" \/>\n<meta property=\"og:type\" content=\"article\" \/>\n<meta property=\"og:title\" content=\"Mentions l\u00e9gales\" \/>\n<meta property=\"og:description\" content=\"Mentions l\u00e9gales Desjoyaux.\" \/>\n<meta property=\"og:url\" content=\"https:\/\/desjoyauxnb.ca\/mentions-legales\/?lang=fr\" \/>\n<meta property=\"og:site_name\" content=\"Piscines Desjoyaux\" \/>\n<meta property=\"article:publisher\" content=\"https:\/\/www.facebook.com\/desjoyauxnb\/\" \/>\n<meta property=\"article:modified_time\" content=\"2020-10-20T13:36:29+00:00\" \/>\n<meta property=\"og:image\" content=\"https:\/\/desjoyauxnb.ca\/wp-content\/uploads\/2020\/11\/piscines-desjoyaux-logo-en.png\" \/>\n\t<meta property=\"og:image:width\" content=\"220\" \/>\n\t<meta property=\"og:image:height\" content=\"110\" \/>\n\t<meta property=\"og:image:type\" content=\"image\/png\" \/>\n<meta name=\"twitter:card\" content=\"summary_large_image\" \/>\n<meta name=\"twitter:site\" content=\"@Desjoyaux_pools\" \/>\n<!-- \/ Yoast SEO Premium plugin. -->","yoast_head_json":{"title":"Mentions L\u00e9gales | Piscines Desjoyaux","description":"Mentions l\u00e9gales Desjoyaux.","robots":{"index":"index","follow":"follow","max-snippet":"max-snippet:-1","max-image-preview":"max-image-preview:large","max-video-preview":"max-video-preview:-1"},"canonical":"https:\/\/desjoyauxnb.ca\/mentions-legales\/?lang=fr","og_locale":"fr_FR","og_type":"article","og_title":"Mentions l\u00e9gales","og_description":"Mentions l\u00e9gales Desjoyaux.","og_url":"https:\/\/desjoyauxnb.ca\/mentions-legales\/?lang=fr","og_site_name":"Piscines Desjoyaux","article_publisher":"https:\/\/www.facebook.com\/desjoyauxnb\/","article_modified_time":"2020-10-20T13:36:29+00:00","og_image":[{"width":220,"height":110,"url":"https:\/\/desjoyauxnb.ca\/wp-content\/uploads\/2020\/11\/piscines-desjoyaux-logo-en.png","type":"image\/png"}],"twitter_card":"summary_large_image","twitter_site":"@Desjoyaux_pools","schema":{"@context":"https:\/\/schema.org","@graph":[{"@type":"WebPage","@id":"https:\/\/desjoyauxnb.ca\/mentions-legales\/?lang=fr","url":"https:\/\/desjoyauxnb.ca\/mentions-legales\/?lang=fr","name":"Mentions L\u00e9gales | Piscines Desjoyaux","isPartOf":{"@id":"https:\/\/desjoyauxnb.ca\/#website"},"datePublished":"2019-12-24T09:28:05+00:00","dateModified":"2020-10-20T13:36:29+00:00","description":"Mentions l\u00e9gales Desjoyaux.","breadcrumb":{"@id":"https:\/\/desjoyauxnb.ca\/mentions-legales\/?lang=fr#breadcrumb"},"inLanguage":"fr-FR","potentialAction":[{"@type":"ReadAction","target":["https:\/\/desjoyauxnb.ca\/mentions-legales\/?lang=fr"]}]},{"@type":"BreadcrumbList","@id":"https:\/\/desjoyauxnb.ca\/mentions-legales\/?lang=fr#breadcrumb","itemListElement":[{"@type":"ListItem","position":1,"name":"Home","item":"https:\/\/desjoyauxnb.ca\/?lang=fr"},{"@type":"ListItem","position":2,"name":"Mentions l\u00e9gales"}]},{"@type":"WebSite","@id":"https:\/\/desjoyauxnb.ca\/#website","url":"https:\/\/desjoyauxnb.ca\/","name":"Desjoyaux Pool NB","description":"Quality Pools for New Brunswick Families","publisher":{"@id":"https:\/\/desjoyauxnb.ca\/#organization"},"alternateName":"Piscines Desjoyaux","potentialAction":[{"@type":"SearchAction","target":{"@type":"EntryPoint","urlTemplate":"https:\/\/desjoyauxnb.ca\/?s={search_term_string}"},"query-input":{"@type":"PropertyValueSpecification","valueRequired":true,"valueName":"search_term_string"}}],"inLanguage":"fr-FR"},{"@type":"Organization","@id":"https:\/\/desjoyauxnb.ca\/#organization","name":"Piscines Desjoyaux","alternateName":"Desjoyaux Pool NB","url":"https:\/\/desjoyauxnb.ca\/","logo":{"@type":"ImageObject","inLanguage":"fr-FR","@id":"https:\/\/desjoyauxnb.ca\/#\/schema\/logo\/image\/","url":"https:\/\/desjoyauxnb.ca\/wp-content\/uploads\/2020\/11\/logo-en.jpg","contentUrl":"https:\/\/desjoyauxnb.ca\/wp-content\/uploads\/2020\/11\/logo-en.jpg","width":224,"height":117,"caption":"Piscines Desjoyaux"},"image":{"@id":"https:\/\/desjoyauxnb.ca\/#\/schema\/logo\/image\/"},"sameAs":["https:\/\/www.facebook.com\/desjoyauxnb\/","https:\/\/x.com\/Desjoyaux_pools","https:\/\/www.instagram.com\/desjoyauxnb\/","https:\/\/fr.linkedin.com\/company\/desjoyaux-pools","https:\/\/www.youtube.com\/user\/desjoyauxpools","https:\/\/fr.wikipedia.org\/wiki\/Piscines_Desjoyaux"],"description":"Desjoyaux is a French company that designs, manufactures, and installs swimming pools, with a focus on custom, environmentally friendly, and family-friendly designs, and has been in business since 1966.","email":"info@desjoyaux.nb","telephone":"506-800-1022","legalName":"Desjoyaux Pool NB","numberOfEmployees":{"@type":"QuantitativeValue","minValue":"1","maxValue":"10"}}]}},"_links":{"self":[{"href":"https:\/\/desjoyauxnb.ca\/fr\/wp-json\/wp\/v2\/pages\/854","targetHints":{"allow":["GET"]}}],"collection":[{"href":"https:\/\/desjoyauxnb.ca\/fr\/wp-json\/wp\/v2\/pages"}],"about":[{"href":"https:\/\/desjoyauxnb.ca\/fr\/wp-json\/wp\/v2\/types\/page"}],"author":[{"embeddable":true,"href":"https:\/\/desjoyauxnb.ca\/fr\/wp-json\/wp\/v2\/users\/10"}],"replies":[{"embeddable":true,"href":"https:\/\/desjoyauxnb.ca\/fr\/wp-json\/wp\/v2\/comments?post=854"}],"version-history":[{"count":0,"href":"https:\/\/desjoyauxnb.ca\/fr\/wp-json\/wp\/v2\/pages\/854\/revisions"}],"wp:attachment":[{"href":"https:\/\/desjoyauxnb.ca\/fr\/wp-json\/wp\/v2\/media?parent=854"}],"curies":[{"name":"wp","href":"https:\/\/api.w.org\/{rel}","templated":true}]}}