{"id":8485,"date":"2020-01-19T15:17:08","date_gmt":"2020-01-19T14:17:08","guid":{"rendered":"https:\/\/www.desjoyaux.fr\/?post_type=content&#038;p=8485\/"},"modified":"2024-05-14T14:53:37","modified_gmt":"2024-05-14T12:53:37","slug":"famille-desjoyaux-esprit-desjoyaux","status":"publish","type":"page","link":"https:\/\/desjoyauxnb.ca\/fr\/famille-desjoyaux-esprit-desjoyaux\/","title":{"rendered":"L&rsquo;esprit Desjoyaux"},"content":{"rendered":"<!-- T\u00caTI\u00c8RE -->\n\n<section class=\"header\">\n    <div class=\"circle\">\n        <svg viewBox=\"0 0 1923 179.5\">\n            <path fill=\"white\" d=\"M0,0S423.59,179.5,987,179.5,1923,0,1923,0V179.5H0Z\" \/>\n        <\/svg>\n    <\/div>\n\n        <!-- get_field('mobile_logo', $homepage_id); pour le logo bleu -->\n\n\n    <a href=\"https:\/\/desjoyauxnb.ca\/fr\/\" class=\"logo\">\n        <img decoding=\"async\" width=\"160\" height=\"80\" src=\"https:\/\/desjoyauxnb.ca\/wp-content\/uploads\/2019\/12\/logo.png\" class=\"picture-mobile\" alt=\"logo\" \/><img decoding=\"async\" width=\"160\" height=\"80\" src=\"https:\/\/desjoyauxnb.ca\/wp-content\/uploads\/2019\/12\/logo.png\" class=\"picture-desktop\" alt=\"logo\" \/>        <!-- <img decoding=\"async\" class=\"logo-noel\" style=\"width: 90px;height: 103px;\" src=\"\/wp-content\/uploads\/2019\/12\/logo3.gif\" alt=\"logo desjoyaux\" \/> -->\n    <\/a>\n\n    <div class=\"carousel\">\n                    <div class=\"slide\">\n                                <div class=\"media\">\n                                            <img decoding=\"async\" width=\"750\" height=\"1310\" src=\"https:\/\/desjoyauxnb.ca\/wp-content\/uploads\/2020\/01\/tetiere-mereenfant-full750x1310-1.jpg\" class=\"picture-mobile\" alt=\"Tetiere_Mereenfant_Full.750&#215;1310\" srcset=\"https:\/\/desjoyauxnb.ca\/wp-content\/uploads\/2020\/01\/tetiere-mereenfant-full750x1310-1.jpg 750w, https:\/\/desjoyauxnb.ca\/wp-content\/uploads\/2020\/01\/tetiere-mereenfant-full750x1310-1-172x300.jpg 172w, https:\/\/desjoyauxnb.ca\/wp-content\/uploads\/2020\/01\/tetiere-mereenfant-full750x1310-1-586x1024.jpg 586w\" sizes=\"(max-width: 750px) 100vw, 750px\" \/><img decoding=\"async\" width=\"1920\" height=\"1300\" src=\"https:\/\/desjoyauxnb.ca\/wp-content\/uploads\/2020\/01\/tetiere-mereenfant-full.jpg\" class=\"picture-desktop\" alt=\"Tetiere_Mereenfant_Full\" srcset=\"https:\/\/desjoyauxnb.ca\/wp-content\/uploads\/2020\/01\/tetiere-mereenfant-full.jpg 1920w, https:\/\/desjoyauxnb.ca\/wp-content\/uploads\/2020\/01\/tetiere-mereenfant-full-300x203.jpg 300w, https:\/\/desjoyauxnb.ca\/wp-content\/uploads\/2020\/01\/tetiere-mereenfant-full-1024x693.jpg 1024w, https:\/\/desjoyauxnb.ca\/wp-content\/uploads\/2020\/01\/tetiere-mereenfant-full-768x520.jpg 768w, https:\/\/desjoyauxnb.ca\/wp-content\/uploads\/2020\/01\/tetiere-mereenfant-full-1023x693.jpg 1023w\" sizes=\"(max-width: 1920px) 100vw, 1920px\" \/>                                    <\/div>\n                            <\/div>\n            <\/div>\n    <!-- BREADCRUMB -->\n                    <div class=\"breadcrumb\">\n                                                                                                                                                                                                                                    <a href=\"https:\/\/desjoyauxnb.ca\/fr\/\">Accueil<\/a> \/ <a href=\"https:\/\/desjoyauxnb.ca\/fr\/famille-desjoyaux\/\">Famille Desjoyaux<\/a> \/ L\u2019esprit Desjoyaux        <\/div>\n                <!-- END BREADCRUMB -->\n<\/section>\n<!-- END T\u00caTI\u00c8RE -->\n\n\n<!-- TITRE -->\n<section class=\"title\">    \n    <div class=\"banner\">\n        <div class=\"half-circle\"><\/div>\n        <div class=\"title\">\n                            \n                <h1>L&rsquo;esprit<br\/><strong>Desjoyaux<\/strong><\/h1>\n                    <\/div>\n    <\/div>\n<\/section>\n<!-- END TITRE -->\n\n<!-- DESCRIPTION -->\n<section class=\"description \">\n    <p>Desjoyaux invente une piscine facile \u00e0 installer et \u00e0 entretenir pour le bonheur de toutes les familles. Une piscine pour \u00eatre en vacances chez soi, une piscine qui se vit de 1001 fa\u00e7ons, \u00e0 tout moment de la journ\u00e9e et de l\u2019ann\u00e9e.<\/p>\n<\/section>\n<!-- END DESCRIPTION -->\n\n\n<section id=\"\" class=\"visual-text   \">\n    <div class=\"block\" style=\"background-color: #80D2CC;\">\n        <div class=\"illustration smaller\"><\/div>\n                    <h3><p>Piscines de famille depuis 1966<\/p>\n<\/h3>\n                            <p><p>Un jour de 1966, Jean Desjoyaux se dit qu\u2019il aimerait offrir une piscine \u00e0 sa famille. Bien d\u00e9cid\u00e9, il entreprend donc de la construire lui-m\u00eame. Avec elle arrivent bient\u00f4t les fous rires, le plaisir, les souvenirs. Mais aussi les copains, les voisins, une ambiance bon enfant digne des meilleures vacances\u2026 Avec cette premi\u00e8re piscine, Jean Desjoyaux d\u00e9couvre que la piscine, ce n\u2019est pas seulement du b\u00e9ton, des margelles et de l\u2019eau, c\u2019est aussi et surtout, un bonheur contagieux, un esprit de famille qui se partage. Et gr\u00e2ce \u00e0 leur esprit novateur, Jean Desjoyaux et ses successeurs d\u00e9veloppent de nombreuses innovations \u00e0 travers les ann\u00e9es pour que la piscine devienne un droit pour toutes les familles.<\/p>\n<\/p>\n                    <\/div>\n\n            <div class=\"media\">\n                                                <div class=\"picture\">\n                        <img decoding=\"async\" width=\"1222\" height=\"920\" src=\"https:\/\/desjoyauxnb.ca\/wp-content\/uploads\/2020\/01\/photfamille-dj.jpg\" class=\"picture-mobile\" alt=\"PhotFamille_DJ\" srcset=\"https:\/\/desjoyauxnb.ca\/wp-content\/uploads\/2020\/01\/photfamille-dj.jpg 1222w, https:\/\/desjoyauxnb.ca\/wp-content\/uploads\/2020\/01\/photfamille-dj-300x226.jpg 300w, https:\/\/desjoyauxnb.ca\/wp-content\/uploads\/2020\/01\/photfamille-dj-1024x771.jpg 1024w, https:\/\/desjoyauxnb.ca\/wp-content\/uploads\/2020\/01\/photfamille-dj-768x578.jpg 768w, https:\/\/desjoyauxnb.ca\/wp-content\/uploads\/2020\/01\/photfamille-dj-1023x770.jpg 1023w\" sizes=\"(max-width: 1222px) 100vw, 1222px\" \/><img decoding=\"async\" width=\"1222\" height=\"920\" src=\"https:\/\/desjoyauxnb.ca\/wp-content\/uploads\/2020\/01\/photfamille-dj.jpg\" class=\"picture-desktop\" alt=\"PhotFamille_DJ\" srcset=\"https:\/\/desjoyauxnb.ca\/wp-content\/uploads\/2020\/01\/photfamille-dj.jpg 1222w, https:\/\/desjoyauxnb.ca\/wp-content\/uploads\/2020\/01\/photfamille-dj-300x226.jpg 300w, https:\/\/desjoyauxnb.ca\/wp-content\/uploads\/2020\/01\/photfamille-dj-1024x771.jpg 1024w, https:\/\/desjoyauxnb.ca\/wp-content\/uploads\/2020\/01\/photfamille-dj-768x578.jpg 768w, https:\/\/desjoyauxnb.ca\/wp-content\/uploads\/2020\/01\/photfamille-dj-1023x770.jpg 1023w\" sizes=\"(max-width: 1222px) 100vw, 1222px\" \/>                    <\/div>\n                                    <\/div>\n    <\/section>\n<!-- END ENCART TEXTE + VISUEL -->\n\n\n<style>\n    .wp-block-columns {\n      display: flex;\n      justify-content: space-between;\n    }\n    \n    .wp-block-column {\n      flex: 1;\n      margin-right: 20px;\n    }\n\n    .video {\n      position: relative;\n      width: 100%;\n      padding-top: 56.25%;\n      overflow: hidden;\n    }\n\n    .video video {\n      position: absolute;\n      top: 0;\n      left: 0;\n      width: 100%;\n      height: 100%;\n    }\n  <\/style>\n<\/head>\n<body>\n\n<section class=\"visual-text blue\">\n  <div class=\"wp-block-columns\">\n    <div class=\"wp-block-column\">\n      <div class=\"video\">\n        <video controls preload=\"auto\" poster=\"https:\/\/desjoyaux.fr\/wp-content\/uploads\/2024\/05\/video1.jpg\">\n          <source src=\"https:\/\/desjoyaux.fr\/wp-content\/uploads\/2024\/05\/Desjoyaux-Piscines-de-famille-depuis-1966.mp4\" type=\"video\/mp4\">\n        <\/video>\n      <\/div>\n    <\/div>\n    <div class=\"wp-block-column\">\n      <div class=\"video\">\n        <video controls preload=\"auto\" poster=\"https:\/\/desjoyaux.fr\/wp-content\/uploads\/2024\/05\/video2.jpg\">\n          <source src=\"https:\/\/desjoyaux.fr\/wp-content\/uploads\/2024\/05\/Il-etaitunefoisDesjoyaux.mp4\" type=\"video\/mp4\">\n        <\/video>\n      <\/div>\n    <\/div>\n  <\/div>\n<\/section>\n\n\n\n<section id=\"\" class=\"visual-text  leaf \">\n    <div class=\"block\" style=\"background-color: #6A7C9B;\">\n        <div class=\"illustration smaller\"><\/div>\n                            <p><p>\u00ab La piscine, ce n\u2019est pas seulement du b\u00e9ton, des margelles et de l\u2019eau, c\u2019est aussi et surtout, un bonheur contagieux, un esprit de famille qui se partage. \u00bb<\/p>\n<p class=\"name\"><em>Jean Desjoyaux<\/em><\/p>\n<p><span id=\"cadeau\" c-id=\"CfxmHLLjgM\"><\/span><\/p>\n<\/p>\n                    <\/div>\n\n            <div class=\"media\">\n                                                <div class=\"picture\">\n                        <img decoding=\"async\" width=\"1000\" height=\"1419\" src=\"https:\/\/desjoyauxnb.ca\/wp-content\/uploads\/2020\/01\/jd-desjoyaux-histoire-13.jpg\" class=\"picture-mobile\" alt=\"jd-desjoyaux-histoire-13\" srcset=\"https:\/\/desjoyauxnb.ca\/wp-content\/uploads\/2020\/01\/jd-desjoyaux-histoire-13.jpg 1000w, https:\/\/desjoyauxnb.ca\/wp-content\/uploads\/2020\/01\/jd-desjoyaux-histoire-13-211x300.jpg 211w, https:\/\/desjoyauxnb.ca\/wp-content\/uploads\/2020\/01\/jd-desjoyaux-histoire-13-722x1024.jpg 722w, https:\/\/desjoyauxnb.ca\/wp-content\/uploads\/2020\/01\/jd-desjoyaux-histoire-13-768x1090.jpg 768w\" sizes=\"(max-width: 1000px) 100vw, 1000px\" \/><img decoding=\"async\" width=\"493\" height=\"340\" src=\"https:\/\/desjoyauxnb.ca\/wp-content\/uploads\/2020\/01\/jd-desjoyaux-histoire-desktop2-1.png\" class=\"picture-desktop\" alt=\"jd-desjoyaux-histoire-desktop2\" srcset=\"https:\/\/desjoyauxnb.ca\/wp-content\/uploads\/2020\/01\/jd-desjoyaux-histoire-desktop2-1.png 493w, https:\/\/desjoyauxnb.ca\/wp-content\/uploads\/2020\/01\/jd-desjoyaux-histoire-desktop2-1-300x207.png 300w\" sizes=\"(max-width: 493px) 100vw, 493px\" \/>                    <\/div>\n                                    <\/div>\n    <\/section>\n<!-- END ENCART TEXTE + VISUEL -->\n\n\n<div style=\"height:100px\" aria-hidden=\"true\" class=\"wp-block-spacer\"><\/div>\n\n\n\n<p><\/p>\n","protected":false},"excerpt":{"rendered":"","protected":false},"author":14,"featured_media":0,"parent":0,"menu_order":0,"comment_status":"closed","ping_status":"closed","template":"","meta":{"_acf_changed":false,"footnotes":""},"class_list":["post-8485","page","type-page","status-publish","hentry"],"acf":[],"yoast_head":"<!-- This site is optimized with the Yoast SEO Premium plugin v27.4 (Yoast SEO v27.4) - https:\/\/yoast.com\/product\/yoast-seo-premium-wordpress\/ -->\n<title>Esprit Piscine | Piscines Desjoyaux<\/title>\n<meta name=\"description\" content=\"Desjoyaux invente une piscine facile \u00e0 installer et \u00e0 entretenir pour le bonheur de toutes les familles.\" \/>\n<meta name=\"robots\" content=\"index, follow, max-snippet:-1, max-image-preview:large, max-video-preview:-1\" \/>\n<link rel=\"canonical\" href=\"https:\/\/desjoyauxnb.ca\/famille-desjoyaux\/esprit-desjoyaux\/?lang=fr\" \/>\n<meta property=\"og:locale\" content=\"fr_FR\" \/>\n<meta property=\"og:type\" content=\"article\" \/>\n<meta property=\"og:title\" content=\"L&#039;esprit Desjoyaux\" \/>\n<meta property=\"og:description\" content=\"Desjoyaux invente une piscine facile \u00e0 installer et \u00e0 entretenir pour le bonheur de toutes les familles.\" \/>\n<meta property=\"og:url\" content=\"https:\/\/desjoyauxnb.ca\/famille-desjoyaux\/esprit-desjoyaux\/?lang=fr\" \/>\n<meta property=\"og:site_name\" content=\"Piscines Desjoyaux\" \/>\n<meta property=\"article:publisher\" content=\"https:\/\/www.facebook.com\/desjoyauxnb\/\" \/>\n<meta property=\"article:modified_time\" content=\"2024-05-14T12:53:37+00:00\" \/>\n<meta property=\"og:image\" content=\"https:\/\/desjoyauxnb.ca\/wp-content\/uploads\/2020\/11\/piscines-desjoyaux-logo-en.png\" \/>\n\t<meta property=\"og:image:width\" content=\"220\" \/>\n\t<meta property=\"og:image:height\" content=\"110\" \/>\n\t<meta property=\"og:image:type\" content=\"image\/png\" \/>\n<meta name=\"twitter:card\" content=\"summary_large_image\" \/>\n<meta name=\"twitter:site\" content=\"@Desjoyaux_pools\" \/>\n<!-- \/ Yoast SEO Premium plugin. -->","yoast_head_json":{"title":"Esprit Piscine | Piscines Desjoyaux","description":"Desjoyaux invente une piscine facile \u00e0 installer et \u00e0 entretenir pour le bonheur de toutes les familles.","robots":{"index":"index","follow":"follow","max-snippet":"max-snippet:-1","max-image-preview":"max-image-preview:large","max-video-preview":"max-video-preview:-1"},"canonical":"https:\/\/desjoyauxnb.ca\/famille-desjoyaux\/esprit-desjoyaux\/?lang=fr","og_locale":"fr_FR","og_type":"article","og_title":"L'esprit Desjoyaux","og_description":"Desjoyaux invente une piscine facile \u00e0 installer et \u00e0 entretenir pour le bonheur de toutes les familles.","og_url":"https:\/\/desjoyauxnb.ca\/famille-desjoyaux\/esprit-desjoyaux\/?lang=fr","og_site_name":"Piscines Desjoyaux","article_publisher":"https:\/\/www.facebook.com\/desjoyauxnb\/","article_modified_time":"2024-05-14T12:53:37+00:00","og_image":[{"width":220,"height":110,"url":"https:\/\/desjoyauxnb.ca\/wp-content\/uploads\/2020\/11\/piscines-desjoyaux-logo-en.png","type":"image\/png"}],"twitter_card":"summary_large_image","twitter_site":"@Desjoyaux_pools","schema":{"@context":"https:\/\/schema.org","@graph":[{"@type":"WebPage","@id":"https:\/\/desjoyauxnb.ca\/famille-desjoyaux\/esprit-desjoyaux\/?lang=fr","url":"https:\/\/desjoyauxnb.ca\/famille-desjoyaux\/esprit-desjoyaux\/?lang=fr","name":"Esprit Piscine | Piscines Desjoyaux","isPartOf":{"@id":"https:\/\/desjoyauxnb.ca\/#website"},"datePublished":"2020-01-19T14:17:08+00:00","dateModified":"2024-05-14T12:53:37+00:00","description":"Desjoyaux invente une piscine facile \u00e0 installer et \u00e0 entretenir pour le bonheur de toutes les familles.","breadcrumb":{"@id":"https:\/\/desjoyauxnb.ca\/famille-desjoyaux\/esprit-desjoyaux\/?lang=fr#breadcrumb"},"inLanguage":"fr-FR","potentialAction":[{"@type":"ReadAction","target":["https:\/\/desjoyauxnb.ca\/famille-desjoyaux\/esprit-desjoyaux\/?lang=fr"]}]},{"@type":"BreadcrumbList","@id":"https:\/\/desjoyauxnb.ca\/famille-desjoyaux\/esprit-desjoyaux\/?lang=fr#breadcrumb","itemListElement":[{"@type":"ListItem","position":1,"name":"Home","item":"https:\/\/desjoyauxnb.ca\/?lang=fr"},{"@type":"ListItem","position":2,"name":"L&#8217;esprit Desjoyaux"}]},{"@type":"WebSite","@id":"https:\/\/desjoyauxnb.ca\/#website","url":"https:\/\/desjoyauxnb.ca\/","name":"Desjoyaux Pool NB","description":"Quality Pools for New Brunswick Families","publisher":{"@id":"https:\/\/desjoyauxnb.ca\/#organization"},"alternateName":"Piscines Desjoyaux","potentialAction":[{"@type":"SearchAction","target":{"@type":"EntryPoint","urlTemplate":"https:\/\/desjoyauxnb.ca\/?s={search_term_string}"},"query-input":{"@type":"PropertyValueSpecification","valueRequired":true,"valueName":"search_term_string"}}],"inLanguage":"fr-FR"},{"@type":"Organization","@id":"https:\/\/desjoyauxnb.ca\/#organization","name":"Piscines Desjoyaux","alternateName":"Desjoyaux Pool NB","url":"https:\/\/desjoyauxnb.ca\/","logo":{"@type":"ImageObject","inLanguage":"fr-FR","@id":"https:\/\/desjoyauxnb.ca\/#\/schema\/logo\/image\/","url":"https:\/\/desjoyauxnb.ca\/wp-content\/uploads\/2020\/11\/logo-en.jpg","contentUrl":"https:\/\/desjoyauxnb.ca\/wp-content\/uploads\/2020\/11\/logo-en.jpg","width":224,"height":117,"caption":"Piscines Desjoyaux"},"image":{"@id":"https:\/\/desjoyauxnb.ca\/#\/schema\/logo\/image\/"},"sameAs":["https:\/\/www.facebook.com\/desjoyauxnb\/","https:\/\/x.com\/Desjoyaux_pools","https:\/\/www.instagram.com\/desjoyauxnb\/","https:\/\/fr.linkedin.com\/company\/desjoyaux-pools","https:\/\/www.youtube.com\/user\/desjoyauxpools","https:\/\/fr.wikipedia.org\/wiki\/Piscines_Desjoyaux"],"description":"Desjoyaux is a French company that designs, manufactures, and installs swimming pools, with a focus on custom, environmentally friendly, and family-friendly designs, and has been in business since 1966.","email":"info@desjoyaux.nb","telephone":"506-800-1022","legalName":"Desjoyaux Pool NB","numberOfEmployees":{"@type":"QuantitativeValue","minValue":"1","maxValue":"10"}}]}},"_links":{"self":[{"href":"https:\/\/desjoyauxnb.ca\/fr\/wp-json\/wp\/v2\/pages\/8485","targetHints":{"allow":["GET"]}}],"collection":[{"href":"https:\/\/desjoyauxnb.ca\/fr\/wp-json\/wp\/v2\/pages"}],"about":[{"href":"https:\/\/desjoyauxnb.ca\/fr\/wp-json\/wp\/v2\/types\/page"}],"author":[{"embeddable":true,"href":"https:\/\/desjoyauxnb.ca\/fr\/wp-json\/wp\/v2\/users\/14"}],"replies":[{"embeddable":true,"href":"https:\/\/desjoyauxnb.ca\/fr\/wp-json\/wp\/v2\/comments?post=8485"}],"version-history":[{"count":2,"href":"https:\/\/desjoyauxnb.ca\/fr\/wp-json\/wp\/v2\/pages\/8485\/revisions"}],"predecessor-version":[{"id":84803,"href":"https:\/\/desjoyauxnb.ca\/fr\/wp-json\/wp\/v2\/pages\/8485\/revisions\/84803"}],"wp:attachment":[{"href":"https:\/\/desjoyauxnb.ca\/fr\/wp-json\/wp\/v2\/media?parent=8485"}],"curies":[{"name":"wp","href":"https:\/\/api.w.org\/{rel}","templated":true}]}}