{"id":8035,"date":"2020-01-08T18:35:04","date_gmt":"2020-01-08T17:35:04","guid":{"rendered":"https:\/\/www.desjoyaux.fr\/?page_id=8035\/"},"modified":"2021-06-24T10:57:39","modified_gmt":"2021-06-24T08:57:39","slug":"charte-de-confidentialite","status":"publish","type":"page","link":"https:\/\/desjoyauxnb.ca\/fr\/charte-de-confidentialite\/","title":{"rendered":"Charte de confidentialit\u00e9"},"content":{"rendered":"<!-- EN-T\u00caTE SIMPLE -->\n<section class=\"header-simple\">\n        <a href=\"https:\/\/desjoyauxnb.ca\/fr\/\" class=\"logo\">\n        <img decoding=\"async\" width=\"224\" height=\"117\" src=\"https:\/\/desjoyauxnb.ca\/wp-content\/uploads\/2020\/02\/logo.png\" class=\"picture-mobile\" alt=\"logo\" \/><img decoding=\"async\" width=\"160\" height=\"80\" src=\"https:\/\/desjoyauxnb.ca\/wp-content\/uploads\/2019\/12\/logo.png\" class=\"picture-desktop\" alt=\"logo\" \/>    <\/a>\n\n    <div class=\"banner\">\n        <div class=\"half-circle\"><\/div>\n        <div class=\"title\">\n                            <h1><strong>Charte de confidentialit\u00e9<\/strong><\/h1>\n                    <\/div>\n    <\/div>\n\n    <!-- BREADCRUMB -->\n        <div class=\"breadcrumb\">\n                \n            \n        \n            \n                <a href=\"https:\/\/desjoyauxnb.ca\/fr\/\">Accueil<\/a> \/ <a href=\"https:\/\/desjoyauxnb.ca\/fr\/charte-de-confidentialite\/\">Charte de confidentialit\u00e9<\/a>    <\/div>\n        <!-- END BREADCRUMB -->\n<\/section>\n<!-- END EN-T\u00caTE SIMPLE -->\n\n<!-- DESCRIPTION -->\n<section class=\"description \">\n    <p>La pr\u00e9sente charte de confidentialit\u00e9 d\u00e9taille la politique qu\u2019applique PISCINES DESJOYAUX SA en mati\u00e8re de protection des donn\u00e9es personnelles et de la vie priv\u00e9e dans le cadre de l\u2019exploitation du site internet\u00a0<a href=\"https:\/\/www.desjoyaux.fr\" target=\"_blank\">www.desjoyaux.fr<\/a>.<\/p>\n<\/section>\n<!-- END DESCRIPTION -->\n\n\n<section id=\"\" class=\"visual-text no-media  \">\n    <div class=\"block\" style=\"background-color: #80D2CC;\">\n        <div class=\"illustration smaller\"><\/div>\n                    <h3><p>1. Qui sommes-nous ?<\/p>\n<\/h3>\n                            <p><p>PISCINES DESJOYAUX SA est une soci\u00e9t\u00e9 anonyme au capital social de 6.940.520 \u20ac, immatricul\u00e9e au RCS de SAINT ETIENNE sous le n\u00b0 351 914 379, dont le si\u00e8ge social est 42 Avenue Beno\u00eet Fourneyron 42480 LA FOUILLOUSE, repr\u00e9sent\u00e9e par son Pr\u00e9sident Directeur G\u00e9n\u00e9ral en exercice, Monsieur Jean Louis DESJOYAUX.<\/p>\n<p>PISCINES DESJOYAUX SA est l\u2019\u00e9diteur du site www.desjoyaux.fr et proc\u00e8de, \u00e0 ce titre, \u00e0 diff\u00e9rents traitements de vos donn\u00e9es en qualit\u00e9 de responsable de traitements.<\/p>\n<\/p>\n                    <\/div>\n\n    <\/section>\n<!-- END ENCART TEXTE + VISUEL -->\n\n\n<section id=\"\" class=\"visual-text no-media  \">\n    <div class=\"block\" style=\"background-color: #2B4570;\">\n        <div class=\"illustration smaller\"><\/div>\n                    <h3><p>2. Quelles sont les donn\u00e9es que nous collectons et quel est leur r\u00e9gime ?<\/p>\n<\/h3>\n                            <p><p><strong>2.1 LE TYPE DE DONN\u00c9ES QUE NOUS COLLECTONS.<\/strong><\/p>\n<p>Sur notre site, nous sommes susceptibles de collecter des donn\u00e9es personnelles vous concernant :<\/p>\n<p>Lorsque vous commandez un catalogue,<br \/>\nlorsque vous demandez un devis ou une \u00e9tude personnalis\u00e9e,<br \/>\nlorsque vous utilisez le configurateur,<br \/>\nlorsque vous participez \u00e0 un jeu concours, ou<br \/>\nlorsque vous nous contactez \u00e0 d\u2019autres fins.<br \/>\nNous collectons, selon votre demande, les donn\u00e9es n\u00e9cessaires \u00e0 votre identification et au bon traitement de votre demande (nom\/pr\u00e9nom\/adresse\/t\u00e9l\u00e9phone\/adresse mail) et plus globalement tous les \u00e9l\u00e9ments n\u00e9cessaires au traitement de votre demande.<\/p>\n<p>Certaines donn\u00e9es nous sont indispensables pour r\u00e9pondre \u00e0 votre demande. C\u2019est la raison pour laquelle certaines informations sont obligatoires : elles sont identifi\u00e9es comme telles lorsque vous nous transmettez vos donn\u00e9es.<\/p>\n<p>Lors de vos visites sur le site, des technologies de tra\u00e7age sont utilis\u00e9es et des donn\u00e9es sont collect\u00e9es (adresse IP, donn\u00e9es de connexions et de navigation, historiques de commandes, cookies, donn\u00e9es de localisation). Pour plus d\u2019informations \u00e0 ce sujet, vous pouvez consulter notre\u00a0Politique d\u2019utilisation des cookies.<\/p>\n<p><strong>2.2 La base l\u00e9gale de la collecte.<\/strong><\/p>\n<p>La base l\u00e9gale des traitements de donn\u00e9es personnelles \u00e9voqu\u00e9s \u00e0 l\u2019article 2.1 est, selon le cas, votre consentement, le respect de nos obligations l\u00e9gales ou sur notre int\u00e9r\u00eat l\u00e9gitime, notamment de prospection, dans la mesure o\u00f9 il ne porte pas atteinte \u00e0 vos int\u00e9r\u00eats, droits et libert\u00e9s fondamentaux.<\/p>\n<p>Vous pouvez retirer votre consentement au traitement de vos donn\u00e9es \u00e0 tout moment.<\/p>\n<p><strong>2.3 La finalit\u00e9 des traitements mis en \u0153uvre.<\/strong><\/p>\n<p>Le traitement mis en \u0153uvre en vue de collecter des informations lorsque vous contactez notre service client a pour finalit\u00e9 le traitement de votre demande, la gestion de notre service apr\u00e8s-vente et de la garantie, ainsi que la gestion commerciale de notre fichier clients.<\/p>\n<p>Le traitement mis en \u0153uvre en vue de collecter des informations lorsque vous nous contactez a pour finalit\u00e9 le traitement de votre demande, le marketing direct et la publicit\u00e9.<\/p>\n<p>Le traitement mis en \u0153uvre en vue de collecter des informations lors de la demande d\u2019un catalogue, lors de la participation \u00e0 un jeu concours, lors de la demande d\u2019un devis ou d\u2019une \u00e9tude personnalis\u00e9e ou lors de l\u2019utilisation du configurateur a pour finalit\u00e9 la gestion de votre demande, la gestion de notre fichier prospects et clients, le marketing direct et la publicit\u00e9.<\/p>\n<p><strong>2.4 La dur\u00e9e de conservation de vos donn\u00e9es.<\/strong><\/p>\n<p>Les donn\u00e9es collect\u00e9es dans le cadre de l\u2019ex\u00e9cution d\u2019un contrat (gestion du SAV lors d\u2019un contact avec le service client) sont conserv\u00e9es 5 ans \u00e0 compter de la derni\u00e8re activit\u00e9.<\/p>\n<p>Les donn\u00e9es collect\u00e9es lors d\u2019une demande de catalogue, de devis, d\u2019\u00e9tude personnalis\u00e9e, lors de l\u2019utilisation du configurateur ou lors de la participation \u00e0 un jeu concours sont conserv\u00e9es pendant 3 ans \u00e0 compter de la date de la collecte.<\/p>\n<\/p>\n                    <\/div>\n\n    <\/section>\n<!-- END ENCART TEXTE + VISUEL -->\n\n\n<section id=\"\" class=\"visual-text no-media  \">\n    <div class=\"block\" style=\"background-color: #C2ABC7;\">\n        <div class=\"illustration smaller\"><\/div>\n                    <h3><p>3. Quels sont vos droits &amp; comment les exercer ?<\/p>\n<\/h3>\n                            <p><p>La Loi n\u00b078-17 du 6 Janvier 1978 modifi\u00e9e, dite \u00ab Loi Informatique et Libert\u00e9s \u00bb, ainsi que le R\u00e8glement 2016\/679 du parlement Europ\u00e9en et du Conseil du 27 avril 2016, dit \u00ab R\u00e8glement Europ\u00e9en pour la Protection des Donn\u00e9es personnelles \u00bb accordent aux personnes physiques diff\u00e9rents droits relativement \u00e0 leurs donn\u00e9es personnelles.<\/p>\n<p>Soucieux du respect de la vie priv\u00e9e de ses potentiels partenaires, nous nous engageons \u00e0 respecter ces droits, et \u00e0 les faire respecter \u00e0 l\u2019ensemble de nos prestataires le cas \u00e9ch\u00e9ant.<\/p>\n<p><strong>3.1 Droit d\u2019acc\u00e8s, d\u2019interrogation, de limitation et de rectification<\/strong><\/p>\n<p>Vous pouvez obtenir la confirmation que nous traitons vos donn\u00e9es et nous demander la communication des donn\u00e9es vous concernant que nous avons collect\u00e9 afin d\u2019en v\u00e9rifier le contenu.<\/p>\n<p>Par ailleurs, si vous constatez une erreur, vous avez la possibilit\u00e9 de nous demander de proc\u00e9der \u00e0 la rectification des informations inexactes ou incompl\u00e8tes vous concernant.<\/p>\n<p>En cas d\u2019inexactitude des donn\u00e9es, vous pouvez exercer votre droit \u00e0 la limitation du traitement pendant le temps de leur v\u00e9rification.<\/p>\n<p><strong>3.2 Droit \u00e0 la suppression des donn\u00e9es<\/strong><\/p>\n<p>Sous certaines conditions, vous pouvez exiger l\u2019effacement de donn\u00e9es personnelles vous concernant.<\/p>\n<p><strong>3.3 Droit d\u2019opposition<\/strong><\/p>\n<p>Le droit d\u2019opposition vous permet de vous opposer \u00e0 ce que nous utilisions vos donn\u00e9es \u00e0 des fins pr\u00e9cises. Vous devez indiquer les raisons tenant \u00e0 votre situation particuli\u00e8re et justifiant votre demande.<\/p>\n<p>Vous disposez en tout \u00e9tat de cause d\u2019un droit d\u2019opposition \u00e0 la prospection commerciale.<\/p>\n<p><strong>3.4 Droit \u00e0 la portabilit\u00e9<\/strong><\/p>\n<p>Vous pouvez demander \u00e0 r\u00e9cup\u00e9rer, dans un format lisible pour une machine, les donn\u00e9es que vous nous avez fournies, pour un usage personnel ou pour les transmettre \u00e0 un tiers de votre choix.<\/p>\n<p><strong>3.5 Droit de porter une r\u00e9clamation<\/strong><\/p>\n<p>Enfin, vous disposez du droit d\u2019introduire une r\u00e9clamation aupr\u00e8s de l\u2019autorit\u00e9 de contr\u00f4le comp\u00e9tente, \u00e0 savoir la CNIL que vous pouvez contacter via le site\u00a0www.cnil.fr<\/p>\n<p>Ou \u00e0 l\u2019adresse suivante :<\/p>\n<p>CNIL<br \/>\n3 Place de Fontenoy \u2013 TSA 80715 \u2013<br \/>\n75334 PARIS CEDEX 07<br \/>\nT\u00e9l : 01 53 73 22 22<\/p>\n<p><strong>3.6 Droit de d\u00e9finir des directives post-mortem<\/strong><\/p>\n<p>Vous disposez \u00e9galement du droit de d\u00e9finir des directives relatives au sort de vos donn\u00e9es apr\u00e8s votre d\u00e9c\u00e8s (conservation, effacement et communication). Vous pouvez nous adresser les directives particuli\u00e8res au(x) traitement(s) des donn\u00e9es personnelles vous concernant que nous effectuons. \u00bb<\/p>\n<p><strong>3.7 Modalit\u00e9s d\u2019exercice<\/strong><\/p>\n<p><strong>3.7.1 A qui s\u2019adresser ?<\/strong><\/p>\n<p>Pour toute demande relative \u00e0 la protection de la vie priv\u00e9e, au r\u00e9gime des donn\u00e9es personnelles de nos clients ou \u00e0 l\u2019exercice des droits ci-dessus vis\u00e9, vous pouvez nous contacter par mail \u00e0 l\u2019adresse suivante :\u00a0donneespersonnelles@desjoyaux.fr<\/p>\n<p>Ou par courrier :<\/p>\n<p>PISCINES DESJOYAUX SA<br \/>\nDonn\u00e9es personnelles<br \/>\n42 Avenue Beno\u00eet Fourneyron \u2013 CS50280<br \/>\n42484 LA FOUILLOUSE CEDEX<\/p>\n<p><strong>3.7.2 Comment demander ?<\/strong><\/p>\n<p>Afin de nous permettre de traiter votre demande de fa\u00e7on compl\u00e8te et efficace, nous vous invitons \u00e0 nous pr\u00e9ciser vos noms, pr\u00e9noms et coordonn\u00e9es compl\u00e8tes.<\/p>\n<p>Par ailleurs, l\u2019exercice de ces droits \u00e9tant purement personnel, vous devez joindre \u00e0 votre demande une copie de votre pi\u00e8ce d\u2019identit\u00e9.<\/p>\n<p>Enfin, nous vous conseillons de nous indiquer tr\u00e8s pr\u00e9cis\u00e9ment, dans l\u2019objet de votre demande, le droit que vous souhaitez exercer.<\/p>\n<p><strong>3.7.3 D\u00e9lai de r\u00e9ponse<\/strong><\/p>\n<p>Nous nous engageons \u00e0 r\u00e9pondre \u00e0 votre demande dans les meilleurs d\u00e9lais, et au plus tard dans un d\u00e9lai d\u2019un mois \u00e0 compter de la r\u00e9ception de votre demande.<\/p>\n<p>Nous vous tenons strictement inform\u00e9, dans ce d\u00e9lai, des d\u00e9marches que nous avons r\u00e9alis\u00e9es pour r\u00e9pondre \u00e0 votre demande.<\/p>\n<\/p>\n                    <\/div>\n\n    <\/section>\n<!-- END ENCART TEXTE + VISUEL -->\n\n\n<section id=\"\" class=\"visual-text no-media  \">\n    <div class=\"block\" style=\"background-color: #6A7C9B;\">\n        <div class=\"illustration smaller\"><\/div>\n                    <h3><p>4. Avec qui partageons-nous vos donn\u00e9es ?<\/p>\n<\/h3>\n                            <p><p>Nous sommes le destinataire principal de vos donn\u00e9es.<\/p>\n<p>N\u00e9anmoins, sachez que certaines de nos activit\u00e9s peuvent \u00eatre sous-trait\u00e9es.<\/p>\n<p>Dans ce cas, nous faisons appel \u00e0 des tiers. Dans le cadre de nos relations contractuelles avec nos sous-traitants, nous attachons une importance particuli\u00e8re \u00e0 la s\u00e9curit\u00e9 de vos donn\u00e9es et leur utilisation par nos cocontractants est strictement limit\u00e9e \u00e0 la t\u00e2che que nous leur confions.<\/p>\n<p>Sachez que PISCINES DESJOYAUX SA ne revend jamais les donn\u00e9es collect\u00e9es \u00e0 des tiers.<\/p>\n<p>Comme indiqu\u00e9 ci-avant, nous avons parfois recours \u00e0 des prestataires avec lesquels nous partageons certaines de vos donn\u00e9es personnelles, qui assurent les prestations suivantes :<\/p>\n<p>L\u2019h\u00e9bergement, l\u2019exploitation et la maintenance du site internet,<br \/>\nla gestion du fichier client,<br \/>\nla prospection, le d\u00e9veloppement commercial et le marketing cibl\u00e9,<br \/>\nle suivi de la demande effectu\u00e9e par formulaire,<\/p>\n<p>Certaines informations peuvent \u00e9galement \u00eatre transmises \u00e0 notre r\u00e9seau de distribution si l\u2019un de nos partenaires est concern\u00e9 par votre demande, notamment lors d\u2019une demande de catalogue ou d\u2019une \u00e9tude personnalis\u00e9e. Dans ce cas, vous en \u00eates inform\u00e9s lors de la collecte des donn\u00e9es.<\/p>\n<p>Il s\u2019agit des seuls organismes avec lesquels nous partageons vos donn\u00e9es personnelles.<\/p>\n<p>En principe, nous ne transf\u00e9rons aucune de vos donn\u00e9es en dehors de la zone de l\u2019Union Europ\u00e9enne, permettant ainsi de vous garantir une s\u00e9curit\u00e9 effective concernant la protection de vos donn\u00e9es.<\/p>\n<p>Cependant, dans le cadre de notre r\u00e9seau de distribution et afin de traiter au mieux votre demande, nous pouvons transf\u00e9rer vos donn\u00e9es \u00e0 l\u2019un de nos concessionnaires localis\u00e9s en dehors de l\u2019Union Europ\u00e9enne, en fonction de la localisation que vous aurez indiqu\u00e9. Dans cette hypoth\u00e8se tr\u00e8s exceptionnelle d\u2019un transfert de donn\u00e9es hors UE, nous attachons une importance toute particuli\u00e8re \u00e0 exiger un degr\u00e9 de protection \u00e9quivalent \u00e0 celui dont nous disposons dans l\u2019Union Europ\u00e9enne, afin d\u2019assurer la confidentialit\u00e9, l\u2019int\u00e9grit\u00e9 et la s\u00e9curit\u00e9 de vos donn\u00e9es.<\/p>\n<p>Nous sommes susceptibles de transmettre vos donn\u00e9es \u00e0 des autorit\u00e9s publiques lorsque nous avons l\u2019obligation l\u00e9gale de le faire.<\/p>\n<\/p>\n                    <\/div>\n\n    <\/section>\n<!-- END ENCART TEXTE + VISUEL -->\n\n\n<section id=\"\" class=\"visual-text no-media  \">\n    <div class=\"block\" style=\"background-color: #EB7360;\">\n        <div class=\"illustration smaller\"><\/div>\n                    <h3><p>5. Nous accordons une attention\u00a0 toute particuli\u00e8re \u00e0 la protection de vos donn\u00e9es<\/p>\n<\/h3>\n                            <p><p>Nous veillons \u00e0 assurer la s\u00e9curit\u00e9 de vos donn\u00e9es personnelles notamment en : mettant en \u0153uvre les mesures de s\u00e9curit\u00e9 organisationnelles et techniques appropri\u00e9es, exigeant la mise en place de mesures de s\u00e9curit\u00e9 ad\u00e9quates par nos sous-traitants, exigeant, dans la mesure du possible que vos donn\u00e9es soient h\u00e9berg\u00e9es sur le territoire de l\u2019Union Europ\u00e9enne.<\/p>\n<p>Toutefois, le risque z\u00e9ro n\u2019existe pas, internet n\u2019est pas un environnement compl\u00e8tement s\u00e9curis\u00e9 et nous ne pouvons pas vous garantir la s\u00e9curit\u00e9 de la transmission ou du stockage de vos informations. Sachez que conform\u00e9ment \u00e0 la r\u00e9glementation en vigueur, en cas d\u2019atteinte \u00e0 vos donn\u00e9es nous sommes totalement transparents et tenus de le signaler \u00e0 la CNIL. De plus, en cas d\u2019atteinte \u00e0 vos donn\u00e9es susceptible d\u2019engendrer un risque \u00e9lev\u00e9 pour vos droits et libert\u00e9s, vous serez imm\u00e9diatement inform\u00e9 de l\u2019incident, de ses cons\u00e9quences \u00e9ventuelles et des mesures prises pour en limiter les cons\u00e9quences.<\/p>\n<\/p>\n                    <\/div>\n\n    <\/section>\n<!-- END ENCART TEXTE + VISUEL -->\n\n\n<section id=\"\" class=\"visual-text no-media  \">\n    <div class=\"block\" style=\"background-color: #80D2CC;\">\n        <div class=\"illustration smaller\"><\/div>\n                    <h3><p>6. Modification et mise \u00e0 jour de la pr\u00e9sente politique de confidentialit\u00e9<\/p>\n<\/h3>\n                            <p><p>Nous nous r\u00e9servons le droit de mettre \u00e0 jour la pr\u00e9sente charte de confidentialit\u00e9. Vous en serez alors avis\u00e9 par mail.<\/p>\n<\/p>\n                    <\/div>\n\n    <\/section>\n<!-- END ENCART TEXTE + VISUEL -->\n\n\n<div style=\"height:100px\" aria-hidden=\"true\" class=\"wp-block-spacer\"><\/div>\n\n\n\n<p><\/p>\n","protected":false},"excerpt":{"rendered":"","protected":false},"author":10,"featured_media":0,"parent":0,"menu_order":0,"comment_status":"closed","ping_status":"closed","template":"","meta":{"_acf_changed":false,"footnotes":""},"class_list":["post-8035","page","type-page","status-publish","hentry"],"acf":[],"yoast_head":"<!-- This site is optimized with the Yoast SEO Premium plugin v27.4 (Yoast SEO v27.4) - https:\/\/yoast.com\/product\/yoast-seo-premium-wordpress\/ -->\n<title>Charte de Confidentialit\u00e9 | Piscines Desjoyaux<\/title>\n<meta name=\"description\" content=\"D\u00e9couvrez la charte de confidentialit\u00e9 Desjoyaux.\" \/>\n<meta name=\"robots\" content=\"index, follow, max-snippet:-1, max-image-preview:large, max-video-preview:-1\" \/>\n<link rel=\"canonical\" href=\"https:\/\/desjoyauxnb.ca\/charte-de-confidentialite\/?lang=fr\" \/>\n<meta property=\"og:locale\" content=\"fr_FR\" \/>\n<meta property=\"og:type\" content=\"article\" \/>\n<meta property=\"og:title\" content=\"Charte de confidentialit\u00e9\" \/>\n<meta property=\"og:description\" content=\"D\u00e9couvrez la charte de confidentialit\u00e9 Desjoyaux.\" \/>\n<meta property=\"og:url\" content=\"https:\/\/desjoyauxnb.ca\/charte-de-confidentialite\/?lang=fr\" \/>\n<meta property=\"og:site_name\" content=\"Piscines Desjoyaux\" \/>\n<meta property=\"article:publisher\" content=\"https:\/\/www.facebook.com\/desjoyauxnb\/\" \/>\n<meta property=\"article:modified_time\" content=\"2021-06-24T08:57:39+00:00\" \/>\n<meta property=\"og:image\" content=\"https:\/\/desjoyauxnb.ca\/wp-content\/uploads\/2020\/11\/piscines-desjoyaux-logo-en.png\" \/>\n\t<meta property=\"og:image:width\" content=\"220\" \/>\n\t<meta property=\"og:image:height\" content=\"110\" \/>\n\t<meta property=\"og:image:type\" content=\"image\/png\" \/>\n<meta name=\"twitter:card\" content=\"summary_large_image\" \/>\n<meta name=\"twitter:site\" content=\"@Desjoyaux_pools\" \/>\n<!-- \/ Yoast SEO Premium plugin. -->","yoast_head_json":{"title":"Charte de Confidentialit\u00e9 | Piscines Desjoyaux","description":"D\u00e9couvrez la charte de confidentialit\u00e9 Desjoyaux.","robots":{"index":"index","follow":"follow","max-snippet":"max-snippet:-1","max-image-preview":"max-image-preview:large","max-video-preview":"max-video-preview:-1"},"canonical":"https:\/\/desjoyauxnb.ca\/charte-de-confidentialite\/?lang=fr","og_locale":"fr_FR","og_type":"article","og_title":"Charte de confidentialit\u00e9","og_description":"D\u00e9couvrez la charte de confidentialit\u00e9 Desjoyaux.","og_url":"https:\/\/desjoyauxnb.ca\/charte-de-confidentialite\/?lang=fr","og_site_name":"Piscines Desjoyaux","article_publisher":"https:\/\/www.facebook.com\/desjoyauxnb\/","article_modified_time":"2021-06-24T08:57:39+00:00","og_image":[{"width":220,"height":110,"url":"https:\/\/desjoyauxnb.ca\/wp-content\/uploads\/2020\/11\/piscines-desjoyaux-logo-en.png","type":"image\/png"}],"twitter_card":"summary_large_image","twitter_site":"@Desjoyaux_pools","schema":{"@context":"https:\/\/schema.org","@graph":[{"@type":"WebPage","@id":"https:\/\/desjoyauxnb.ca\/charte-de-confidentialite\/?lang=fr","url":"https:\/\/desjoyauxnb.ca\/charte-de-confidentialite\/?lang=fr","name":"Charte de Confidentialit\u00e9 | Piscines Desjoyaux","isPartOf":{"@id":"https:\/\/desjoyauxnb.ca\/#website"},"datePublished":"2020-01-08T17:35:04+00:00","dateModified":"2021-06-24T08:57:39+00:00","description":"D\u00e9couvrez la charte de confidentialit\u00e9 Desjoyaux.","breadcrumb":{"@id":"https:\/\/desjoyauxnb.ca\/charte-de-confidentialite\/?lang=fr#breadcrumb"},"inLanguage":"fr-FR","potentialAction":[{"@type":"ReadAction","target":["https:\/\/desjoyauxnb.ca\/charte-de-confidentialite\/?lang=fr"]}]},{"@type":"BreadcrumbList","@id":"https:\/\/desjoyauxnb.ca\/charte-de-confidentialite\/?lang=fr#breadcrumb","itemListElement":[{"@type":"ListItem","position":1,"name":"Home","item":"https:\/\/desjoyauxnb.ca\/?lang=fr"},{"@type":"ListItem","position":2,"name":"Charte de confidentialit\u00e9"}]},{"@type":"WebSite","@id":"https:\/\/desjoyauxnb.ca\/#website","url":"https:\/\/desjoyauxnb.ca\/","name":"Desjoyaux Pool NB","description":"Quality Pools for New Brunswick Families","publisher":{"@id":"https:\/\/desjoyauxnb.ca\/#organization"},"alternateName":"Piscines Desjoyaux","potentialAction":[{"@type":"SearchAction","target":{"@type":"EntryPoint","urlTemplate":"https:\/\/desjoyauxnb.ca\/?s={search_term_string}"},"query-input":{"@type":"PropertyValueSpecification","valueRequired":true,"valueName":"search_term_string"}}],"inLanguage":"fr-FR"},{"@type":"Organization","@id":"https:\/\/desjoyauxnb.ca\/#organization","name":"Piscines Desjoyaux","alternateName":"Desjoyaux Pool NB","url":"https:\/\/desjoyauxnb.ca\/","logo":{"@type":"ImageObject","inLanguage":"fr-FR","@id":"https:\/\/desjoyauxnb.ca\/#\/schema\/logo\/image\/","url":"https:\/\/desjoyauxnb.ca\/wp-content\/uploads\/2020\/11\/logo-en.jpg","contentUrl":"https:\/\/desjoyauxnb.ca\/wp-content\/uploads\/2020\/11\/logo-en.jpg","width":224,"height":117,"caption":"Piscines Desjoyaux"},"image":{"@id":"https:\/\/desjoyauxnb.ca\/#\/schema\/logo\/image\/"},"sameAs":["https:\/\/www.facebook.com\/desjoyauxnb\/","https:\/\/x.com\/Desjoyaux_pools","https:\/\/www.instagram.com\/desjoyauxnb\/","https:\/\/fr.linkedin.com\/company\/desjoyaux-pools","https:\/\/www.youtube.com\/user\/desjoyauxpools","https:\/\/fr.wikipedia.org\/wiki\/Piscines_Desjoyaux"],"description":"Desjoyaux is a French company that designs, manufactures, and installs swimming pools, with a focus on custom, environmentally friendly, and family-friendly designs, and has been in business since 1966.","email":"info@desjoyaux.nb","telephone":"506-800-1022","legalName":"Desjoyaux Pool NB","numberOfEmployees":{"@type":"QuantitativeValue","minValue":"1","maxValue":"10"}}]}},"_links":{"self":[{"href":"https:\/\/desjoyauxnb.ca\/fr\/wp-json\/wp\/v2\/pages\/8035","targetHints":{"allow":["GET"]}}],"collection":[{"href":"https:\/\/desjoyauxnb.ca\/fr\/wp-json\/wp\/v2\/pages"}],"about":[{"href":"https:\/\/desjoyauxnb.ca\/fr\/wp-json\/wp\/v2\/types\/page"}],"author":[{"embeddable":true,"href":"https:\/\/desjoyauxnb.ca\/fr\/wp-json\/wp\/v2\/users\/10"}],"replies":[{"embeddable":true,"href":"https:\/\/desjoyauxnb.ca\/fr\/wp-json\/wp\/v2\/comments?post=8035"}],"version-history":[{"count":0,"href":"https:\/\/desjoyauxnb.ca\/fr\/wp-json\/wp\/v2\/pages\/8035\/revisions"}],"wp:attachment":[{"href":"https:\/\/desjoyauxnb.ca\/fr\/wp-json\/wp\/v2\/media?parent=8035"}],"curies":[{"name":"wp","href":"https:\/\/api.w.org\/{rel}","templated":true}]}}