{"id":751,"date":"2019-12-20T14:52:04","date_gmt":"2019-12-20T13:52:04","guid":{"rendered":"https:\/\/www.desjoyaux.fr\/?page_id=751\/"},"modified":"2020-12-14T15:50:51","modified_gmt":"2020-12-14T14:50:51","slug":"actualites","status":"publish","type":"page","link":"https:\/\/desjoyauxnb.ca\/fr\/actualites\/","title":{"rendered":"Actualit\u00e9s"},"content":{"rendered":"<!-- T\u00caTI\u00c8RE -->\n\n<section class=\"header\">\n    <div class=\"circle\">\n        <svg viewBox=\"0 0 1923 179.5\">\n            <path fill=\"white\" d=\"M0,0S423.59,179.5,987,179.5,1923,0,1923,0V179.5H0Z\" \/>\n        <\/svg>\n    <\/div>\n\n        <!-- get_field('mobile_logo', $homepage_id); pour le logo bleu -->\n\n\n    <a href=\"https:\/\/desjoyauxnb.ca\/fr\/\" class=\"logo\">\n        <img decoding=\"async\" width=\"160\" height=\"80\" src=\"https:\/\/desjoyauxnb.ca\/wp-content\/uploads\/2019\/12\/logo.png\" class=\"picture-mobile\" alt=\"logo\" \/><img decoding=\"async\" width=\"160\" height=\"80\" src=\"https:\/\/desjoyauxnb.ca\/wp-content\/uploads\/2019\/12\/logo.png\" class=\"picture-desktop\" alt=\"logo\" \/>        <!-- <img decoding=\"async\" class=\"logo-noel\" style=\"width: 90px;height: 103px;\" src=\"\/wp-content\/uploads\/2019\/12\/logo3.gif\" alt=\"logo desjoyaux\" \/> -->\n    <\/a>\n\n    <div class=\"carousel\">\n                    <div class=\"slide\">\n                                <div class=\"media\">\n                                            <img decoding=\"async\" width=\"750\" height=\"1310\" src=\"https:\/\/desjoyauxnb.ca\/wp-content\/uploads\/2020\/02\/tetiere-3enfants-750x1310-1.jpg\" class=\"picture-mobile\" alt=\"Te\u0301tiere-3enfants_750x1310\" srcset=\"https:\/\/desjoyauxnb.ca\/wp-content\/uploads\/2020\/02\/tetiere-3enfants-750x1310-1.jpg 750w, https:\/\/desjoyauxnb.ca\/wp-content\/uploads\/2020\/02\/tetiere-3enfants-750x1310-1-172x300.jpg 172w, https:\/\/desjoyauxnb.ca\/wp-content\/uploads\/2020\/02\/tetiere-3enfants-750x1310-1-586x1024.jpg 586w\" sizes=\"(max-width: 750px) 100vw, 750px\" \/><img decoding=\"async\" width=\"2000\" height=\"1333\" src=\"https:\/\/desjoyauxnb.ca\/wp-content\/uploads\/2020\/02\/tetiere-3enfants-desktop.jpg\" class=\"picture-desktop\" alt=\"Kids having fun in waterpark\" srcset=\"https:\/\/desjoyauxnb.ca\/wp-content\/uploads\/2020\/02\/tetiere-3enfants-desktop.jpg 2000w, https:\/\/desjoyauxnb.ca\/wp-content\/uploads\/2020\/02\/tetiere-3enfants-desktop-300x200.jpg 300w, https:\/\/desjoyauxnb.ca\/wp-content\/uploads\/2020\/02\/tetiere-3enfants-desktop-1024x682.jpg 1024w, https:\/\/desjoyauxnb.ca\/wp-content\/uploads\/2020\/02\/tetiere-3enfants-desktop-768x512.jpg 768w, https:\/\/desjoyauxnb.ca\/wp-content\/uploads\/2020\/02\/tetiere-3enfants-desktop-1023x682.jpg 1023w, https:\/\/desjoyauxnb.ca\/wp-content\/uploads\/2020\/02\/tetiere-3enfants-desktop-1920x1280.jpg 1920w\" sizes=\"(max-width: 2000px) 100vw, 2000px\" \/>                                    <\/div>\n                            <\/div>\n            <\/div>\n    <!-- BREADCRUMB -->\n                    <div class=\"breadcrumb\">\n                                                                                                                                                                                                                                    <a href=\"https:\/\/desjoyauxnb.ca\/fr\/\">Accueil<\/a> \/ <a href=\"https:\/\/desjoyauxnb.ca\/fr\/famille-desjoyaux\/\">Famille Desjoyaux<\/a> \/ Actualit\u00e9s        <\/div>\n                <!-- END BREADCRUMB -->\n<\/section>\n<!-- END T\u00caTI\u00c8RE -->\n\r\n\r\n<!-- TITRE -->\n<section class=\"title\">    \n    <div class=\"banner\">\n        <div class=\"half-circle\"><\/div>\n        <div class=\"title\">\n                            \n                <h1>Actualit\u00e9s<br\/><strong>Desjoyaux<\/strong><\/h1>\n                    <\/div>\n    <\/div>\n<\/section>\n<!-- END TITRE -->\r\n\r\n<!-- DESCRIPTION -->\n<section class=\"description \">\n    <p>Nouveaut\u00e9s produits, portes ouvertes,<br\/>salon, revue de presse&#8230;<br\/>Retrouvez notre actualit\u00e9,<br\/>et profitez de bons plans !<span id=\"cadeau\" c-id=\"jVuHVwfMbU\"><\/span><\/p>\n<\/section>\n<!-- END DESCRIPTION -->\r\n\r\n<!-- LISTE DES ACTUALITES -->\n    <section class=\"form newsList\">\n                <form name=\"newsList\" action=\"\" method=\"GET\">\n            <div class=\"form-row half\">\n                <div class=\"form-column\">\n                    <label class=\"input-text\" for=\"query\">Recherche par mot-cl\u00e9<\/label>\n                    <input type=\"text\" name=\"query\" id=\"query\" value=\"\" placeholder=\"\" \/>\n                <\/div>\n            <\/div>\n\n            <div class=\"form-row half\">\n                <div class=\"form-column\">\n                    <input type=\"submit\" class=\"cta\" value=\"Je recherche\" disabled=\"disabled\" \/>\n                <\/div>\n            <\/div>\n        <\/form>\n        <!-- LISTE -->\n<div class=\"list\">\n    <div class=\"carousel\">\n            <div class=\"slide\">\n                        <div class=\"list-item \" style=\"background-color: #80D2CC;\">\n                <h3>Rendre l\u2019hivernage agr\u00e9able\u2026 <strong>C\u2019est possible avec Desjoyaux du 04 octobre au 03 novembre 2024<\/strong><\/h3>\n                <p>Rendre l\u2019hivernage agr\u00e9able, c\u2019est possible\u2026.\u00a0 En profitant de jusqu\u2019\u00e0 -15 %* sur une s\u00e9lection d\u2019articles pour faciliter l\u2019hivernage de sa piscine.<\/p>\n                <a class=\"cta white\" href=\"https:\/\/desjoyauxnb.ca\/fr\/rendre-lhivernage-agreable-cest-possible-avec-desjoyaux-du-04-octobre-au-03-novembre-2024\/\" >Je lis l&rsquo;article<\/a>\n                <div class=\"illustration\"><\/div>\n            <\/div>\n            <div class=\"carousel-pictures blue\">\n                            <div class=\"slide\">\n                    <img decoding=\"async\" width=\"928\" height=\"640\" src=\"https:\/\/desjoyauxnb.ca\/wp-content\/uploads\/2024\/10\/actu-mobile-article-696x480px.jpg\" class=\"picture-mobile\" alt=\"ACTU-mobile-article-696x480px\" srcset=\"https:\/\/desjoyauxnb.ca\/wp-content\/uploads\/2024\/10\/actu-mobile-article-696x480px.jpg 928w, https:\/\/desjoyauxnb.ca\/wp-content\/uploads\/2024\/10\/actu-mobile-article-696x480px-300x207.jpg 300w, https:\/\/desjoyauxnb.ca\/wp-content\/uploads\/2024\/10\/actu-mobile-article-696x480px-768x530.jpg 768w\" sizes=\"(max-width: 928px) 100vw, 928px\" \/><img decoding=\"async\" width=\"657\" height=\"453\" src=\"https:\/\/desjoyauxnb.ca\/wp-content\/uploads\/2024\/10\/actu-desktop-article-493x340px.jpg\" class=\"picture-desktop\" alt=\"OP Hivernage 2024\" srcset=\"https:\/\/desjoyauxnb.ca\/wp-content\/uploads\/2024\/10\/actu-desktop-article-493x340px.jpg 657w, https:\/\/desjoyauxnb.ca\/wp-content\/uploads\/2024\/10\/actu-desktop-article-493x340px-300x207.jpg 300w\" sizes=\"(max-width: 657px) 100vw, 657px\" \/>                <\/div>\n                        <\/div>\n        <\/div>\n            <div class=\"slide\">\n                        <div class=\"list-item \" style=\"background-color: #80D2CC;\">\n                <h3>Desjoyaux vous invite \u00e0 b\u00e9n\u00e9ficier d\u2019une offre \u00e0 ne pas manquer\u2026 <strong>Du 31 ao\u00fbt 2024 au 22 septembre 2024<\/strong><\/h3>\n                <p>Une piscine \u00e0 partir 17500 \u20ac *pose comprise et garantie 10 ans\u2026 vous ne r\u00eavez pas, Desjoyaux le fait\u2026 Mais ce n\u2019est pas tout.<\/p>\n                <a class=\"cta white\" href=\"https:\/\/desjoyauxnb.ca\/fr\/desjoyaux-vous-invite-a-beneficier-dune-offre-a-ne-pas-manquerdu-31-aout-2024-au-22-septembre-2024\/\" >Je lis l&rsquo;article<\/a>\n                <div class=\"illustration\"><\/div>\n            <\/div>\n            <div class=\"carousel-pictures blue\">\n                            <div class=\"slide\">\n                    <img decoding=\"async\" width=\"696\" height=\"480\" src=\"https:\/\/desjoyauxnb.ca\/wp-content\/uploads\/2024\/08\/actu-696-480-mobile-1.jpg\" class=\"picture-mobile\" alt=\"Actu PO SEpt 2024696-480-mobile\" srcset=\"https:\/\/desjoyauxnb.ca\/wp-content\/uploads\/2024\/08\/actu-696-480-mobile-1.jpg 696w, https:\/\/desjoyauxnb.ca\/wp-content\/uploads\/2024\/08\/actu-696-480-mobile-1-300x207.jpg 300w\" sizes=\"(max-width: 696px) 100vw, 696px\" \/><img decoding=\"async\" width=\"696\" height=\"480\" src=\"https:\/\/desjoyauxnb.ca\/wp-content\/uploads\/2024\/08\/actu-696-480-mobile.jpg\" class=\"picture-desktop\" alt=\"Visuel PO sept 2024-mobille\" srcset=\"https:\/\/desjoyauxnb.ca\/wp-content\/uploads\/2024\/08\/actu-696-480-mobile.jpg 696w, https:\/\/desjoyauxnb.ca\/wp-content\/uploads\/2024\/08\/actu-696-480-mobile-300x207.jpg 300w\" sizes=\"(max-width: 696px) 100vw, 696px\" \/>                <\/div>\n                        <\/div>\n        <\/div>\n            <div class=\"slide\">\n                        <div class=\"list-item \" style=\"background-color: #80D2CC;\">\n                <h3><strong>QUESTIONS \u00e0 Jean Louis Desjoyaux PDG de Piscines Desjoyaux<\/strong><\/h3>\n                <p>Jean Louis Desjoyaux r\u00e9pond aux questions de Cl\u00e9ment Goutelle, journaliste pour Le Progr\u00e8s<\/p>\n                <a class=\"cta white\" href=\"https:\/\/desjoyauxnb.ca\/fr\/questions-a-jean-louis-desjoyaux-pdg\/\" >Je lis l&rsquo;article<\/a>\n                <div class=\"illustration\"><\/div>\n            <\/div>\n            <div class=\"carousel-pictures blue\">\n                            <div class=\"slide\">\n                    <img decoding=\"async\" width=\"750\" height=\"1310\" src=\"https:\/\/desjoyauxnb.ca\/wp-content\/uploads\/2020\/02\/actu-chiffres-record-2019-m.jpg\" class=\"picture-mobile\" alt=\"Piscines Desjoyaux Si\u00e8ge Social\" srcset=\"https:\/\/desjoyauxnb.ca\/wp-content\/uploads\/2020\/02\/actu-chiffres-record-2019-m.jpg 750w, https:\/\/desjoyauxnb.ca\/wp-content\/uploads\/2020\/02\/actu-chiffres-record-2019-m-172x300.jpg 172w, https:\/\/desjoyauxnb.ca\/wp-content\/uploads\/2020\/02\/actu-chiffres-record-2019-m-586x1024.jpg 586w\" sizes=\"(max-width: 750px) 100vw, 750px\" \/><img decoding=\"async\" width=\"1920\" height=\"730\" src=\"https:\/\/desjoyauxnb.ca\/wp-content\/uploads\/2020\/02\/actu-chiffres-record-2019.jpg\" class=\"picture-desktop\" alt=\"actu-chiffres-record-2019\" srcset=\"https:\/\/desjoyauxnb.ca\/wp-content\/uploads\/2020\/02\/actu-chiffres-record-2019.jpg 1920w, https:\/\/desjoyauxnb.ca\/wp-content\/uploads\/2020\/02\/actu-chiffres-record-2019-300x114.jpg 300w, https:\/\/desjoyauxnb.ca\/wp-content\/uploads\/2020\/02\/actu-chiffres-record-2019-1024x389.jpg 1024w, https:\/\/desjoyauxnb.ca\/wp-content\/uploads\/2020\/02\/actu-chiffres-record-2019-768x292.jpg 768w, https:\/\/desjoyauxnb.ca\/wp-content\/uploads\/2020\/02\/actu-chiffres-record-2019-1023x389.jpg 1023w\" sizes=\"(max-width: 1920px) 100vw, 1920px\" \/>                <\/div>\n                        <\/div>\n        <\/div>\n            <div class=\"slide\">\n                        <div class=\"list-item \" style=\"background-color: #80D2CC;\">\n                <h3>Desjoyaux : Un succ\u00e8s familial et mondial de la piscine pour tous<\/h3>\n                <p>De la mine \u00e0 leader mondial des piscines enterr\u00e9es, c&rsquo;est le dr\u00f4le destin de la famille Desjoyaux. Partie de rien mais riche de valeurs m\u00ealant humilit\u00e9 et audace, l&rsquo;entreprise a su d\u00e9mocratiser la piscine.<\/p>\n                <a class=\"cta white\" href=\"https:\/\/desjoyauxnb.ca\/fr\/desjoyaux-un-succes-famillial-et-mondial\/\" >Je lis l&rsquo;article<\/a>\n                <div class=\"illustration\"><\/div>\n            <\/div>\n            <div class=\"carousel-pictures blue\">\n                            <div class=\"slide\">\n                    <img decoding=\"async\" width=\"750\" height=\"1310\" src=\"https:\/\/desjoyauxnb.ca\/wp-content\/uploads\/2023\/12\/siege-3-mobile.jpg\" class=\"picture-mobile\" alt=\"Siege-3-mobile\" srcset=\"https:\/\/desjoyauxnb.ca\/wp-content\/uploads\/2023\/12\/siege-3-mobile.jpg 750w, https:\/\/desjoyauxnb.ca\/wp-content\/uploads\/2023\/12\/siege-3-mobile-172x300.jpg 172w, https:\/\/desjoyauxnb.ca\/wp-content\/uploads\/2023\/12\/siege-3-mobile-586x1024.jpg 586w\" sizes=\"(max-width: 750px) 100vw, 750px\" \/><img decoding=\"async\" width=\"1920\" height=\"1026\" src=\"https:\/\/desjoyauxnb.ca\/wp-content\/uploads\/2023\/12\/siege-3-desktop.jpg\" class=\"picture-desktop\" alt=\"Image du si\u00e8ge de Desjoyaux Piscines\" srcset=\"https:\/\/desjoyauxnb.ca\/wp-content\/uploads\/2023\/12\/siege-3-desktop.jpg 1920w, https:\/\/desjoyauxnb.ca\/wp-content\/uploads\/2023\/12\/siege-3-desktop-300x160.jpg 300w, https:\/\/desjoyauxnb.ca\/wp-content\/uploads\/2023\/12\/siege-3-desktop-1024x547.jpg 1024w, https:\/\/desjoyauxnb.ca\/wp-content\/uploads\/2023\/12\/siege-3-desktop-768x410.jpg 768w, https:\/\/desjoyauxnb.ca\/wp-content\/uploads\/2023\/12\/siege-3-desktop-1023x547.jpg 1023w\" sizes=\"(max-width: 1920px) 100vw, 1920px\" \/>                <\/div>\n                        <\/div>\n        <\/div>\n        <\/div>\n            <div class=\"pagination\">\n            <ul>\n                                                    <li><a href=\"https:\/\/desjoyauxnb.ca\/fr\/actualites\/?query=&#038;pa=1\" class=\"active\">1<\/a><\/li>\n                                    <li><a href=\"https:\/\/desjoyauxnb.ca\/fr\/actualites\/?query=&#038;pa=2\" class=\"\">2<\/a><\/li>\n                                    <li><a href=\"https:\/\/desjoyauxnb.ca\/fr\/actualites\/?query=&#038;pa=3\" class=\"\">3<\/a><\/li>\n                                    <li><a href=\"https:\/\/desjoyauxnb.ca\/fr\/actualites\/?query=&#038;pa=4\" class=\"\">4<\/a><\/li>\n                                                    <li><a href=\"https:\/\/desjoyauxnb.ca\/fr\/actualites\/?query=&#038;pa=2\">><\/a><\/li>\n                            <\/ul>\n        <\/div>\n        \n<\/div>\n<!-- END LISTE -->\n    <\/section>\n<!-- END LISTE DES ACTUALITES -->","protected":false},"excerpt":{"rendered":"","protected":false},"author":10,"featured_media":0,"parent":0,"menu_order":0,"comment_status":"closed","ping_status":"closed","template":"","meta":{"_acf_changed":false,"footnotes":""},"class_list":["post-751","page","type-page","status-publish","hentry"],"acf":[],"yoast_head":"<!-- This site is optimized with the Yoast SEO Premium plugin v27.4 (Yoast SEO v27.4) - https:\/\/yoast.com\/product\/yoast-seo-premium-wordpress\/ -->\n<title>Actualit\u00e9s | Piscines Desjoyaux<\/title>\n<meta name=\"description\" content=\"D\u00e9couvrez toutes les actualit\u00e9s des Piscines Desjoyaux et suivez les projets men\u00e9s par Desjoyaux !\" \/>\n<meta name=\"robots\" content=\"index, follow, max-snippet:-1, max-image-preview:large, max-video-preview:-1\" \/>\n<link rel=\"canonical\" href=\"https:\/\/desjoyauxnb.ca\/famille-desjoyaux\/actualites\/?lang=fr\" \/>\n<meta property=\"og:locale\" content=\"fr_FR\" \/>\n<meta property=\"og:type\" content=\"article\" \/>\n<meta property=\"og:title\" content=\"Actualit\u00e9s\" \/>\n<meta property=\"og:description\" content=\"D\u00e9couvrez toutes les actualit\u00e9s des Piscines Desjoyaux et suivez les projets men\u00e9s par Desjoyaux !\" \/>\n<meta property=\"og:url\" content=\"https:\/\/desjoyauxnb.ca\/famille-desjoyaux\/actualites\/?lang=fr\" \/>\n<meta property=\"og:site_name\" content=\"Piscines Desjoyaux\" \/>\n<meta property=\"article:publisher\" content=\"https:\/\/www.facebook.com\/desjoyauxnb\/\" \/>\n<meta property=\"article:modified_time\" content=\"2020-12-14T14:50:51+00:00\" \/>\n<meta property=\"og:image\" content=\"https:\/\/desjoyauxnb.ca\/wp-content\/uploads\/2020\/11\/piscines-desjoyaux-logo-en.png\" \/>\n\t<meta property=\"og:image:width\" content=\"220\" \/>\n\t<meta property=\"og:image:height\" content=\"110\" \/>\n\t<meta property=\"og:image:type\" content=\"image\/png\" \/>\n<meta name=\"twitter:card\" content=\"summary_large_image\" \/>\n<meta name=\"twitter:site\" content=\"@Desjoyaux_pools\" \/>\n<!-- \/ Yoast SEO Premium plugin. -->","yoast_head_json":{"title":"Actualit\u00e9s | Piscines Desjoyaux","description":"D\u00e9couvrez toutes les actualit\u00e9s des Piscines Desjoyaux et suivez les projets men\u00e9s par Desjoyaux !","robots":{"index":"index","follow":"follow","max-snippet":"max-snippet:-1","max-image-preview":"max-image-preview:large","max-video-preview":"max-video-preview:-1"},"canonical":"https:\/\/desjoyauxnb.ca\/famille-desjoyaux\/actualites\/?lang=fr","og_locale":"fr_FR","og_type":"article","og_title":"Actualit\u00e9s","og_description":"D\u00e9couvrez toutes les actualit\u00e9s des Piscines Desjoyaux et suivez les projets men\u00e9s par Desjoyaux !","og_url":"https:\/\/desjoyauxnb.ca\/famille-desjoyaux\/actualites\/?lang=fr","og_site_name":"Piscines Desjoyaux","article_publisher":"https:\/\/www.facebook.com\/desjoyauxnb\/","article_modified_time":"2020-12-14T14:50:51+00:00","og_image":[{"width":220,"height":110,"url":"https:\/\/desjoyauxnb.ca\/wp-content\/uploads\/2020\/11\/piscines-desjoyaux-logo-en.png","type":"image\/png"}],"twitter_card":"summary_large_image","twitter_site":"@Desjoyaux_pools","schema":{"@context":"https:\/\/schema.org","@graph":[{"@type":"WebPage","@id":"https:\/\/desjoyauxnb.ca\/famille-desjoyaux\/actualites\/?lang=fr","url":"https:\/\/desjoyauxnb.ca\/famille-desjoyaux\/actualites\/?lang=fr","name":"Actualit\u00e9s | Piscines Desjoyaux","isPartOf":{"@id":"https:\/\/desjoyauxnb.ca\/#website"},"datePublished":"2019-12-20T13:52:04+00:00","dateModified":"2020-12-14T14:50:51+00:00","description":"D\u00e9couvrez toutes les actualit\u00e9s des Piscines Desjoyaux et suivez les projets men\u00e9s par Desjoyaux !","breadcrumb":{"@id":"https:\/\/desjoyauxnb.ca\/famille-desjoyaux\/actualites\/?lang=fr#breadcrumb"},"inLanguage":"fr-FR","potentialAction":[{"@type":"ReadAction","target":["https:\/\/desjoyauxnb.ca\/famille-desjoyaux\/actualites\/?lang=fr"]}]},{"@type":"BreadcrumbList","@id":"https:\/\/desjoyauxnb.ca\/famille-desjoyaux\/actualites\/?lang=fr#breadcrumb","itemListElement":[{"@type":"ListItem","position":1,"name":"Home","item":"https:\/\/desjoyauxnb.ca\/?lang=fr"},{"@type":"ListItem","position":2,"name":"Actualit\u00e9s"}]},{"@type":"WebSite","@id":"https:\/\/desjoyauxnb.ca\/#website","url":"https:\/\/desjoyauxnb.ca\/","name":"Desjoyaux Pool NB","description":"Quality Pools for New Brunswick Families","publisher":{"@id":"https:\/\/desjoyauxnb.ca\/#organization"},"alternateName":"Piscines Desjoyaux","potentialAction":[{"@type":"SearchAction","target":{"@type":"EntryPoint","urlTemplate":"https:\/\/desjoyauxnb.ca\/?s={search_term_string}"},"query-input":{"@type":"PropertyValueSpecification","valueRequired":true,"valueName":"search_term_string"}}],"inLanguage":"fr-FR"},{"@type":"Organization","@id":"https:\/\/desjoyauxnb.ca\/#organization","name":"Piscines Desjoyaux","alternateName":"Desjoyaux Pool NB","url":"https:\/\/desjoyauxnb.ca\/","logo":{"@type":"ImageObject","inLanguage":"fr-FR","@id":"https:\/\/desjoyauxnb.ca\/#\/schema\/logo\/image\/","url":"https:\/\/desjoyauxnb.ca\/wp-content\/uploads\/2020\/11\/logo-en.jpg","contentUrl":"https:\/\/desjoyauxnb.ca\/wp-content\/uploads\/2020\/11\/logo-en.jpg","width":224,"height":117,"caption":"Piscines Desjoyaux"},"image":{"@id":"https:\/\/desjoyauxnb.ca\/#\/schema\/logo\/image\/"},"sameAs":["https:\/\/www.facebook.com\/desjoyauxnb\/","https:\/\/x.com\/Desjoyaux_pools","https:\/\/www.instagram.com\/desjoyauxnb\/","https:\/\/fr.linkedin.com\/company\/desjoyaux-pools","https:\/\/www.youtube.com\/user\/desjoyauxpools","https:\/\/fr.wikipedia.org\/wiki\/Piscines_Desjoyaux"],"description":"Desjoyaux is a French company that designs, manufactures, and installs swimming pools, with a focus on custom, environmentally friendly, and family-friendly designs, and has been in business since 1966.","email":"info@desjoyaux.nb","telephone":"506-800-1022","legalName":"Desjoyaux Pool NB","numberOfEmployees":{"@type":"QuantitativeValue","minValue":"1","maxValue":"10"}}]}},"_links":{"self":[{"href":"https:\/\/desjoyauxnb.ca\/fr\/wp-json\/wp\/v2\/pages\/751","targetHints":{"allow":["GET"]}}],"collection":[{"href":"https:\/\/desjoyauxnb.ca\/fr\/wp-json\/wp\/v2\/pages"}],"about":[{"href":"https:\/\/desjoyauxnb.ca\/fr\/wp-json\/wp\/v2\/types\/page"}],"author":[{"embeddable":true,"href":"https:\/\/desjoyauxnb.ca\/fr\/wp-json\/wp\/v2\/users\/10"}],"replies":[{"embeddable":true,"href":"https:\/\/desjoyauxnb.ca\/fr\/wp-json\/wp\/v2\/comments?post=751"}],"version-history":[{"count":1,"href":"https:\/\/desjoyauxnb.ca\/fr\/wp-json\/wp\/v2\/pages\/751\/revisions"}],"predecessor-version":[{"id":86297,"href":"https:\/\/desjoyauxnb.ca\/fr\/wp-json\/wp\/v2\/pages\/751\/revisions\/86297"}],"wp:attachment":[{"href":"https:\/\/desjoyauxnb.ca\/fr\/wp-json\/wp\/v2\/media?parent=751"}],"curies":[{"name":"wp","href":"https:\/\/api.w.org\/{rel}","templated":true}]}}