{"id":680,"date":"2019-12-19T13:27:21","date_gmt":"2019-12-19T12:27:21","guid":{"rendered":"https:\/\/www.desjoyaux.fr\/?page_id=680\/"},"modified":"2024-09-12T11:42:41","modified_gmt":"2024-09-12T09:42:41","slug":"demande-de-catalogue","status":"publish","type":"page","link":"https:\/\/desjoyauxnb.ca\/fr\/demande-de-catalogue\/","title":{"rendered":"Demande de catalogue"},"content":{"rendered":"<!-- EN-T\u00caTE SIMPLE -->\n<section class=\"header-simple\">\n        <a href=\"https:\/\/desjoyauxnb.ca\/fr\/\" class=\"logo\">\n        <img decoding=\"async\" width=\"224\" height=\"117\" src=\"https:\/\/desjoyauxnb.ca\/wp-content\/uploads\/2020\/02\/logo.png\" class=\"picture-mobile\" alt=\"logo\" \/><img decoding=\"async\" width=\"160\" height=\"80\" src=\"https:\/\/desjoyauxnb.ca\/wp-content\/uploads\/2019\/12\/logo.png\" class=\"picture-desktop\" alt=\"logo\" \/>    <\/a>\n\n    <div class=\"banner\">\n        <div class=\"half-circle\"><\/div>\n        <div class=\"title\">\n                            <h1>Feuilletez<br\/><strong>nos catalogues<\/strong><\/h1>\n                    <\/div>\n    <\/div>\n\n    <!-- BREADCRUMB -->\n        <div class=\"breadcrumb\">\n                \n            \n        \n            \n                <a href=\"https:\/\/desjoyauxnb.ca\/fr\/\">Accueil<\/a> \/ <a href=\"https:\/\/desjoyauxnb.ca\/fr\/demande-de-catalogue\/\">Demande de catalogue<\/a>    <\/div>\n        <!-- END BREADCRUMB -->\n<\/section>\n<!-- END EN-T\u00caTE SIMPLE -->\n\n\n<div class=\"wrap-catalogues\" style=\"margin: 0 auto -8px;\">\n  <div class=\"catalogue cat-piscine\">\n    <div class=\"img cat-img-piscine\">\n      <img decoding=\"async\" src=\"\/wp-content\/uploads\/2022\/09\/catalogue-piscine.png\">\n    <\/div>\n    <div class=\"cat-txt cat-txt-piscine\">\n      Le catalogue Piscine Desjoyaux est l\u00e0 ! Inspirez vous avec tous nos conseils et de multiples id\u00e9es d&rsquo;inspirations.\n    <\/div>\n    <div class=\"cat-btn-piscine\">\n      <a class=\"cat-btn cat-btn-vue\" href=\"https:\/\/www.desjoyaux.fr\/wp-content\/uploads\/2024\/catalogues\/Catalogue-Piscines-Desjoyaux\" target=\"_blank\" rel=\"noopener\">Je feuillette en ligne<\/a>\n      <a class=\"cat-btn cat-btn-dl\" href=\"\/wp-content\/uploads\/2023\/catalogue\/Catalogue-Piscine-Desjoyaux-2023.pdf\">Je le t\u00e9l\u00e9charge<\/a>\n    <\/div>\n  <\/div>\n  <div class=\"catalogue cat-equipement\">\n    <div class=\"img cat-img-equipement\">\n      <img decoding=\"async\" src=\"\/wp-content\/uploads\/2022\/09\/catalogue-equipement.png\">\n    <\/div>\n    <div class=\"cat-txt cat-txt-equipement\">\n      Le catalogue \u00c9quipement Desjoyaux est l\u00e0 lui aussi ! Compl\u00e9tez toutes vos inspirations avec des \u00e9quipements Desjoyaux. <span id=\"cadeau\" c-id=\"QpOcX4wyvU\"><\/span>\n    <\/div>\n    <div class=\"cat-btn-equipement\">\n      <a class=\"cat-btn cat-btn-vue\" href=\"https:\/\/www.desjoyaux.fr\/wp-content\/uploads\/2024\/catalogues\/Catalogue-Equipement-Desjoyaux\" target=\"_blank\" rel=\"noopener\">Je feuillette en ligne<\/a>\n      <a class=\"cat-btn cat-btn-dl\" href=\"\/wp-content\/uploads\/2024\/catalogues\/Catalogue-Piscine-Desjoyaux-2024-Equipements.pdf\">Je le t\u00e9l\u00e9charge<\/a>\n    <\/div>\n  <\/div>\n<\/div>\n<div class=\"mordus2papier\">\n  <div class=\"mordu-content\">\n    Et pour tous les mordus de papier, n&rsquo;attendez plus et trouvez le magasin Desjoyaux le plus proche de chez vous.\n  <\/div>\n  <div class=\"mordu-link\">\n    <a href=\"\/boutiques-desjoyaux\/\">O\u00f9 est-il ?<\/a>\n  <\/div>\n  <div class=\"wave-svg-shape\">\n    <svg id=\"_738255fe-a9fa-4a5e-963a-8e97f59370ad\" class=\"wave-svg\" data-name=\"738255fe-a9fa-4a5e-963a-8e97f59370ad\" xmlns=\"http:\/\/www.w3.org\/2000\/svg\" viewBox=\"0 0 1199.16 215.45\">\n      <path d=\"M562.16.43c-17-1-27.33-.33-40.5,2.67s-24.58,11.84-40.46,15c-13.56,2.69-31.27,2.9-46.2,1.35-17.7-1.83-35-9.06-35-9.06s-20.84-9-37.84-10S334.83.1,321.66,3.1s-24.58,11.84-40.46,15c-13.56,2.69-31.27,2.9-46.2,1.35-17.7-1.83-35-9.06-35-9.06s-20.84-9-37.84-10S134.83.1,121.66,3.1,97.08,14.94,81.2,18.1C67.64,20.79,49.93,21,35,19.45,17.3,17.62,0,10.39,0,10.39V215.45H600V10.36S579.16,1.43,562.16.43Z\"><\/path>\n      <path d=\"M1161.32.43c-17-1-27.33-.33-40.5,2.67s-24.58,11.84-40.46,15c-13.56,2.69-31.27,2.9-46.2,1.35-17.7-1.83-35-9.06-35-9.06s-20.84-9-37.84-10S934,.1,920.82,3.1s-24.58,11.84-40.46,15c-13.56,2.69-31.27,2.9-46.2,1.35-17.7-1.83-35-9.06-35-9.06s-20.84-9-37.84-10S734,.1,720.82,3.1s-24.58,11.84-40.46,15c-13.56,2.69-31.27,2.9-46.2,1.35-17.7-1.83-35-9.06-35-9.06V215.45h600V10.36S1178.32,1.43,1161.32.43Z\"><\/path>\n    <\/svg>\n  <\/div>\n<\/div>\n\n\n\n\n<!-- SLIDESHOW ACTUALIT\u00c9S -->\n    <section class=\"news\">\n        <div class=\"banner\">\n            <div class=\"half-circle\"><\/div>\n            <div class=\"title\">\n                <h2>Les<br\/><strong>actualit\u00e9s<\/strong><\/h2>\n            <\/div>\n        <\/div>\n        <div class=\"carousel\">\n                                                            <div class=\"slide\">\n                    <div class=\"picture\">\n                        <img decoding=\"async\" width=\"750\" height=\"1310\" src=\"https:\/\/desjoyauxnb.ca\/wp-content\/uploads\/2022\/03\/actu-mobile-po-sept-22.jpg\" class=\"picture-mobile\" alt=\"ACTU MOBILE PO SEPT 22\" srcset=\"https:\/\/desjoyauxnb.ca\/wp-content\/uploads\/2022\/03\/actu-mobile-po-sept-22.jpg 750w, https:\/\/desjoyauxnb.ca\/wp-content\/uploads\/2022\/03\/actu-mobile-po-sept-22-172x300.jpg 172w, https:\/\/desjoyauxnb.ca\/wp-content\/uploads\/2022\/03\/actu-mobile-po-sept-22-586x1024.jpg 586w\" sizes=\"(max-width: 750px) 100vw, 750px\" \/><img decoding=\"async\" width=\"1920\" height=\"1026\" src=\"https:\/\/desjoyauxnb.ca\/wp-content\/uploads\/2022\/03\/actu-po-sept-22.jpg\" class=\"picture-desktop\" alt=\"ACTU PO SEPT 22\" srcset=\"https:\/\/desjoyauxnb.ca\/wp-content\/uploads\/2022\/03\/actu-po-sept-22.jpg 1920w, https:\/\/desjoyauxnb.ca\/wp-content\/uploads\/2022\/03\/actu-po-sept-22-300x160.jpg 300w, https:\/\/desjoyauxnb.ca\/wp-content\/uploads\/2022\/03\/actu-po-sept-22-1024x547.jpg 1024w, https:\/\/desjoyauxnb.ca\/wp-content\/uploads\/2022\/03\/actu-po-sept-22-768x410.jpg 768w, https:\/\/desjoyauxnb.ca\/wp-content\/uploads\/2022\/03\/actu-po-sept-22-1023x547.jpg 1023w\" sizes=\"(max-width: 1920px) 100vw, 1920px\" \/>                    <\/div>\n                    <div class=\"filter\" style=\"background-color: #56BBBE;\"><\/div>\n                    <div class=\"content\">\n                        <p>&nbsp; <o:p><\/o:p> &nbsp;<\/p>\n                        <a class=\"cta white\" href=\"https:\/\/desjoyauxnb.ca\/fr\/jours-j-2022\/\">Je lis l&rsquo;article<\/a>\n                    <\/div>\n                <\/div>\n                    <\/div>\n    <\/section>\n<!-- END SLIDESHOW ACTUALIT\u00c9S -->","protected":false},"excerpt":{"rendered":"<p>Le catalogue Piscine Desjoyaux est l\u00e0 ! Inspirez vous avec tous nos conseils et de multiples id\u00e9es d&rsquo;inspirations. Je feuillette en ligne Je le t\u00e9l\u00e9charge Le catalogue \u00c9quipement Desjoyaux est l\u00e0 lui aussi ! Compl\u00e9tez toutes vos inspirations avec des \u00e9quipements Desjoyaux. Je feuillette en ligne Je le t\u00e9l\u00e9charge Et pour tous les mordus de [&hellip;]<\/p>\n","protected":false},"author":10,"featured_media":0,"parent":0,"menu_order":0,"comment_status":"closed","ping_status":"closed","template":"","meta":{"_acf_changed":false,"footnotes":""},"class_list":["post-680","page","type-page","status-publish","hentry"],"acf":[],"yoast_head":"<!-- This site is optimized with the Yoast SEO Premium plugin v27.4 (Yoast SEO v27.4) - https:\/\/yoast.com\/product\/yoast-seo-premium-wordpress\/ -->\n<title>Demande de Catalogue | Piscines Desjoyaux<\/title>\n<meta name=\"description\" content=\"Feuillettez en ligne ou recevez chez vous le dernier catalogue Desjoyaux !\" \/>\n<meta name=\"robots\" content=\"index, follow, max-snippet:-1, max-image-preview:large, max-video-preview:-1\" \/>\n<link rel=\"canonical\" href=\"https:\/\/desjoyauxnb.ca\/demande-de-catalogue\/?lang=fr\" \/>\n<meta property=\"og:locale\" content=\"fr_FR\" \/>\n<meta property=\"og:type\" content=\"article\" \/>\n<meta property=\"og:title\" content=\"Demande de catalogue\" \/>\n<meta property=\"og:description\" content=\"Feuillettez en ligne ou recevez chez vous le dernier catalogue Desjoyaux !\" \/>\n<meta property=\"og:url\" content=\"https:\/\/desjoyauxnb.ca\/demande-de-catalogue\/?lang=fr\" \/>\n<meta property=\"og:site_name\" content=\"Piscines Desjoyaux\" \/>\n<meta property=\"article:publisher\" content=\"https:\/\/www.facebook.com\/desjoyauxnb\/\" \/>\n<meta property=\"article:modified_time\" content=\"2024-09-12T09:42:41+00:00\" \/>\n<meta property=\"og:image\" content=\"https:\/\/desjoyauxnb.ca\/wp-content\/uploads\/2020\/11\/piscines-desjoyaux-logo-en.png\" \/>\n\t<meta property=\"og:image:width\" content=\"220\" \/>\n\t<meta property=\"og:image:height\" content=\"110\" \/>\n\t<meta property=\"og:image:type\" content=\"image\/png\" \/>\n<meta name=\"twitter:card\" content=\"summary_large_image\" \/>\n<meta name=\"twitter:site\" content=\"@Desjoyaux_pools\" \/>\n<meta name=\"twitter:label1\" content=\"Dur\u00e9e de lecture estim\u00e9e\" \/>\n\t<meta name=\"twitter:data1\" content=\"1 minute\" \/>\n<!-- \/ Yoast SEO Premium plugin. -->","yoast_head_json":{"title":"Demande de Catalogue | Piscines Desjoyaux","description":"Feuillettez en ligne ou recevez chez vous le dernier catalogue Desjoyaux !","robots":{"index":"index","follow":"follow","max-snippet":"max-snippet:-1","max-image-preview":"max-image-preview:large","max-video-preview":"max-video-preview:-1"},"canonical":"https:\/\/desjoyauxnb.ca\/demande-de-catalogue\/?lang=fr","og_locale":"fr_FR","og_type":"article","og_title":"Demande de catalogue","og_description":"Feuillettez en ligne ou recevez chez vous le dernier catalogue Desjoyaux !","og_url":"https:\/\/desjoyauxnb.ca\/demande-de-catalogue\/?lang=fr","og_site_name":"Piscines Desjoyaux","article_publisher":"https:\/\/www.facebook.com\/desjoyauxnb\/","article_modified_time":"2024-09-12T09:42:41+00:00","og_image":[{"width":220,"height":110,"url":"https:\/\/desjoyauxnb.ca\/wp-content\/uploads\/2020\/11\/piscines-desjoyaux-logo-en.png","type":"image\/png"}],"twitter_card":"summary_large_image","twitter_site":"@Desjoyaux_pools","twitter_misc":{"Dur\u00e9e de lecture estim\u00e9e":"1 minute"},"schema":{"@context":"https:\/\/schema.org","@graph":[{"@type":"WebPage","@id":"https:\/\/desjoyauxnb.ca\/demande-de-catalogue\/?lang=fr","url":"https:\/\/desjoyauxnb.ca\/demande-de-catalogue\/?lang=fr","name":"Demande de Catalogue | Piscines Desjoyaux","isPartOf":{"@id":"https:\/\/desjoyauxnb.ca\/#website"},"datePublished":"2019-12-19T12:27:21+00:00","dateModified":"2024-09-12T09:42:41+00:00","description":"Feuillettez en ligne ou recevez chez vous le dernier catalogue Desjoyaux !","breadcrumb":{"@id":"https:\/\/desjoyauxnb.ca\/demande-de-catalogue\/?lang=fr#breadcrumb"},"inLanguage":"fr-FR","potentialAction":[{"@type":"ReadAction","target":["https:\/\/desjoyauxnb.ca\/demande-de-catalogue\/?lang=fr"]}]},{"@type":"BreadcrumbList","@id":"https:\/\/desjoyauxnb.ca\/demande-de-catalogue\/?lang=fr#breadcrumb","itemListElement":[{"@type":"ListItem","position":1,"name":"Home","item":"https:\/\/desjoyauxnb.ca\/?lang=fr"},{"@type":"ListItem","position":2,"name":"Demande de catalogue"}]},{"@type":"WebSite","@id":"https:\/\/desjoyauxnb.ca\/#website","url":"https:\/\/desjoyauxnb.ca\/","name":"Desjoyaux Pool NB","description":"Quality Pools for New Brunswick Families","publisher":{"@id":"https:\/\/desjoyauxnb.ca\/#organization"},"alternateName":"Piscines Desjoyaux","potentialAction":[{"@type":"SearchAction","target":{"@type":"EntryPoint","urlTemplate":"https:\/\/desjoyauxnb.ca\/?s={search_term_string}"},"query-input":{"@type":"PropertyValueSpecification","valueRequired":true,"valueName":"search_term_string"}}],"inLanguage":"fr-FR"},{"@type":"Organization","@id":"https:\/\/desjoyauxnb.ca\/#organization","name":"Piscines Desjoyaux","alternateName":"Desjoyaux Pool NB","url":"https:\/\/desjoyauxnb.ca\/","logo":{"@type":"ImageObject","inLanguage":"fr-FR","@id":"https:\/\/desjoyauxnb.ca\/#\/schema\/logo\/image\/","url":"https:\/\/desjoyauxnb.ca\/wp-content\/uploads\/2020\/11\/logo-en.jpg","contentUrl":"https:\/\/desjoyauxnb.ca\/wp-content\/uploads\/2020\/11\/logo-en.jpg","width":224,"height":117,"caption":"Piscines Desjoyaux"},"image":{"@id":"https:\/\/desjoyauxnb.ca\/#\/schema\/logo\/image\/"},"sameAs":["https:\/\/www.facebook.com\/desjoyauxnb\/","https:\/\/x.com\/Desjoyaux_pools","https:\/\/www.instagram.com\/desjoyauxnb\/","https:\/\/fr.linkedin.com\/company\/desjoyaux-pools","https:\/\/www.youtube.com\/user\/desjoyauxpools","https:\/\/fr.wikipedia.org\/wiki\/Piscines_Desjoyaux"],"description":"Desjoyaux is a French company that designs, manufactures, and installs swimming pools, with a focus on custom, environmentally friendly, and family-friendly designs, and has been in business since 1966.","email":"info@desjoyaux.nb","telephone":"506-800-1022","legalName":"Desjoyaux Pool NB","numberOfEmployees":{"@type":"QuantitativeValue","minValue":"1","maxValue":"10"}}]}},"_links":{"self":[{"href":"https:\/\/desjoyauxnb.ca\/fr\/wp-json\/wp\/v2\/pages\/680","targetHints":{"allow":["GET"]}}],"collection":[{"href":"https:\/\/desjoyauxnb.ca\/fr\/wp-json\/wp\/v2\/pages"}],"about":[{"href":"https:\/\/desjoyauxnb.ca\/fr\/wp-json\/wp\/v2\/types\/page"}],"author":[{"embeddable":true,"href":"https:\/\/desjoyauxnb.ca\/fr\/wp-json\/wp\/v2\/users\/10"}],"replies":[{"embeddable":true,"href":"https:\/\/desjoyauxnb.ca\/fr\/wp-json\/wp\/v2\/comments?post=680"}],"version-history":[{"count":2,"href":"https:\/\/desjoyauxnb.ca\/fr\/wp-json\/wp\/v2\/pages\/680\/revisions"}],"predecessor-version":[{"id":87155,"href":"https:\/\/desjoyauxnb.ca\/fr\/wp-json\/wp\/v2\/pages\/680\/revisions\/87155"}],"wp:attachment":[{"href":"https:\/\/desjoyauxnb.ca\/fr\/wp-json\/wp\/v2\/media?parent=680"}],"curies":[{"name":"wp","href":"https:\/\/api.w.org\/{rel}","templated":true}]}}