{"id":630,"date":"2019-12-19T09:21:42","date_gmt":"2019-12-19T08:21:42","guid":{"rendered":"https:\/\/www.desjoyaux.fr\/?page_id=630\/"},"modified":"2022-12-22T17:19:38","modified_gmt":"2022-12-22T16:19:38","slug":"faq","status":"publish","type":"page","link":"https:\/\/desjoyauxnb.ca\/fr\/faq\/","title":{"rendered":"FAQ"},"content":{"rendered":"<!-- EN-T\u00caTE SIMPLE -->\n<section class=\"header-simple\">\n        <a href=\"https:\/\/desjoyauxnb.ca\/fr\/\" class=\"logo\">\n        <img decoding=\"async\" width=\"224\" height=\"117\" src=\"https:\/\/desjoyauxnb.ca\/wp-content\/uploads\/2020\/02\/logo.png\" class=\"picture-mobile\" alt=\"logo\" \/><img decoding=\"async\" width=\"160\" height=\"80\" src=\"https:\/\/desjoyauxnb.ca\/wp-content\/uploads\/2019\/12\/logo.png\" class=\"picture-desktop\" alt=\"logo\" \/>    <\/a>\n\n    <div class=\"banner\">\n        <div class=\"half-circle\"><\/div>\n        <div class=\"title\">\n                            <h1><strong>FAQ<\/strong><br\/>Trouvez toutes les r\u00e9ponses<br\/>\u00e0 vos questions<\/h1>\n                    <\/div>\n    <\/div>\n\n    <!-- BREADCRUMB -->\n        <div class=\"breadcrumb\">\n                \n            \n        \n            \n                <a href=\"https:\/\/desjoyauxnb.ca\/fr\/\">Accueil<\/a> \/ <a href=\"https:\/\/desjoyauxnb.ca\/fr\/faq\/\">FAQ<\/a>    <\/div>\n        <!-- END BREADCRUMB -->\n<\/section>\n<!-- END EN-T\u00caTE SIMPLE -->\n\n\n<span id=\"cadeau\" class=\"left-gift\" c-id=\"XPq1B9VHiL\"><\/span>\n\n\n<!-- LISTE DES QUESTIONS FAQ -->\n<section class=\"form faq\">\n        <form name=\"faq-list\" action=\"\" method=\"GET\">\n        <div class=\"form-row half\">\n            <div class=\"form-column\">\n                <label class=\"input-text\" for=\"query\">Recherche par mot-cl\u00e9<\/label>\n                <input type=\"text\" value=\"\" name=\"query\" id=\"query\" placeholder=\"\" required \/>\n            <\/div>\n        <\/div>\n\n        <div class=\"form-row half\">\n            <div class=\"form-column\">    \n                <input type=\"submit\" class=\"cta\" value=\"Je recherche\" disabled=\"disabled\" \/>\n            <\/div>\n        <\/div>\n    <\/form>\n    \n    \n    <h2 style=\"color: #;\">Nage \u00e0 contre-courant<\/h2>\n   \n        <h2 style=\"color: #;\">Couvertures et b\u00e2ches de piscine<\/h2>\n   \n        <h2 style=\"color: #;\">Douche solaire<\/h2>\n   \n        <h2 style=\"color: #;\">Barri\u00e8res et alarmes<\/h2>\n   \n        <h2 style=\"color: #;\">Abris piscine<\/h2>\n   \n        <h2 style=\"color: #;\">G\u00e9n\u00e9ralit\u00e9s<\/h2>\n   \n        <h2 style=\"color: #;\">V\u00e9rification du PH et eau verte<\/h2>\n   \n        <h2 style=\"color: #;\">Entretien piscine : g\u00e9n\u00e9ralit\u00e9s<\/h2>\n   \n        <h2 style=\"color: #;\">Hivernage et remise en route<\/h2>\n   \n        <h2 style=\"color: #;\">Syst\u00e8me de filtration<\/h2>\n   \n        <h2 style=\"color: #;\">Traitement de l&rsquo;eau au chlore<\/h2>\n   \n        <h2 style=\"color: #6A7C9B;\">Desjoyaux<\/h2>\n   \n            <div class=\"category\">\n            <button style=\"background-color: #6A7C9B;\">Nos process<\/button>\n            \n                        <ul>\n                            <li><a style=\"color: #6A7C9B;\" href=\"https:\/\/desjoyauxnb.ca\/fr\/faq_question\/quels-sont-les-materiaux-utilises-dans-les-piscines-desjoyaux\/\">Quels sont les mat\u00e9riaux utilis\u00e9s dans les piscines Desjoyaux\u00a0?<\/a><\/li>\n                            <li><a style=\"color: #6A7C9B;\" href=\"https:\/\/desjoyauxnb.ca\/fr\/faq_question\/les-piscines-sont-elles-concues-pour-etre-recyclables-en-fin-de-vie\/\">Les piscines Desjoyaux sont elles con\u00e7ues pour \u00eatre recyclables en fin de vie ? &nbsp;<\/a><\/li>\n                        <\/ul>\n        <\/div>\n        <h2 style=\"color: #;\">Parrainage<\/h2>\n   \n        <h2 style=\"color: #DBA4A9;\">Projecteur<\/h2>\n   \n        <h2 style=\"color: #;\">Calculer le volume d&rsquo;eau<\/h2>\n   \n        <h2 style=\"color: #;\">Les basiques de la construction<\/h2>\n   \n        <h2 style=\"color: #;\">Installer une piscine Desjoyaux<\/h2>\n   \n        <h2 style=\"color: #;\">Chauffage de l&rsquo;eau<\/h2>\n   \n        <h2 style=\"color: #;\">Liner<\/h2>\n   \n        <h2 style=\"color: #;\">Coffrage<\/h2>\n   \n        <h2 style=\"color: #;\">Margelles et dallages<\/h2>\n   \n        <h2 style=\"color: #;\">Syst\u00e8me de filtration<\/h2>\n   \n    <\/section>\n<!-- END LISTE DES QUESTIONS FAQ -->","protected":false},"excerpt":{"rendered":"","protected":false},"author":10,"featured_media":0,"parent":0,"menu_order":0,"comment_status":"closed","ping_status":"closed","template":"","meta":{"_acf_changed":false,"footnotes":""},"class_list":["post-630","page","type-page","status-publish","hentry"],"acf":[],"yoast_head":"<!-- This site is optimized with the Yoast SEO Premium plugin v27.4 (Yoast SEO v27.4) - https:\/\/yoast.com\/product\/yoast-seo-premium-wordpress\/ -->\n<title>FAQ | Piscines Desjoyaux<\/title>\n<meta name=\"description\" content=\"Trouvez les r\u00e9ponses \u00e0 toutes vos questions sur la construction, l&#039;\u00e9quipement et l&#039;entretien de votre piscine Desjoyaux.\" \/>\n<meta name=\"robots\" content=\"index, follow, max-snippet:-1, max-image-preview:large, max-video-preview:-1\" \/>\n<link rel=\"canonical\" href=\"https:\/\/desjoyauxnb.ca\/faq\/?lang=fr\" \/>\n<meta property=\"og:locale\" content=\"fr_FR\" \/>\n<meta property=\"og:type\" content=\"article\" \/>\n<meta property=\"og:title\" content=\"FAQ\" \/>\n<meta property=\"og:description\" content=\"Trouvez les r\u00e9ponses \u00e0 toutes vos questions sur la construction, l&#039;\u00e9quipement et l&#039;entretien de votre piscine Desjoyaux.\" \/>\n<meta property=\"og:url\" content=\"https:\/\/desjoyauxnb.ca\/faq\/?lang=fr\" \/>\n<meta property=\"og:site_name\" content=\"Piscines Desjoyaux\" \/>\n<meta property=\"article:publisher\" content=\"https:\/\/www.facebook.com\/desjoyauxnb\/\" \/>\n<meta property=\"article:modified_time\" content=\"2022-12-22T16:19:38+00:00\" \/>\n<meta property=\"og:image\" content=\"https:\/\/desjoyauxnb.ca\/wp-content\/uploads\/2020\/11\/piscines-desjoyaux-logo-en.png\" \/>\n\t<meta property=\"og:image:width\" content=\"220\" \/>\n\t<meta property=\"og:image:height\" content=\"110\" \/>\n\t<meta property=\"og:image:type\" content=\"image\/png\" \/>\n<meta name=\"twitter:card\" content=\"summary_large_image\" \/>\n<meta name=\"twitter:site\" content=\"@Desjoyaux_pools\" \/>\n<!-- \/ Yoast SEO Premium plugin. -->","yoast_head_json":{"title":"FAQ | Piscines Desjoyaux","description":"Trouvez les r\u00e9ponses \u00e0 toutes vos questions sur la construction, l'\u00e9quipement et l'entretien de votre piscine Desjoyaux.","robots":{"index":"index","follow":"follow","max-snippet":"max-snippet:-1","max-image-preview":"max-image-preview:large","max-video-preview":"max-video-preview:-1"},"canonical":"https:\/\/desjoyauxnb.ca\/faq\/?lang=fr","og_locale":"fr_FR","og_type":"article","og_title":"FAQ","og_description":"Trouvez les r\u00e9ponses \u00e0 toutes vos questions sur la construction, l'\u00e9quipement et l'entretien de votre piscine Desjoyaux.","og_url":"https:\/\/desjoyauxnb.ca\/faq\/?lang=fr","og_site_name":"Piscines Desjoyaux","article_publisher":"https:\/\/www.facebook.com\/desjoyauxnb\/","article_modified_time":"2022-12-22T16:19:38+00:00","og_image":[{"width":220,"height":110,"url":"https:\/\/desjoyauxnb.ca\/wp-content\/uploads\/2020\/11\/piscines-desjoyaux-logo-en.png","type":"image\/png"}],"twitter_card":"summary_large_image","twitter_site":"@Desjoyaux_pools","schema":{"@context":"https:\/\/schema.org","@graph":[{"@type":"WebPage","@id":"https:\/\/desjoyauxnb.ca\/faq\/?lang=fr","url":"https:\/\/desjoyauxnb.ca\/faq\/?lang=fr","name":"FAQ | Piscines Desjoyaux","isPartOf":{"@id":"https:\/\/desjoyauxnb.ca\/#website"},"datePublished":"2019-12-19T08:21:42+00:00","dateModified":"2022-12-22T16:19:38+00:00","description":"Trouvez les r\u00e9ponses \u00e0 toutes vos questions sur la construction, l'\u00e9quipement et l'entretien de votre piscine Desjoyaux.","breadcrumb":{"@id":"https:\/\/desjoyauxnb.ca\/faq\/?lang=fr#breadcrumb"},"inLanguage":"fr-FR","potentialAction":[{"@type":"ReadAction","target":["https:\/\/desjoyauxnb.ca\/faq\/?lang=fr"]}]},{"@type":"BreadcrumbList","@id":"https:\/\/desjoyauxnb.ca\/faq\/?lang=fr#breadcrumb","itemListElement":[{"@type":"ListItem","position":1,"name":"Home","item":"https:\/\/desjoyauxnb.ca\/?lang=fr"},{"@type":"ListItem","position":2,"name":"FAQ"}]},{"@type":"WebSite","@id":"https:\/\/desjoyauxnb.ca\/#website","url":"https:\/\/desjoyauxnb.ca\/","name":"Desjoyaux Pool NB","description":"Quality Pools for New Brunswick Families","publisher":{"@id":"https:\/\/desjoyauxnb.ca\/#organization"},"alternateName":"Piscines Desjoyaux","potentialAction":[{"@type":"SearchAction","target":{"@type":"EntryPoint","urlTemplate":"https:\/\/desjoyauxnb.ca\/?s={search_term_string}"},"query-input":{"@type":"PropertyValueSpecification","valueRequired":true,"valueName":"search_term_string"}}],"inLanguage":"fr-FR"},{"@type":"Organization","@id":"https:\/\/desjoyauxnb.ca\/#organization","name":"Piscines Desjoyaux","alternateName":"Desjoyaux Pool NB","url":"https:\/\/desjoyauxnb.ca\/","logo":{"@type":"ImageObject","inLanguage":"fr-FR","@id":"https:\/\/desjoyauxnb.ca\/#\/schema\/logo\/image\/","url":"https:\/\/desjoyauxnb.ca\/wp-content\/uploads\/2020\/11\/logo-en.jpg","contentUrl":"https:\/\/desjoyauxnb.ca\/wp-content\/uploads\/2020\/11\/logo-en.jpg","width":224,"height":117,"caption":"Piscines Desjoyaux"},"image":{"@id":"https:\/\/desjoyauxnb.ca\/#\/schema\/logo\/image\/"},"sameAs":["https:\/\/www.facebook.com\/desjoyauxnb\/","https:\/\/x.com\/Desjoyaux_pools","https:\/\/www.instagram.com\/desjoyauxnb\/","https:\/\/fr.linkedin.com\/company\/desjoyaux-pools","https:\/\/www.youtube.com\/user\/desjoyauxpools","https:\/\/fr.wikipedia.org\/wiki\/Piscines_Desjoyaux"],"description":"Desjoyaux is a French company that designs, manufactures, and installs swimming pools, with a focus on custom, environmentally friendly, and family-friendly designs, and has been in business since 1966.","email":"info@desjoyaux.nb","telephone":"506-800-1022","legalName":"Desjoyaux Pool NB","numberOfEmployees":{"@type":"QuantitativeValue","minValue":"1","maxValue":"10"}}]}},"_links":{"self":[{"href":"https:\/\/desjoyauxnb.ca\/fr\/wp-json\/wp\/v2\/pages\/630","targetHints":{"allow":["GET"]}}],"collection":[{"href":"https:\/\/desjoyauxnb.ca\/fr\/wp-json\/wp\/v2\/pages"}],"about":[{"href":"https:\/\/desjoyauxnb.ca\/fr\/wp-json\/wp\/v2\/types\/page"}],"author":[{"embeddable":true,"href":"https:\/\/desjoyauxnb.ca\/fr\/wp-json\/wp\/v2\/users\/10"}],"replies":[{"embeddable":true,"href":"https:\/\/desjoyauxnb.ca\/fr\/wp-json\/wp\/v2\/comments?post=630"}],"version-history":[{"count":0,"href":"https:\/\/desjoyauxnb.ca\/fr\/wp-json\/wp\/v2\/pages\/630\/revisions"}],"wp:attachment":[{"href":"https:\/\/desjoyauxnb.ca\/fr\/wp-json\/wp\/v2\/media?parent=630"}],"curies":[{"name":"wp","href":"https:\/\/api.w.org\/{rel}","templated":true}]}}