{"id":434,"date":"2019-12-16T18:06:24","date_gmt":"2019-12-16T17:06:24","guid":{"rendered":"https:\/\/www.desjoyaux.fr\/?page_id=434\/"},"modified":"2020-03-05T09:58:47","modified_gmt":"2020-03-05T08:58:47","slug":"etude-personnalisee","status":"publish","type":"page","link":"https:\/\/desjoyauxnb.ca\/fr\/etude-personnalisee\/","title":{"rendered":"Etude personnalis\u00e9e"},"content":{"rendered":"<!-- EN-T\u00caTE SIMPLE -->\n<section class=\"header-simple\">\n        <a href=\"https:\/\/desjoyauxnb.ca\/fr\/\" class=\"logo\">\n        <img decoding=\"async\" width=\"224\" height=\"117\" src=\"https:\/\/desjoyauxnb.ca\/wp-content\/uploads\/2020\/02\/logo.png\" class=\"picture-mobile\" alt=\"logo\" \/><img decoding=\"async\" width=\"160\" height=\"80\" src=\"https:\/\/desjoyauxnb.ca\/wp-content\/uploads\/2019\/12\/logo.png\" class=\"picture-desktop\" alt=\"logo\" \/>    <\/a>\n\n    <div class=\"banner\">\n        <div class=\"half-circle\"><\/div>\n        <div class=\"title\">\n                            <h1>Contactez-nous pour recevoir une \u00e9tude <br \/><strong>personnalis\u00e9e<\/strong><\/h1>\n                    <\/div>\n    <\/div>\n\n    <!-- BREADCRUMB -->\n        <div class=\"breadcrumb\">\n                \n            \n        \n            \n                <a href=\"https:\/\/desjoyauxnb.ca\/fr\/\">Accueil<\/a> \/ <a href=\"https:\/\/desjoyauxnb.ca\/fr\/etude-personnalisee\/\">Etude personnalis\u00e9e<\/a>    <\/div>\n        <!-- END BREADCRUMB -->\n<\/section>\n<!-- END EN-T\u00caTE SIMPLE -->\n\n<!-- DESCRIPTION -->\n<section class=\"description \">\n    <p>Nos concessionnaires sont \u00e0 votre service pour r\u00e9pondre \u00e0 toutes vos questions et vous proposer une \u00e9tude personnalis\u00e9e, adapt\u00e9e \u00e0 votre projet.  Laissez-nous vos coordonn\u00e9es, le concessionnaire Desjoyaux le plus proche de chez vous vous contactera dans les meilleurs d\u00e9lais !<\/p>\n<\/section>\n<!-- END DESCRIPTION -->\n\n<!-- FORMULAIRE DEMANDE DE DEVIS -->\n        <section class=\"form quote-request-form\">\n        <form name=\"quote-request-form\" id=\"form\" action=\"#\" method=\"POST\" autocomplete=\"on\">\n            <h2>Vos coordonn\u00e9es<\/h2>\n            <input type=\"hidden\" id=\"gclid\" name=\"gclid\" value=\"\" \/>\n            <input type=\"hidden\" id=\"fbclid\" name=\"fbclid\" value=\"\" \/>\n            <input type=\"hidden\" id=\"dclid\" name=\"dclid\" value=\"\" \/>\n            <input type=\"hidden\" id=\"utm_campaign\" name=\"utm_campaign\" value=\"\" \/>\n            <input type=\"hidden\" id=\"utm_medium\" name=\"utm_medium\" value=\"\" \/>\n            <input type=\"hidden\" id=\"utm_source\" name=\"utm_source\" value=\"\" \/>\n            <input type=\"hidden\" id=\"_fbp\" name=\"_fbp\" value=\"\" \/>\n            <input type=\"hidden\" id=\"_fbc\" name=\"_fbc\" value=\"\" \/>\n            <input type=\"hidden\" id=\"c_address_quality\" name=\"c_address_quality\" value=\"60\" \/>\n            <input type=\"hidden\" id=\"c_email_quality\" name=\"c_email_quality\" value=\"XXXXX\" \/>\n            <input type=\"hidden\" id=\"locality\" name=\"locality\" value=\"\" \/>\n            <input type=\"hidden\" id=\"token\" name=\"token\" value=\"1468d2563cc838840534fbf5cd9d2740\">\n\n            <div class=\"form-row\">\n                <div class=\"form-column\">\n                    <label class=\"input-text\" for=\"firstname\">Pr\u00e9nom*<\/label>\n                    <input type=\"text\" name=\"firstname\" id=\"firstname\" placeholder=\"\" required \/>\n                <\/div>\n                <div class=\"form-column\">\n                    <label class=\"input-text\" for=\"lastname\">Nom*<\/label>\n                    <input type=\"text\" name=\"lastname\" id=\"lastname\" placeholder=\"\" required \/>\n                <\/div>\n            <\/div>\n\n            <div class=\"form-row\">\n                <div class=\"form-column\">\n                    <label class=\"input-text\" for=\"email\">E-mail*<\/label>\n                    <input type=\"email\" name=\"email\" id=\"email\" placeholder=\"\" required \/>\n                <\/div>\n                <div class=\"form-column\">\n                    <label class=\"input-text\" for=\"phone\">T\u00e9l\u00e9phone*<\/label>\n                    <input size=\"10\" maxlength=\"10\"  type=\"tel\" name=\"phone\" id=\"phone\" placeholder=\"\" required \/>\n                <\/div>\n            <\/div>\n\n            <h2>Votre projet<\/h2>\n\n            <div class=\"form-row\">\n                <div class=\"form-column select\">\n                    <label class=\"input-text\" for=\"object\">Objet de votre demande<\/label>\n                    <select name=\"object\" id=\"object\">\n                        <option value=\"\">&nbsp;<\/option>\n                        <option value=\"Pr\u00eat \u00e0 plonger\">Piscine<\/option>\n                        <option value=\"Equipement\">\u00c9quipement<\/option>\n                        <option value=\"Renovation\">R\u00e9novation<\/option>\n                                                <option value=\"Abri\">Abris<\/option>\n                        <option value=\"Autre\">Autres<\/option>\n                    <\/select>\n                <\/div>\n                <div class=\"form-column\">\n                    <label class=\"input-text\" for=\"zipcode\">Code postal*<\/label>\n                    <input size=\"5\" maxlength=\"5\" type=\"tel\" name=\"zipcode\" id=\"zipcode\" placeholder=\"\" required autocomplete=\"69ef9e47d93d1\" \/>\n                    <div class=\"suggestions\"><\/div>\n                <\/div>\n            <\/div>\n\n            <div class=\"form-row\">\n                <div class=\"form-column\">\n                    <label class=\"input-text\" for=\"city\">Ville*<\/label>\n                    <input type=\"text\" name=\"city\" id=\"city\" placeholder=\"\" required autocomplete=\"69ef9e47d93d2\" \/>\n                    <div class=\"suggestions\"><\/div>\n                <\/div>\n                <div class=\"form-column\">\n                    <label class=\"input-text\" for=\"address1\">Adresse* (Num\u00e9ro &#038; Voie)<\/label>\n                    <input type=\"text\" name=\"address1\" id=\"address1\" placeholder=\"\" required autocomplete=\"69ef9e47d93d3\" \/>\n                    <div class=\"suggestions\"><\/div>\n                <\/div>\n            <\/div>\n\n            <div class=\"form-row\">\n                <div class=\"form-column\">\n                    <label class=\"input-text\" for=\"address2\">Compl\u00e9ment d&#8217;adresse<\/label>\n                    <input type=\"text\" name=\"address2\" id=\"address2\" placeholder=\"\" autocomplete=\"69ef9e47d93d7\" \/>\n                    <div class=\"suggestions\"><\/div>\n                <\/div>\n\n                <div class=\"form-column\">\n                    <label class=\"input-text\" for=\"country\">Pays<\/label>\n                    <select name=\"country\" id=\"country\">\n\n                                                    <option value=\"FRANCE\">FRANCE<\/option>\n                        \n                    <\/select>\n                <\/div>\n\n\n\n\n            <\/div>\n\n            <h2>Votre message<\/h2>\n            <p class=\"not-mandatory\">(optionnel)<\/p>\n\n            <div class=\"form-row\">\n                <div class=\"form-column full center\">\n                    <textarea name=\"message\" id=\"message\" placeholder=\"Vous pouvez utiliser ce champ pour pr\u00e9ciser votre demande\"><\/textarea><br \/>\n                    <p class=\"legals\">*La r\u00e9ponse \u00e0 ces champs est obligatoire pour nous permettre<br\/>de traiter votre demande d&#8217;\u00e9tude personnalis\u00e9e.<\/p>\n                <\/div>\n            <\/div>\n\n            <div class=\"form-row\">\n                <div class=\"form-column full checkbox\">\n                    <input type=\"checkbox\" name=\"optin1\" id=\"optin1\" value=\"1\" \/>\n                    <label class=\"checkbox circle\" for=\"optin1\">J&#8217;ai pris connaissance et j&#8217;accepte <a href=\"https:\/\/www.desjoyaux.fr\/charte-de-confidentialite\/\" target=\"_blank\" rel=\"noopener\">la charte de confidentialit\u00e9 de desjoyaux.fr<\/a><\/label>\n                <\/div>\n            <\/div>\n\n            <div class=\"form-row\">\n                <div class=\"form-column full checkbox\">\n                    <input type=\"checkbox\" name=\"optin2\" id=\"optin2\" value=\"1\" \/>\n                    <label class=\"checkbox circle\" for=\"optin2\">Je souhaite recevoir les offres commerciales des Piscines Desjoyaux<\/label>\n                <\/div>\n            <\/div>\n\n            <div class=\"form-row\">\n                <div class=\"form-column full center\">\n                    <input type=\"submit\" class=\"cta\" value=\"Envoyer\" disabled=\"disabled\" \/>\n                <\/div>\n            <\/div>\n        <\/form>\n    <\/section>\n\n\n<!-- END FORMULAIRE DEMANDE DE DEVIS -->\n","protected":false},"excerpt":{"rendered":"","protected":false},"author":10,"featured_media":0,"parent":0,"menu_order":0,"comment_status":"closed","ping_status":"closed","template":"","meta":{"_acf_changed":false,"footnotes":""},"class_list":["post-434","page","type-page","status-publish","hentry"],"acf":[],"yoast_head":"<!-- This site is optimized with the Yoast SEO Premium plugin v27.4 (Yoast SEO v27.4) - https:\/\/yoast.com\/product\/yoast-seo-premium-wordpress\/ -->\n<title>\u00c9tude Personalis\u00e9e | Piscines Desjoyaux<\/title>\n<meta name=\"description\" content=\"Contactez-nous pour recevoir une \u00e9tude personnalis\u00e9e, adapt\u00e9e \u00e0 votre projet de piscine.\" \/>\n<meta name=\"robots\" content=\"index, follow, max-snippet:-1, max-image-preview:large, max-video-preview:-1\" \/>\n<link rel=\"canonical\" href=\"https:\/\/desjoyauxnb.ca\/etude-personnalisee\/?lang=fr\" \/>\n<meta property=\"og:locale\" content=\"fr_FR\" \/>\n<meta property=\"og:type\" content=\"article\" \/>\n<meta property=\"og:title\" content=\"Etude personnalis\u00e9e\" \/>\n<meta property=\"og:description\" content=\"Contactez-nous pour recevoir une \u00e9tude personnalis\u00e9e, adapt\u00e9e \u00e0 votre projet de piscine.\" \/>\n<meta property=\"og:url\" content=\"https:\/\/desjoyauxnb.ca\/etude-personnalisee\/?lang=fr\" \/>\n<meta property=\"og:site_name\" content=\"Piscines Desjoyaux\" \/>\n<meta property=\"article:publisher\" content=\"https:\/\/www.facebook.com\/desjoyauxnb\/\" \/>\n<meta property=\"article:modified_time\" content=\"2020-03-05T08:58:47+00:00\" \/>\n<meta property=\"og:image\" content=\"https:\/\/desjoyauxnb.ca\/wp-content\/uploads\/2020\/11\/piscines-desjoyaux-logo-en.png\" \/>\n\t<meta property=\"og:image:width\" content=\"220\" \/>\n\t<meta property=\"og:image:height\" content=\"110\" \/>\n\t<meta property=\"og:image:type\" content=\"image\/png\" \/>\n<meta name=\"twitter:card\" content=\"summary_large_image\" \/>\n<meta name=\"twitter:site\" content=\"@Desjoyaux_pools\" \/>\n<!-- \/ Yoast SEO Premium plugin. -->","yoast_head_json":{"title":"\u00c9tude Personalis\u00e9e | Piscines Desjoyaux","description":"Contactez-nous pour recevoir une \u00e9tude personnalis\u00e9e, adapt\u00e9e \u00e0 votre projet de piscine.","robots":{"index":"index","follow":"follow","max-snippet":"max-snippet:-1","max-image-preview":"max-image-preview:large","max-video-preview":"max-video-preview:-1"},"canonical":"https:\/\/desjoyauxnb.ca\/etude-personnalisee\/?lang=fr","og_locale":"fr_FR","og_type":"article","og_title":"Etude personnalis\u00e9e","og_description":"Contactez-nous pour recevoir une \u00e9tude personnalis\u00e9e, adapt\u00e9e \u00e0 votre projet de piscine.","og_url":"https:\/\/desjoyauxnb.ca\/etude-personnalisee\/?lang=fr","og_site_name":"Piscines Desjoyaux","article_publisher":"https:\/\/www.facebook.com\/desjoyauxnb\/","article_modified_time":"2020-03-05T08:58:47+00:00","og_image":[{"width":220,"height":110,"url":"https:\/\/desjoyauxnb.ca\/wp-content\/uploads\/2020\/11\/piscines-desjoyaux-logo-en.png","type":"image\/png"}],"twitter_card":"summary_large_image","twitter_site":"@Desjoyaux_pools","schema":{"@context":"https:\/\/schema.org","@graph":[{"@type":"WebPage","@id":"https:\/\/desjoyauxnb.ca\/etude-personnalisee\/?lang=fr","url":"https:\/\/desjoyauxnb.ca\/etude-personnalisee\/?lang=fr","name":"\u00c9tude Personalis\u00e9e | Piscines Desjoyaux","isPartOf":{"@id":"https:\/\/desjoyauxnb.ca\/#website"},"datePublished":"2019-12-16T17:06:24+00:00","dateModified":"2020-03-05T08:58:47+00:00","description":"Contactez-nous pour recevoir une \u00e9tude personnalis\u00e9e, adapt\u00e9e \u00e0 votre projet de piscine.","breadcrumb":{"@id":"https:\/\/desjoyauxnb.ca\/etude-personnalisee\/?lang=fr#breadcrumb"},"inLanguage":"fr-FR","potentialAction":[{"@type":"ReadAction","target":["https:\/\/desjoyauxnb.ca\/etude-personnalisee\/?lang=fr"]}]},{"@type":"BreadcrumbList","@id":"https:\/\/desjoyauxnb.ca\/etude-personnalisee\/?lang=fr#breadcrumb","itemListElement":[{"@type":"ListItem","position":1,"name":"Home","item":"https:\/\/desjoyauxnb.ca\/?lang=fr"},{"@type":"ListItem","position":2,"name":"Etude personnalis\u00e9e"}]},{"@type":"WebSite","@id":"https:\/\/desjoyauxnb.ca\/#website","url":"https:\/\/desjoyauxnb.ca\/","name":"Desjoyaux Pool NB","description":"Quality Pools for New Brunswick Families","publisher":{"@id":"https:\/\/desjoyauxnb.ca\/#organization"},"alternateName":"Piscines Desjoyaux","potentialAction":[{"@type":"SearchAction","target":{"@type":"EntryPoint","urlTemplate":"https:\/\/desjoyauxnb.ca\/?s={search_term_string}"},"query-input":{"@type":"PropertyValueSpecification","valueRequired":true,"valueName":"search_term_string"}}],"inLanguage":"fr-FR"},{"@type":"Organization","@id":"https:\/\/desjoyauxnb.ca\/#organization","name":"Piscines Desjoyaux","alternateName":"Desjoyaux Pool NB","url":"https:\/\/desjoyauxnb.ca\/","logo":{"@type":"ImageObject","inLanguage":"fr-FR","@id":"https:\/\/desjoyauxnb.ca\/#\/schema\/logo\/image\/","url":"https:\/\/desjoyauxnb.ca\/wp-content\/uploads\/2020\/11\/logo-en.jpg","contentUrl":"https:\/\/desjoyauxnb.ca\/wp-content\/uploads\/2020\/11\/logo-en.jpg","width":224,"height":117,"caption":"Piscines Desjoyaux"},"image":{"@id":"https:\/\/desjoyauxnb.ca\/#\/schema\/logo\/image\/"},"sameAs":["https:\/\/www.facebook.com\/desjoyauxnb\/","https:\/\/x.com\/Desjoyaux_pools","https:\/\/www.instagram.com\/desjoyauxnb\/","https:\/\/fr.linkedin.com\/company\/desjoyaux-pools","https:\/\/www.youtube.com\/user\/desjoyauxpools","https:\/\/fr.wikipedia.org\/wiki\/Piscines_Desjoyaux"],"description":"Desjoyaux is a French company that designs, manufactures, and installs swimming pools, with a focus on custom, environmentally friendly, and family-friendly designs, and has been in business since 1966.","email":"info@desjoyaux.nb","telephone":"506-800-1022","legalName":"Desjoyaux Pool NB","numberOfEmployees":{"@type":"QuantitativeValue","minValue":"1","maxValue":"10"}}]}},"_links":{"self":[{"href":"https:\/\/desjoyauxnb.ca\/fr\/wp-json\/wp\/v2\/pages\/434","targetHints":{"allow":["GET"]}}],"collection":[{"href":"https:\/\/desjoyauxnb.ca\/fr\/wp-json\/wp\/v2\/pages"}],"about":[{"href":"https:\/\/desjoyauxnb.ca\/fr\/wp-json\/wp\/v2\/types\/page"}],"author":[{"embeddable":true,"href":"https:\/\/desjoyauxnb.ca\/fr\/wp-json\/wp\/v2\/users\/10"}],"replies":[{"embeddable":true,"href":"https:\/\/desjoyauxnb.ca\/fr\/wp-json\/wp\/v2\/comments?post=434"}],"version-history":[{"count":0,"href":"https:\/\/desjoyauxnb.ca\/fr\/wp-json\/wp\/v2\/pages\/434\/revisions"}],"wp:attachment":[{"href":"https:\/\/desjoyauxnb.ca\/fr\/wp-json\/wp\/v2\/media?parent=434"}],"curies":[{"name":"wp","href":"https:\/\/api.w.org\/{rel}","templated":true}]}}