{"id":40819,"date":"2022-02-08T09:26:43","date_gmt":"2022-02-08T08:26:43","guid":{"rendered":"https:\/\/www.desjoyaux.fr\/?page_id=40819"},"modified":"2022-02-22T09:47:01","modified_gmt":"2022-02-22T08:47:01","slug":"votre-piscine-desjoyaux-a-construire-vous-meme","status":"publish","type":"page","link":"https:\/\/desjoyauxnb.ca\/fr\/votre-piscine-desjoyaux-a-construire-vous-meme\/","title":{"rendered":"Votre piscine Desjoyaux \u00e0 construire vous-m\u00eame"},"content":{"rendered":"<!-- T\u00caTI\u00c8RE -->\n\n<section class=\"header\">\n    <div class=\"circle\">\n        <svg viewBox=\"0 0 1923 179.5\">\n            <path fill=\"white\" d=\"M0,0S423.59,179.5,987,179.5,1923,0,1923,0V179.5H0Z\" \/>\n        <\/svg>\n    <\/div>\n\n        <!-- get_field('mobile_logo', $homepage_id); pour le logo bleu -->\n\n\n    <a href=\"https:\/\/desjoyauxnb.ca\/fr\/\" class=\"logo\">\n        <img decoding=\"async\" width=\"160\" height=\"80\" src=\"https:\/\/desjoyauxnb.ca\/wp-content\/uploads\/2019\/12\/logo.png\" class=\"picture-mobile\" alt=\"logo\" \/><img decoding=\"async\" width=\"160\" height=\"80\" src=\"https:\/\/desjoyauxnb.ca\/wp-content\/uploads\/2019\/12\/logo.png\" class=\"picture-desktop\" alt=\"logo\" \/>        <!-- <img decoding=\"async\" class=\"logo-noel\" style=\"width: 90px;height: 103px;\" src=\"\/wp-content\/uploads\/2019\/12\/logo3.gif\" alt=\"logo desjoyaux\" \/> -->\n    <\/a>\n\n    <div class=\"carousel\">\n                    <div class=\"slide\">\n                                <div class=\"media\">\n                                            <img decoding=\"async\" width=\"2048\" height=\"1365\" src=\"https:\/\/desjoyauxnb.ca\/wp-content\/uploads\/2022\/02\/gamme-kity-header-scaled.jpg\" class=\"picture-mobile\" alt=\"gamme-kity-header\" srcset=\"https:\/\/desjoyauxnb.ca\/wp-content\/uploads\/2022\/02\/gamme-kity-header-scaled.jpg 2048w, https:\/\/desjoyauxnb.ca\/wp-content\/uploads\/2022\/02\/gamme-kity-header-300x200.jpg 300w, https:\/\/desjoyauxnb.ca\/wp-content\/uploads\/2022\/02\/gamme-kity-header-1024x683.jpg 1024w, https:\/\/desjoyauxnb.ca\/wp-content\/uploads\/2022\/02\/gamme-kity-header-768x512.jpg 768w, https:\/\/desjoyauxnb.ca\/wp-content\/uploads\/2022\/02\/gamme-kity-header-1023x682.jpg 1023w, https:\/\/desjoyauxnb.ca\/wp-content\/uploads\/2022\/02\/gamme-kity-header-1920x1280.jpg 1920w\" sizes=\"(max-width: 2048px) 100vw, 2048px\" \/><img decoding=\"async\" width=\"2048\" height=\"1365\" src=\"https:\/\/desjoyauxnb.ca\/wp-content\/uploads\/2022\/02\/gamme-kity-header-scaled.jpg\" class=\"picture-desktop\" alt=\"gamme-kity-header\" srcset=\"https:\/\/desjoyauxnb.ca\/wp-content\/uploads\/2022\/02\/gamme-kity-header-scaled.jpg 2048w, https:\/\/desjoyauxnb.ca\/wp-content\/uploads\/2022\/02\/gamme-kity-header-300x200.jpg 300w, https:\/\/desjoyauxnb.ca\/wp-content\/uploads\/2022\/02\/gamme-kity-header-1024x683.jpg 1024w, https:\/\/desjoyauxnb.ca\/wp-content\/uploads\/2022\/02\/gamme-kity-header-768x512.jpg 768w, https:\/\/desjoyauxnb.ca\/wp-content\/uploads\/2022\/02\/gamme-kity-header-1023x682.jpg 1023w, https:\/\/desjoyauxnb.ca\/wp-content\/uploads\/2022\/02\/gamme-kity-header-1920x1280.jpg 1920w\" sizes=\"(max-width: 2048px) 100vw, 2048px\" \/>                                    <\/div>\n                            <\/div>\n            <\/div>\n    <!-- BREADCRUMB -->\n                    <div class=\"breadcrumb\">\n                                                                                                                                                                                                                                                                                                    <a href=\"https:\/\/desjoyauxnb.ca\/fr\/\">Accueil<\/a> \/ <a href=\"https:\/\/www.desjoyaux.fr\/piscines\/\">Piscines<\/a> \/ <a href=\"https:\/\/desjoyauxnb.ca\/fr\/piscines-en-kit\/\">Piscines en Kit<\/a> \/ Votre piscine Desjoyaux \u00e0 construire vous-m\u00eame        <\/div>\n                <!-- END BREADCRUMB -->\n<\/section>\n<!-- END T\u00caTI\u00c8RE -->\n\n\n<!-- TITRE -->\n<section class=\"title\">    \n    <div class=\"banner\">\n        <div class=\"half-circle\"><\/div>\n        <div class=\"title\">\n                            \n                <h1>Votre piscine Desjoyaux<br\/><strong>\u00e0 construire vous-m\u00eame<\/strong><\/h1>\n                    <\/div>\n    <\/div>\n<\/section>\n<!-- END TITRE -->\n\n<!-- DESCRIPTION -->\n<section class=\"description \">\n    <p>Le projet de piscine DIY est adapt\u00e9 \u00e0 toutes les familles qui ont de bonnes bases de bricolage. Chaque \u00e9tape de montage est d\u00e9crite et expliqu\u00e9e pour vous accompagner jusqu\u2019au bout du projet.<br\/>Chez Desjoyaux, nous sommes persuad\u00e9s que chaque famille devrait pouvoir profiter de sa piscine, quel que soit son budget.<br\/>Et c\u2019est pour \u00e7a que nous avons d\u00e9velopp\u00e9 notre offre en KIT qui propose une piscine aux mat\u00e9riaux de qualit\u00e9 Desjoyaux \u00e0 un petit prix. Alors certes, il faut mettre la main \u00e0 la patte, mais c\u2019est aussi une occasion de monter son projet et d\u2019\u00eatre fier du r\u00e9sultat. Et soyez rassur\u00e9, Desjoyaux vous accompagne tout au long de la construction.<\/p>\n<\/section>\n<!-- END DESCRIPTION -->\n\n\n<section id=\"\" class=\"visual-text  flamingo \">\n    <div class=\"block\" style=\"background-color: #2B4570;\">\n        <div class=\"illustration smaller\"><\/div>\n                    <h3><p>Ils l&rsquo;ont fait !<\/p>\n<\/h3>\n                            <p><p>D\u00e9couvrez les \u00e9tapes de montage gr\u00e2ce \u00e0 Laura et Steven qui se sont lanc\u00e9s dans le projet ! Il vous montrent comment ils s\u2019y sont pris et vous donnent m\u00eame plein de conseils pour r\u00e9ussir !<\/p>\n<p>\u00c0 deux c\u2019est bien, \u00e0 plus c\u2019est encore mieux. Alors avant de vous lancer, demandez autour de vous qui peut vous aider.<\/p>\n<\/p>\n                            <a class=\"cta\" href=\"https:\/\/www.youtube.com\/watch?v=PssKg-IMRRU&#038;list=PLY0LJKwDTnbarburRwpF09cyMCcqBbvZm\" target=\"_blank\" >Je d\u00e9couvre la playlist<\/a>\n            <\/div>\n\n            <div class=\"media\">\n                                                <div class=\"picture\">\n                        <img decoding=\"async\" width=\"493\" height=\"340\" src=\"https:\/\/desjoyauxnb.ca\/wp-content\/uploads\/2022\/02\/kity-playlist-youtube.jpg\" class=\"attachment-720 size-720\" alt=\"kity-playlist-youtube\" srcset=\"https:\/\/desjoyauxnb.ca\/wp-content\/uploads\/2022\/02\/kity-playlist-youtube.jpg 493w, https:\/\/desjoyauxnb.ca\/wp-content\/uploads\/2022\/02\/kity-playlist-youtube-300x207.jpg 300w\" sizes=\"(max-width: 493px) 100vw, 493px\" \/>                    <\/div>\n                                    <\/div>\n    <\/section>\n<!-- END ENCART TEXTE + VISUEL -->\n\n\n<section id=\"\" class=\"visual-text  coconut \">\n    <div class=\"block\" style=\"background-color: #56BBBE;\">\n        <div class=\"illustration smaller\"><\/div>\n                    <h3><p>Le guide de montage<\/p>\n<\/h3>\n                            <p><p>On vous le disait, Desjoyaux vous accompagne tout au long du projet !<\/p>\n<p>D\u00e9couvrez ici notre guide de montage super pratique \u00e0 emporter partout avec vous pour pr\u00e9parer et r\u00e9ussir le chantier. \u00c9tapes, outils, temps de montage \u2026 tout y est sp\u00e9cifi\u00e9.<\/p>\n<\/p>\n                            <a class=\"cta\" href=\"\/wp-content\/uploads\/2022\/02\/guide-kity-fr-22-1.pdf\" target=\"_blank\" >Je t\u00e9l\u00e9charge le guide<\/a>\n            <\/div>\n\n            <div class=\"media\">\n                                                <div class=\"picture\">\n                        <img decoding=\"async\" width=\"343\" height=\"422\" src=\"https:\/\/desjoyauxnb.ca\/wp-content\/uploads\/2022\/02\/kity-guide-montage-1.png\" class=\"picture-mobile\" alt=\"kity-guide-montage\" srcset=\"https:\/\/desjoyauxnb.ca\/wp-content\/uploads\/2022\/02\/kity-guide-montage-1.png 343w, https:\/\/desjoyauxnb.ca\/wp-content\/uploads\/2022\/02\/kity-guide-montage-1-244x300.png 244w\" sizes=\"(max-width: 343px) 100vw, 343px\" \/><img decoding=\"async\" width=\"493\" height=\"340\" src=\"https:\/\/desjoyauxnb.ca\/wp-content\/uploads\/2022\/02\/guide-montage-kity.png\" class=\"picture-desktop\" alt=\"guide-montage-kity\" srcset=\"https:\/\/desjoyauxnb.ca\/wp-content\/uploads\/2022\/02\/guide-montage-kity.png 493w, https:\/\/desjoyauxnb.ca\/wp-content\/uploads\/2022\/02\/guide-montage-kity-300x207.png 300w\" sizes=\"(max-width: 493px) 100vw, 493px\" \/>                    <\/div>\n                                    <\/div>\n    <\/section>\n<!-- END ENCART TEXTE + VISUEL -->\n\n\n<div style=\"height:95px\" aria-hidden=\"true\" class=\"wp-block-spacer\"><\/div>\n\n\n<!-- SOUS-TITRE -->\n<section class=\"subtitle\">\n    <h2>ET MAINTENANT<br\/><strong>LANCEZ-VOUS !<\/strong><\/h2>\n<\/section>\n<!-- END SOUS-TITRE -->\n\n\n\n<!-- ENCART SLIDESHOW 1 -->\n\n    <section class=\"slideshow-visual-text content\">\n        <div class=\"carousel blue\">\n                                            <div class=\"slide \">\n                    <div class=\"illustration smaller\"><\/div>\n\n                    <div class=\"list-item\" style=\"background-color: #EBC8A2;\">\n                                                    <h3><span style=\"font-size: 100px; margin-right: 30px;\">1<\/span> Des piscines made in France<\/h3>\n                                                <p>Comme toutes nos piscines, les mod\u00e8les en Kit sont fabriqu\u00e9s en France dans notre unit\u00e9 de production \u00e0 Saint-Etienne.<\/p>\n                                                    <a class=\"cta\" href=\"\/piscines\/gammes-piscines\/kity\/\" >En savoir plus<\/a>\n                                            <\/div>\n\n                    <div class=\"carousel-pictures white\">\n                                                    <div class=\"slide\">\n                                <img decoding=\"async\" width=\"486\" height=\"425\" src=\"https:\/\/desjoyauxnb.ca\/wp-content\/uploads\/2022\/02\/diy-slideshow-1.png\" class=\"picture-mobile\" alt=\"diy-slideshow-1\" srcset=\"https:\/\/desjoyauxnb.ca\/wp-content\/uploads\/2022\/02\/diy-slideshow-1.png 486w, https:\/\/desjoyauxnb.ca\/wp-content\/uploads\/2022\/02\/diy-slideshow-1-300x262.png 300w\" sizes=\"(max-width: 486px) 100vw, 486px\" \/><img decoding=\"async\" width=\"486\" height=\"425\" src=\"https:\/\/desjoyauxnb.ca\/wp-content\/uploads\/2022\/02\/diy-slideshow-1.png\" class=\"picture-desktop\" alt=\"diy-slideshow-1\" srcset=\"https:\/\/desjoyauxnb.ca\/wp-content\/uploads\/2022\/02\/diy-slideshow-1.png 486w, https:\/\/desjoyauxnb.ca\/wp-content\/uploads\/2022\/02\/diy-slideshow-1-300x262.png 300w\" sizes=\"(max-width: 486px) 100vw, 486px\" \/>                            <\/div>\n                                            <\/div>\n                <\/div>\n                                                            <div class=\"slide  left\">\n                    <div class=\"illustration smaller\"><\/div>\n\n                    <div class=\"list-item\" style=\"background-color: #A4D4C7;\">\n                                                    <h3><span style=\"font-size: 100px; margin-right: 30px;\">2<\/span> La structure est garantie<\/h3>\n                                                <p>L&rsquo;ensemble des \u00e9l\u00e9ments structurels de votre Kity b\u00e9n\u00e9ficie d&rsquo;une garantie fabricant de 10 ans.<\/p>\n                                            <\/div>\n\n                    <div class=\"carousel-pictures white\">\n                                                    <div class=\"slide\">\n                                <img decoding=\"async\" width=\"486\" height=\"425\" src=\"https:\/\/desjoyauxnb.ca\/wp-content\/uploads\/2022\/02\/diy-slideshow-2.png\" class=\"picture-mobile\" alt=\"diy-slideshow-2\" srcset=\"https:\/\/desjoyauxnb.ca\/wp-content\/uploads\/2022\/02\/diy-slideshow-2.png 486w, https:\/\/desjoyauxnb.ca\/wp-content\/uploads\/2022\/02\/diy-slideshow-2-300x262.png 300w\" sizes=\"(max-width: 486px) 100vw, 486px\" \/><img decoding=\"async\" width=\"486\" height=\"425\" src=\"https:\/\/desjoyauxnb.ca\/wp-content\/uploads\/2022\/02\/diy-slideshow-2.png\" class=\"picture-desktop\" alt=\"diy-slideshow-2\" srcset=\"https:\/\/desjoyauxnb.ca\/wp-content\/uploads\/2022\/02\/diy-slideshow-2.png 486w, https:\/\/desjoyauxnb.ca\/wp-content\/uploads\/2022\/02\/diy-slideshow-2-300x262.png 300w\" sizes=\"(max-width: 486px) 100vw, 486px\" \/>                            <\/div>\n                                            <\/div>\n                <\/div>\n                                                            <div class=\"slide \">\n                    <div class=\"illustration smaller\"><\/div>\n\n                    <div class=\"list-item\" style=\"background-color: #E8A0C2;\">\n                                                    <h3><span style=\"font-size: 100px; margin-right: 30px;\">3<\/span> Les \u00e9tapes sont supervis\u00e9es<\/h3>\n                                                <p>B\u00e9n\u00e9ficiez d&rsquo;une assistance technique de votre chef de projet Desjoyaux pour valider les plus grosses \u00e9tapes du chantier et vous assurer d&rsquo;un r\u00e9sultat optimal.<\/p>\n                                            <\/div>\n\n                    <div class=\"carousel-pictures white\">\n                                                    <div class=\"slide\">\n                                <img decoding=\"async\" width=\"486\" height=\"425\" src=\"https:\/\/desjoyauxnb.ca\/wp-content\/uploads\/2022\/02\/diy-slideshow-3.png\" class=\"picture-mobile\" alt=\"diy-slideshow-3\" srcset=\"https:\/\/desjoyauxnb.ca\/wp-content\/uploads\/2022\/02\/diy-slideshow-3.png 486w, https:\/\/desjoyauxnb.ca\/wp-content\/uploads\/2022\/02\/diy-slideshow-3-300x262.png 300w\" sizes=\"(max-width: 486px) 100vw, 486px\" \/><img decoding=\"async\" width=\"486\" height=\"425\" src=\"https:\/\/desjoyauxnb.ca\/wp-content\/uploads\/2022\/02\/diy-slideshow-3.png\" class=\"picture-desktop\" alt=\"diy-slideshow-3\" srcset=\"https:\/\/desjoyauxnb.ca\/wp-content\/uploads\/2022\/02\/diy-slideshow-3.png 486w, https:\/\/desjoyauxnb.ca\/wp-content\/uploads\/2022\/02\/diy-slideshow-3-300x262.png 300w\" sizes=\"(max-width: 486px) 100vw, 486px\" \/>                            <\/div>\n                                            <\/div>\n                <\/div>\n                                                            <div class=\"slide  left\">\n                    <div class=\"illustration smaller\"><\/div>\n\n                    <div class=\"list-item\" style=\"background-color: #80D2CC;\">\n                                                    <h3><span style=\"font-size: 100px; margin-right: 30px;\">4<\/span> Lancez-vous !<\/h3>\n                                                <p>La cl\u00e9 de la r\u00e9ussite : une bonne pr\u00e9paration et une bonne dose de confiance. Vous verrez, votre projet DIY comblera votre famille.<\/p>\n                                            <\/div>\n\n                    <div class=\"carousel-pictures white\">\n                                                    <div class=\"slide\">\n                                <img decoding=\"async\" width=\"486\" height=\"425\" src=\"https:\/\/desjoyauxnb.ca\/wp-content\/uploads\/2022\/02\/diy-slideshow-4.png\" class=\"picture-mobile\" alt=\"diy-slideshow-4\" srcset=\"https:\/\/desjoyauxnb.ca\/wp-content\/uploads\/2022\/02\/diy-slideshow-4.png 486w, https:\/\/desjoyauxnb.ca\/wp-content\/uploads\/2022\/02\/diy-slideshow-4-300x262.png 300w\" sizes=\"(max-width: 486px) 100vw, 486px\" \/><img decoding=\"async\" width=\"486\" height=\"425\" src=\"https:\/\/desjoyauxnb.ca\/wp-content\/uploads\/2022\/02\/diy-slideshow-4.png\" class=\"picture-desktop\" alt=\"diy-slideshow-4\" srcset=\"https:\/\/desjoyauxnb.ca\/wp-content\/uploads\/2022\/02\/diy-slideshow-4.png 486w, https:\/\/desjoyauxnb.ca\/wp-content\/uploads\/2022\/02\/diy-slideshow-4-300x262.png 300w\" sizes=\"(max-width: 486px) 100vw, 486px\" \/>                            <\/div>\n                                            <\/div>\n                <\/div>\n                                    <\/div>\n    <\/section>\n<!-- END ENCART SLIDESHOW 1 -->\n\n\n<div style=\"height:95px\" aria-hidden=\"true\" class=\"wp-block-spacer\"><\/div>\n\n\n\n<p><\/p>\n","protected":false},"excerpt":{"rendered":"","protected":false},"author":14,"featured_media":0,"parent":0,"menu_order":0,"comment_status":"closed","ping_status":"closed","template":"","meta":{"_acf_changed":false,"footnotes":""},"class_list":["post-40819","page","type-page","status-publish","hentry"],"acf":[],"yoast_head":"<!-- This site is optimized with the Yoast SEO Premium plugin v27.4 (Yoast SEO v27.4) - https:\/\/yoast.com\/product\/yoast-seo-premium-wordpress\/ -->\n<title>Votre piscine Desjoyaux \u00e0 construire vous-m\u00eame | Piscines Desjoyaux<\/title>\n<meta name=\"description\" content=\"D\u00e9couvrez les \u00e9tapes de montage de notre offre en KIT qui propose une piscine aux mat\u00e9riaux de qualit\u00e9 Desjoyaux \u00e0 un petit prix.\" \/>\n<meta name=\"robots\" content=\"index, follow, max-snippet:-1, max-image-preview:large, max-video-preview:-1\" \/>\n<link rel=\"canonical\" href=\"https:\/\/desjoyauxnb.ca\/piscines\/votre-piscine-desjoyaux-a-construire-vous-meme\/?lang=fr\" \/>\n<meta property=\"og:locale\" content=\"fr_FR\" \/>\n<meta property=\"og:type\" content=\"article\" \/>\n<meta property=\"og:title\" content=\"Votre piscine Desjoyaux \u00e0 construire vous-m\u00eame\" \/>\n<meta property=\"og:description\" content=\"D\u00e9couvrez les \u00e9tapes de montage de notre offre en KIT qui propose une piscine aux mat\u00e9riaux de qualit\u00e9 Desjoyaux \u00e0 un petit prix.\" \/>\n<meta property=\"og:url\" content=\"https:\/\/desjoyauxnb.ca\/piscines\/votre-piscine-desjoyaux-a-construire-vous-meme\/?lang=fr\" \/>\n<meta property=\"og:site_name\" content=\"Piscines Desjoyaux\" \/>\n<meta property=\"article:publisher\" content=\"https:\/\/www.facebook.com\/desjoyauxnb\/\" \/>\n<meta property=\"article:modified_time\" content=\"2022-02-22T08:47:01+00:00\" \/>\n<meta property=\"og:image\" content=\"https:\/\/desjoyauxnb.ca\/wp-content\/uploads\/2020\/11\/piscines-desjoyaux-logo-en.png\" \/>\n\t<meta property=\"og:image:width\" content=\"220\" \/>\n\t<meta property=\"og:image:height\" content=\"110\" \/>\n\t<meta property=\"og:image:type\" content=\"image\/png\" \/>\n<meta name=\"twitter:card\" content=\"summary_large_image\" \/>\n<meta name=\"twitter:site\" content=\"@Desjoyaux_pools\" \/>\n<!-- \/ Yoast SEO Premium plugin. -->","yoast_head_json":{"title":"Votre piscine Desjoyaux \u00e0 construire vous-m\u00eame | Piscines Desjoyaux","description":"D\u00e9couvrez les \u00e9tapes de montage de notre offre en KIT qui propose une piscine aux mat\u00e9riaux de qualit\u00e9 Desjoyaux \u00e0 un petit prix.","robots":{"index":"index","follow":"follow","max-snippet":"max-snippet:-1","max-image-preview":"max-image-preview:large","max-video-preview":"max-video-preview:-1"},"canonical":"https:\/\/desjoyauxnb.ca\/piscines\/votre-piscine-desjoyaux-a-construire-vous-meme\/?lang=fr","og_locale":"fr_FR","og_type":"article","og_title":"Votre piscine Desjoyaux \u00e0 construire vous-m\u00eame","og_description":"D\u00e9couvrez les \u00e9tapes de montage de notre offre en KIT qui propose une piscine aux mat\u00e9riaux de qualit\u00e9 Desjoyaux \u00e0 un petit prix.","og_url":"https:\/\/desjoyauxnb.ca\/piscines\/votre-piscine-desjoyaux-a-construire-vous-meme\/?lang=fr","og_site_name":"Piscines Desjoyaux","article_publisher":"https:\/\/www.facebook.com\/desjoyauxnb\/","article_modified_time":"2022-02-22T08:47:01+00:00","og_image":[{"width":220,"height":110,"url":"https:\/\/desjoyauxnb.ca\/wp-content\/uploads\/2020\/11\/piscines-desjoyaux-logo-en.png","type":"image\/png"}],"twitter_card":"summary_large_image","twitter_site":"@Desjoyaux_pools","schema":{"@context":"https:\/\/schema.org","@graph":[{"@type":"WebPage","@id":"https:\/\/desjoyauxnb.ca\/piscines\/votre-piscine-desjoyaux-a-construire-vous-meme\/?lang=fr","url":"https:\/\/desjoyauxnb.ca\/piscines\/votre-piscine-desjoyaux-a-construire-vous-meme\/?lang=fr","name":"Votre piscine Desjoyaux \u00e0 construire vous-m\u00eame | Piscines Desjoyaux","isPartOf":{"@id":"https:\/\/desjoyauxnb.ca\/#website"},"datePublished":"2022-02-08T08:26:43+00:00","dateModified":"2022-02-22T08:47:01+00:00","description":"D\u00e9couvrez les \u00e9tapes de montage de notre offre en KIT qui propose une piscine aux mat\u00e9riaux de qualit\u00e9 Desjoyaux \u00e0 un petit prix.","breadcrumb":{"@id":"https:\/\/desjoyauxnb.ca\/piscines\/votre-piscine-desjoyaux-a-construire-vous-meme\/?lang=fr#breadcrumb"},"inLanguage":"fr-FR","potentialAction":[{"@type":"ReadAction","target":["https:\/\/desjoyauxnb.ca\/piscines\/votre-piscine-desjoyaux-a-construire-vous-meme\/?lang=fr"]}]},{"@type":"BreadcrumbList","@id":"https:\/\/desjoyauxnb.ca\/piscines\/votre-piscine-desjoyaux-a-construire-vous-meme\/?lang=fr#breadcrumb","itemListElement":[{"@type":"ListItem","position":1,"name":"Home","item":"https:\/\/desjoyauxnb.ca\/?lang=fr"},{"@type":"ListItem","position":2,"name":"Votre piscine Desjoyaux \u00e0 construire vous-m\u00eame"}]},{"@type":"WebSite","@id":"https:\/\/desjoyauxnb.ca\/#website","url":"https:\/\/desjoyauxnb.ca\/","name":"Desjoyaux Pool NB","description":"Quality Pools for New Brunswick Families","publisher":{"@id":"https:\/\/desjoyauxnb.ca\/#organization"},"alternateName":"Piscines Desjoyaux","potentialAction":[{"@type":"SearchAction","target":{"@type":"EntryPoint","urlTemplate":"https:\/\/desjoyauxnb.ca\/?s={search_term_string}"},"query-input":{"@type":"PropertyValueSpecification","valueRequired":true,"valueName":"search_term_string"}}],"inLanguage":"fr-FR"},{"@type":"Organization","@id":"https:\/\/desjoyauxnb.ca\/#organization","name":"Piscines Desjoyaux","alternateName":"Desjoyaux Pool NB","url":"https:\/\/desjoyauxnb.ca\/","logo":{"@type":"ImageObject","inLanguage":"fr-FR","@id":"https:\/\/desjoyauxnb.ca\/#\/schema\/logo\/image\/","url":"https:\/\/desjoyauxnb.ca\/wp-content\/uploads\/2020\/11\/logo-en.jpg","contentUrl":"https:\/\/desjoyauxnb.ca\/wp-content\/uploads\/2020\/11\/logo-en.jpg","width":224,"height":117,"caption":"Piscines Desjoyaux"},"image":{"@id":"https:\/\/desjoyauxnb.ca\/#\/schema\/logo\/image\/"},"sameAs":["https:\/\/www.facebook.com\/desjoyauxnb\/","https:\/\/x.com\/Desjoyaux_pools","https:\/\/www.instagram.com\/desjoyauxnb\/","https:\/\/fr.linkedin.com\/company\/desjoyaux-pools","https:\/\/www.youtube.com\/user\/desjoyauxpools","https:\/\/fr.wikipedia.org\/wiki\/Piscines_Desjoyaux"],"description":"Desjoyaux is a French company that designs, manufactures, and installs swimming pools, with a focus on custom, environmentally friendly, and family-friendly designs, and has been in business since 1966.","email":"info@desjoyaux.nb","telephone":"506-800-1022","legalName":"Desjoyaux Pool NB","numberOfEmployees":{"@type":"QuantitativeValue","minValue":"1","maxValue":"10"}}]}},"_links":{"self":[{"href":"https:\/\/desjoyauxnb.ca\/fr\/wp-json\/wp\/v2\/pages\/40819","targetHints":{"allow":["GET"]}}],"collection":[{"href":"https:\/\/desjoyauxnb.ca\/fr\/wp-json\/wp\/v2\/pages"}],"about":[{"href":"https:\/\/desjoyauxnb.ca\/fr\/wp-json\/wp\/v2\/types\/page"}],"author":[{"embeddable":true,"href":"https:\/\/desjoyauxnb.ca\/fr\/wp-json\/wp\/v2\/users\/14"}],"replies":[{"embeddable":true,"href":"https:\/\/desjoyauxnb.ca\/fr\/wp-json\/wp\/v2\/comments?post=40819"}],"version-history":[{"count":0,"href":"https:\/\/desjoyauxnb.ca\/fr\/wp-json\/wp\/v2\/pages\/40819\/revisions"}],"wp:attachment":[{"href":"https:\/\/desjoyauxnb.ca\/fr\/wp-json\/wp\/v2\/media?parent=40819"}],"curies":[{"name":"wp","href":"https:\/\/api.w.org\/{rel}","templated":true}]}}