{"id":10222,"date":"2020-01-26T01:02:51","date_gmt":"2020-01-26T00:02:51","guid":{"rendered":"https:\/\/www.desjoyaux.fr\/?post_type=content&#038;p=10222\/"},"modified":"2024-09-12T11:14:34","modified_gmt":"2024-09-12T09:14:34","slug":"renovation-idees-reamenager","status":"publish","type":"page","link":"https:\/\/desjoyauxnb.ca\/fr\/renovation-idees-reamenager\/","title":{"rendered":"R\u00e9am\u00e9nager sa piscine"},"content":{"rendered":"<!-- T\u00caTI\u00c8RE -->\n\n<section class=\"header\">\n    <div class=\"circle\">\n        <svg viewBox=\"0 0 1923 179.5\">\n            <path fill=\"white\" d=\"M0,0S423.59,179.5,987,179.5,1923,0,1923,0V179.5H0Z\" \/>\n        <\/svg>\n    <\/div>\n\n        <!-- get_field('mobile_logo', $homepage_id); pour le logo bleu -->\n\n\n    <a href=\"https:\/\/desjoyauxnb.ca\/fr\/\" class=\"logo\">\n        <img decoding=\"async\" width=\"160\" height=\"80\" src=\"https:\/\/desjoyauxnb.ca\/wp-content\/uploads\/2019\/12\/logo.png\" class=\"picture-mobile\" alt=\"logo\" \/><img decoding=\"async\" width=\"160\" height=\"80\" src=\"https:\/\/desjoyauxnb.ca\/wp-content\/uploads\/2019\/12\/logo.png\" class=\"picture-desktop\" alt=\"logo\" \/>        <!-- <img decoding=\"async\" class=\"logo-noel\" style=\"width: 90px;height: 103px;\" src=\"\/wp-content\/uploads\/2019\/12\/logo3.gif\" alt=\"logo desjoyaux\" \/> -->\n    <\/a>\n\n    <div class=\"carousel\">\n                    <div class=\"slide\">\n                                <div class=\"media\">\n                                            <img decoding=\"async\" width=\"750\" height=\"1310\" src=\"https:\/\/desjoyauxnb.ca\/wp-content\/uploads\/2020\/01\/tetiere-couple-quinquagenere-750x1310-1.jpg\" class=\"picture-mobile\" alt=\"tetiere_couple_quinquagenere_750x1310\" srcset=\"https:\/\/desjoyauxnb.ca\/wp-content\/uploads\/2020\/01\/tetiere-couple-quinquagenere-750x1310-1.jpg 750w, https:\/\/desjoyauxnb.ca\/wp-content\/uploads\/2020\/01\/tetiere-couple-quinquagenere-750x1310-1-172x300.jpg 172w, https:\/\/desjoyauxnb.ca\/wp-content\/uploads\/2020\/01\/tetiere-couple-quinquagenere-750x1310-1-586x1024.jpg 586w\" sizes=\"(max-width: 750px) 100vw, 750px\" \/><img decoding=\"async\" width=\"2000\" height=\"1333\" src=\"https:\/\/desjoyauxnb.ca\/wp-content\/uploads\/2023\/11\/tetiere-couple-quinquagenere-full-2.jpg\" class=\"picture-desktop\" alt=\"tetiere-couple-quinquagenere-full (2)\" srcset=\"https:\/\/desjoyauxnb.ca\/wp-content\/uploads\/2023\/11\/tetiere-couple-quinquagenere-full-2.jpg 2000w, https:\/\/desjoyauxnb.ca\/wp-content\/uploads\/2023\/11\/tetiere-couple-quinquagenere-full-2-300x200.jpg 300w, https:\/\/desjoyauxnb.ca\/wp-content\/uploads\/2023\/11\/tetiere-couple-quinquagenere-full-2-1024x682.jpg 1024w, https:\/\/desjoyauxnb.ca\/wp-content\/uploads\/2023\/11\/tetiere-couple-quinquagenere-full-2-768x512.jpg 768w, https:\/\/desjoyauxnb.ca\/wp-content\/uploads\/2023\/11\/tetiere-couple-quinquagenere-full-2-1023x682.jpg 1023w, https:\/\/desjoyauxnb.ca\/wp-content\/uploads\/2023\/11\/tetiere-couple-quinquagenere-full-2-1920x1280.jpg 1920w\" sizes=\"(max-width: 2000px) 100vw, 2000px\" \/>                                    <\/div>\n                            <\/div>\n            <\/div>\n    <!-- BREADCRUMB -->\n                    <div class=\"breadcrumb\">\n                                                                                                                                                                                                                                    <a href=\"https:\/\/desjoyauxnb.ca\/fr\/\">Accueil<\/a> \/ <a href=\"https:\/\/www.desjoyaux.fr\/renovation-piscine\/\">R\u00e9novation<\/a> \/ R\u00e9am\u00e9nager sa piscine        <\/div>\n                <!-- END BREADCRUMB -->\n<\/section>\n<!-- END T\u00caTI\u00c8RE -->\n\n\n<!-- TITRE -->\n<section class=\"title\">    \n    <div class=\"banner\">\n        <div class=\"half-circle\"><\/div>\n        <div class=\"title\">\n                            \n                <h1>6 Id\u00e9es pour<br\/> <strong>R\u00e9am\u00e9nager sa Piscine<\/strong><\/h1>\n                    <\/div>\n    <\/div>\n<\/section>\n<!-- END TITRE -->\n\n<!-- DESCRIPTION -->\n<section class=\"description \">\n    <p>Moderniser votre piscine passe aussi par l&rsquo;ajout de nouveaux \u00e9quipements vous assurant confort et une utilisation maximis\u00e9e de votre piscine.<\/p>\n<\/section>\n<!-- END DESCRIPTION -->\n\n\n<!-- TEMOIGNAGE VIDEO \/ TEXTE -->\n<section class=\"testimonyItem text \">\n    <div class=\"illustration\"><\/div>\n\n    <div class=\"content text\">\n        <div class=\"illustration\"><\/div>\n        <div class=\"author\" style=\"background-color: #80D2CC;\">\n            <h3>1. Equipement entretien<\/h3>\n            <p><\/p>\n        <\/div>\n        \n                    <div class=\"text\" style=\"background-color: #80D2CC;\">\n                <p>Pour que votre piscine reste une source de bien-\u00eatre, d\u00e9l\u00e9guez la logistique d&rsquo;entretien \u00e0 nos \u00e9quipements ! Pour le nettoyage des feuilles, faites-vous aider par un de nos robots nettoyeur ! Tout-terrain, fonctionnant pour les parois, autonome\u2026 adoptez le robot qui vous plait le plus ! Et pour encore diminuer le temps de logistique \/ entretien, d\u00e9couvrez nos \u00e9quipements \u00ab\u00a0traitement de l&rsquo;eau\u00a0\u00bb. L&rsquo;\u00e9lectrolyse fonctionne par ajout d\u2019une faible quantit\u00e9 de sel qui va d\u00e9truire les algues et les bact\u00e9ries. Gr\u00e2ce \u00e0 ce syst\u00e8me, vous diminuez la quantit\u00e9 de produit et le principe d\u00e9sinfectant est r\u00e9gul\u00e9 de mani\u00e8re automatique. De m\u00eame, nos r\u00e9gulateurs sont simples, \u00e9conomiques et enti\u00e8rement automatiques. Ils d\u00e9tectent les d\u00e9s\u00e9quilibres de l\u2019eau et ordonnent \u00e0 la pompe doseuse d\u2019injecter la quantit\u00e9 de produit n\u00e9cessaire.<\/p>\n                            <\/div>\n            <\/div>\n<\/section>\n<!-- END TEMOIGNAGE VIDEO \/ TEXTE -->\n\n\n<!-- TEMOIGNAGE VIDEO \/ TEXTE -->\n<section class=\"testimonyItem text swimmer\">\n    <div class=\"illustration\"><\/div>\n\n    <div class=\"content text\">\n        <div class=\"illustration\"><\/div>\n        <div class=\"author\" style=\"background-color: #2B4570;\">\n            <h3>2. Equipement chaleur<\/h3>\n            <p><\/p>\n        <\/div>\n        \n                    <div class=\"text\" style=\"background-color: #2B4570;\">\n                <p>Passez en mode \u00ab\u00a0\u00e9t\u00e9\u00a0\u00bb toute l&rsquo;ann\u00e9e en installant de nouveaux \u00e9quipements \u00ab\u00a0pr\u00e9servation de la chaleur\u00a0\u00bb sur votre piscine existante ! Nos abris et couvertures permettent de conserver la nuit les degr\u00e9s acquis dans la journ\u00e9e, ils prot\u00e8gent \u00e9galement l&rsquo;eau des salissures ext\u00e9rieures. Cela vous permettra d\u00e8s le matin de profiter d\u2019une belle eau \u00e0 la bonne temp\u00e9rature. \u2022 Automatiques ou manuelles, nos couvertures \u00e9viteront \u00e0 l\u2019eau de votre piscine d&rsquo;attraper froid ! \u2022 Bas, mi-haut ou v\u00e9ritable v\u00e9randa, vous trouverez la hauteur d&rsquo;abri qui convient le mieux \u00e0 votre utilisation. Nous pouvons \u00e9galement installer un syst\u00e8me de chauffage de l&rsquo;eau avec nos solutions adaptables sur votre piscine. \u2022 Le r\u00e9chauffeur : pour les utilisations ponctuelles de votre piscine, le r\u00e9chauffeur est le produit adapt\u00e9 pour chauffer votre bassin. \u2022 L&rsquo;\u00e9changeur : une solution parfaitement adapt\u00e9e pour une mont\u00e9e en temp\u00e9rature rapide de la piscine et une consommation raisonnable. Il permet \u00e9galement de chauffer votre piscine directement avec le chauffage de votre maison afin de consommer de mani\u00e8re raisonnable \u2022 L&rsquo;installation d&rsquo;une pompe \u00e0 chaleur JD Pac vous garantit confort et bien-\u00eatre en s&rsquo;appuyant sur une technologie fiable, \u00e9conomique et respectueuse de l&rsquo;environnement : 80% de l\u2019\u00e9nergie transf\u00e9r\u00e9e \u00e0 la piscine proviennent de l\u2019\u00e9nergie calorifique contenue dans l\u2019air. Associ\u00e9e \u00e0 une couverture thermique (b\u00e2che \u00e0 bulles), l\u2019installation d\u2019une pompe \u00e0 chaleur peut doubler votre saison baignade !<\/p>\n                            <\/div>\n            <\/div>\n<\/section>\n<!-- END TEMOIGNAGE VIDEO \/ TEXTE -->\n\n\n<!-- TEMOIGNAGE VIDEO \/ TEXTE -->\n<section class=\"testimonyItem text \">\n    <div class=\"illustration\"><\/div>\n\n    <div class=\"content text\">\n        <div class=\"illustration\"><\/div>\n        <div class=\"author\" style=\"background-color: #6A7C9B;\">\n            <h3>3. Cr\u00e9ation d&rsquo;un escalier<\/h3>\n            <p><\/p>\n        <\/div>\n        \n                    <div class=\"text\" style=\"background-color: #6A7C9B;\">\n                <p>Escalier d\u2019angle, escalier immerg\u00e9 type \u00ab plage am\u00e9ricaines \u00bb ou \u00ab banquette \u00bb \u2026 l\u2019escalier peut devenir une v\u00e9ritable option confort de votre piscine, pour les tout-petits comme les plus grands. Quelle que soit votre piscine, nous saurons adapter l\u2019escalier dont vous avez besoin.<\/p>\n                            <\/div>\n            <\/div>\n<\/section>\n<!-- END TEMOIGNAGE VIDEO \/ TEXTE -->\n\n\n<!-- TEMOIGNAGE VIDEO \/ TEXTE -->\n<section class=\"testimonyItem text \">\n    <div class=\"illustration\"><\/div>\n\n    <div class=\"content text\">\n        <div class=\"illustration\"><\/div>\n        <div class=\"author\" style=\"background-color: #EBC8A2;\">\n            <h3>4. Pose d&rsquo;un liner<\/h3>\n            <p><\/p>\n        <\/div>\n        \n                    <div class=\"text\" style=\"background-color: #EBC8A2;\">\n                <p>Pour redonner des couleurs \u00e0 votre bassin, Desjoyaux propose la pose de liners de couleurs. Si votre liner est abim\u00e9, us\u00e9 par le temps, c\u2019est le moment de le changer afin d\u2019assurer l\u2019\u00e9tanch\u00e9it\u00e9 de votre bassin.<\/p>\n                            <\/div>\n            <\/div>\n<\/section>\n<!-- END TEMOIGNAGE VIDEO \/ TEXTE -->\n\n\n<!-- TEMOIGNAGE VIDEO \/ TEXTE -->\n<section class=\"testimonyItem text coconut\">\n    <div class=\"illustration\"><\/div>\n\n    <div class=\"content text\">\n        <div class=\"illustration\"><\/div>\n        <div class=\"author\" style=\"background-color: #E8A0C2;\">\n            <h3>5. Nouvelle place autour de votre bassin<\/h3>\n            <p><\/p>\n        <\/div>\n        \n                    <div class=\"text\" style=\"background-color: #E8A0C2;\">\n                <p>Surface restreinte ou larges plages, vous trouverez dans notre gamme le mat\u00e9riau le plus adapt\u00e9 \u00e0 votre implantation. Une belle plage donnera un aspect totalement diff\u00e9rent \u00e0 votre piscine. En plus de l\u2019aspect esth\u00e9tique, votre plage de piscine sera pratique : antid\u00e9rapant, r\u00e9sistant \u00e0 la chaleur solaire et facile d\u2019entretien.<\/p>\n                            <\/div>\n            <\/div>\n<\/section>\n<!-- END TEMOIGNAGE VIDEO \/ TEXTE -->\n\n\n<!-- TEMOIGNAGE VIDEO \/ TEXTE -->\n<section class=\"testimonyItem text \">\n    <div class=\"illustration\"><\/div>\n\n    <div class=\"content text\">\n        <div class=\"illustration\"><\/div>\n        <div class=\"author\" style=\"background-color: #5B5897;\">\n            <h3>6. Int\u00e9gration d&rsquo;options bien-\u00eatre<\/h3>\n            <p><\/p>\n        <\/div>\n        \n                    <div class=\"text\" style=\"background-color: #5B5897;\">\n                <p>A l\u2019usage, vous vous apercevrez qu\u2019une pompe \u00e0 chaleur ou l\u2019option nage \u00e0 contre-courant vous sera utile pour une piscine encore plus confortable\u2026 Contactez-nous pour voir comment \u00e9tayer l\u2019\u00e9quipement de votre piscine.<\/p>\n                            <\/div>\n            <\/div>\n<\/section>\n<!-- END TEMOIGNAGE VIDEO \/ TEXTE -->\n\n\n<span id=\"cadeau\" class=\"center-gift\" c-id=\"GZl8Q38kF3\"><\/span>\n\n\n<!-- ENCART IMAGE + TEXTE STRUCTURE -->\n<section class=\"visual-text-full\">\n\n\n    <h2>Avant &#8211; Apr\u00e8s<\/h2>\n\n\n    <div class=\"media\">\n                <div class=\"picture\">\n            <img decoding=\"async\" width=\"750\" height=\"720\" src=\"https:\/\/desjoyauxnb.ca\/wp-content\/uploads\/2020\/01\/avant-apres-750x720-1.jpg\" class=\"picture-mobile\" alt=\"Avant-apres-750&#215;720\" srcset=\"https:\/\/desjoyauxnb.ca\/wp-content\/uploads\/2020\/01\/avant-apres-750x720-1.jpg 750w, https:\/\/desjoyauxnb.ca\/wp-content\/uploads\/2020\/01\/avant-apres-750x720-1-300x288.jpg 300w\" sizes=\"(max-width: 750px) 100vw, 750px\" \/><img decoding=\"async\" width=\"1920\" height=\"550\" src=\"https:\/\/desjoyauxnb.ca\/wp-content\/uploads\/2020\/01\/avant-apres-1200.jpg\" class=\"picture-desktop\" alt=\"Avant-apres-1200\" srcset=\"https:\/\/desjoyauxnb.ca\/wp-content\/uploads\/2020\/01\/avant-apres-1200.jpg 1920w, https:\/\/desjoyauxnb.ca\/wp-content\/uploads\/2020\/01\/avant-apres-1200-300x86.jpg 300w, https:\/\/desjoyauxnb.ca\/wp-content\/uploads\/2020\/01\/avant-apres-1200-1024x293.jpg 1024w, https:\/\/desjoyauxnb.ca\/wp-content\/uploads\/2020\/01\/avant-apres-1200-768x220.jpg 768w, https:\/\/desjoyauxnb.ca\/wp-content\/uploads\/2020\/01\/avant-apres-1200-1023x293.jpg 1023w\" sizes=\"(max-width: 1920px) 100vw, 1920px\" \/>        <\/div>\n            <\/div>\n\n\n<\/section>\n<!-- ENCART IMAGE + TEXTE STRUCTURE -->\n\n\n\n\n<div style=\"height:100px\" aria-hidden=\"true\" class=\"wp-block-spacer\"><\/div>\n\n\n\n<p><\/p>\n","protected":false},"excerpt":{"rendered":"","protected":false},"author":10,"featured_media":0,"parent":0,"menu_order":0,"comment_status":"closed","ping_status":"closed","template":"","meta":{"_acf_changed":false,"footnotes":""},"class_list":["post-10222","page","type-page","status-publish","hentry"],"acf":[],"yoast_head":"<!-- This site is optimized with the Yoast SEO Premium plugin v27.4 (Yoast SEO v27.4) - https:\/\/yoast.com\/product\/yoast-seo-premium-wordpress\/ -->\n<title>6 Id\u00e9es pour R\u00e9am\u00e9nager sa Piscine | Piscines Desjoyaux<\/title>\n<meta name=\"description\" content=\"D\u00e9couvrez nos 6 id\u00e9es pour r\u00e9am\u00e9nager votre piscine qui lui permettront de connaitre une deuxi\u00e8me jeunesse et de conserver ses composants.\" \/>\n<meta name=\"robots\" content=\"index, follow, max-snippet:-1, max-image-preview:large, max-video-preview:-1\" \/>\n<link rel=\"canonical\" href=\"https:\/\/desjoyauxnb.ca\/renovation-piscine\/idees-reamenager\/?lang=fr\" \/>\n<meta property=\"og:locale\" content=\"fr_FR\" \/>\n<meta property=\"og:type\" content=\"article\" \/>\n<meta property=\"og:title\" content=\"R\u00e9am\u00e9nager sa piscine\" \/>\n<meta property=\"og:description\" content=\"D\u00e9couvrez nos 6 id\u00e9es pour r\u00e9am\u00e9nager votre piscine qui lui permettront de connaitre une deuxi\u00e8me jeunesse et de conserver ses composants.\" \/>\n<meta property=\"og:url\" content=\"https:\/\/desjoyauxnb.ca\/renovation-piscine\/idees-reamenager\/?lang=fr\" \/>\n<meta property=\"og:site_name\" content=\"Piscines Desjoyaux\" \/>\n<meta property=\"article:publisher\" content=\"https:\/\/www.facebook.com\/desjoyauxnb\/\" \/>\n<meta property=\"article:modified_time\" content=\"2024-09-12T09:14:34+00:00\" \/>\n<meta property=\"og:image\" content=\"https:\/\/desjoyauxnb.ca\/wp-content\/uploads\/2020\/11\/piscines-desjoyaux-logo-en.png\" \/>\n\t<meta property=\"og:image:width\" content=\"220\" \/>\n\t<meta property=\"og:image:height\" content=\"110\" \/>\n\t<meta property=\"og:image:type\" content=\"image\/png\" \/>\n<meta name=\"twitter:card\" content=\"summary_large_image\" \/>\n<meta name=\"twitter:site\" content=\"@Desjoyaux_pools\" \/>\n<!-- \/ Yoast SEO Premium plugin. -->","yoast_head_json":{"title":"6 Id\u00e9es pour R\u00e9am\u00e9nager sa Piscine | Piscines Desjoyaux","description":"D\u00e9couvrez nos 6 id\u00e9es pour r\u00e9am\u00e9nager votre piscine qui lui permettront de connaitre une deuxi\u00e8me jeunesse et de conserver ses composants.","robots":{"index":"index","follow":"follow","max-snippet":"max-snippet:-1","max-image-preview":"max-image-preview:large","max-video-preview":"max-video-preview:-1"},"canonical":"https:\/\/desjoyauxnb.ca\/renovation-piscine\/idees-reamenager\/?lang=fr","og_locale":"fr_FR","og_type":"article","og_title":"R\u00e9am\u00e9nager sa piscine","og_description":"D\u00e9couvrez nos 6 id\u00e9es pour r\u00e9am\u00e9nager votre piscine qui lui permettront de connaitre une deuxi\u00e8me jeunesse et de conserver ses composants.","og_url":"https:\/\/desjoyauxnb.ca\/renovation-piscine\/idees-reamenager\/?lang=fr","og_site_name":"Piscines Desjoyaux","article_publisher":"https:\/\/www.facebook.com\/desjoyauxnb\/","article_modified_time":"2024-09-12T09:14:34+00:00","og_image":[{"width":220,"height":110,"url":"https:\/\/desjoyauxnb.ca\/wp-content\/uploads\/2020\/11\/piscines-desjoyaux-logo-en.png","type":"image\/png"}],"twitter_card":"summary_large_image","twitter_site":"@Desjoyaux_pools","schema":{"@context":"https:\/\/schema.org","@graph":[{"@type":"WebPage","@id":"https:\/\/desjoyauxnb.ca\/renovation-piscine\/idees-reamenager\/?lang=fr","url":"https:\/\/desjoyauxnb.ca\/renovation-piscine\/idees-reamenager\/?lang=fr","name":"6 Id\u00e9es pour R\u00e9am\u00e9nager sa Piscine | Piscines Desjoyaux","isPartOf":{"@id":"https:\/\/desjoyauxnb.ca\/#website"},"datePublished":"2020-01-26T00:02:51+00:00","dateModified":"2024-09-12T09:14:34+00:00","description":"D\u00e9couvrez nos 6 id\u00e9es pour r\u00e9am\u00e9nager votre piscine qui lui permettront de connaitre une deuxi\u00e8me jeunesse et de conserver ses composants.","breadcrumb":{"@id":"https:\/\/desjoyauxnb.ca\/renovation-piscine\/idees-reamenager\/?lang=fr#breadcrumb"},"inLanguage":"fr-FR","potentialAction":[{"@type":"ReadAction","target":["https:\/\/desjoyauxnb.ca\/renovation-piscine\/idees-reamenager\/?lang=fr"]}]},{"@type":"BreadcrumbList","@id":"https:\/\/desjoyauxnb.ca\/renovation-piscine\/idees-reamenager\/?lang=fr#breadcrumb","itemListElement":[{"@type":"ListItem","position":1,"name":"Home","item":"https:\/\/desjoyauxnb.ca\/?lang=fr"},{"@type":"ListItem","position":2,"name":"R\u00e9am\u00e9nager sa piscine"}]},{"@type":"WebSite","@id":"https:\/\/desjoyauxnb.ca\/#website","url":"https:\/\/desjoyauxnb.ca\/","name":"Desjoyaux Pool NB","description":"Quality Pools for New Brunswick Families","publisher":{"@id":"https:\/\/desjoyauxnb.ca\/#organization"},"alternateName":"Piscines Desjoyaux","potentialAction":[{"@type":"SearchAction","target":{"@type":"EntryPoint","urlTemplate":"https:\/\/desjoyauxnb.ca\/?s={search_term_string}"},"query-input":{"@type":"PropertyValueSpecification","valueRequired":true,"valueName":"search_term_string"}}],"inLanguage":"fr-FR"},{"@type":"Organization","@id":"https:\/\/desjoyauxnb.ca\/#organization","name":"Piscines Desjoyaux","alternateName":"Desjoyaux Pool NB","url":"https:\/\/desjoyauxnb.ca\/","logo":{"@type":"ImageObject","inLanguage":"fr-FR","@id":"https:\/\/desjoyauxnb.ca\/#\/schema\/logo\/image\/","url":"https:\/\/desjoyauxnb.ca\/wp-content\/uploads\/2020\/11\/logo-en.jpg","contentUrl":"https:\/\/desjoyauxnb.ca\/wp-content\/uploads\/2020\/11\/logo-en.jpg","width":224,"height":117,"caption":"Piscines Desjoyaux"},"image":{"@id":"https:\/\/desjoyauxnb.ca\/#\/schema\/logo\/image\/"},"sameAs":["https:\/\/www.facebook.com\/desjoyauxnb\/","https:\/\/x.com\/Desjoyaux_pools","https:\/\/www.instagram.com\/desjoyauxnb\/","https:\/\/fr.linkedin.com\/company\/desjoyaux-pools","https:\/\/www.youtube.com\/user\/desjoyauxpools","https:\/\/fr.wikipedia.org\/wiki\/Piscines_Desjoyaux"],"description":"Desjoyaux is a French company that designs, manufactures, and installs swimming pools, with a focus on custom, environmentally friendly, and family-friendly designs, and has been in business since 1966.","email":"info@desjoyaux.nb","telephone":"506-800-1022","legalName":"Desjoyaux Pool NB","numberOfEmployees":{"@type":"QuantitativeValue","minValue":"1","maxValue":"10"}}]}},"_links":{"self":[{"href":"https:\/\/desjoyauxnb.ca\/fr\/wp-json\/wp\/v2\/pages\/10222","targetHints":{"allow":["GET"]}}],"collection":[{"href":"https:\/\/desjoyauxnb.ca\/fr\/wp-json\/wp\/v2\/pages"}],"about":[{"href":"https:\/\/desjoyauxnb.ca\/fr\/wp-json\/wp\/v2\/types\/page"}],"author":[{"embeddable":true,"href":"https:\/\/desjoyauxnb.ca\/fr\/wp-json\/wp\/v2\/users\/10"}],"replies":[{"embeddable":true,"href":"https:\/\/desjoyauxnb.ca\/fr\/wp-json\/wp\/v2\/comments?post=10222"}],"version-history":[{"count":1,"href":"https:\/\/desjoyauxnb.ca\/fr\/wp-json\/wp\/v2\/pages\/10222\/revisions"}],"predecessor-version":[{"id":87176,"href":"https:\/\/desjoyauxnb.ca\/fr\/wp-json\/wp\/v2\/pages\/10222\/revisions\/87176"}],"wp:attachment":[{"href":"https:\/\/desjoyauxnb.ca\/fr\/wp-json\/wp\/v2\/media?parent=10222"}],"curies":[{"name":"wp","href":"https:\/\/api.w.org\/{rel}","templated":true}]}}