{"id":10219,"date":"2020-01-26T00:44:04","date_gmt":"2020-01-25T23:44:04","guid":{"rendered":"https:\/\/www.desjoyaux.fr\/?post_type=content&#038;p=10219\/"},"modified":"2020-02-26T17:34:28","modified_gmt":"2020-02-26T16:34:28","slug":"renovation-fuite-piscine","status":"publish","type":"page","link":"https:\/\/desjoyauxnb.ca\/fr\/renovation-fuite-piscine\/","title":{"rendered":"Fuite piscine"},"content":{"rendered":"<!-- T\u00caTI\u00c8RE -->\n\n<section class=\"header\">\n    <div class=\"circle\">\n        <svg viewBox=\"0 0 1923 179.5\">\n            <path fill=\"white\" d=\"M0,0S423.59,179.5,987,179.5,1923,0,1923,0V179.5H0Z\" \/>\n        <\/svg>\n    <\/div>\n\n        <!-- get_field('mobile_logo', $homepage_id); pour le logo bleu -->\n\n\n    <a href=\"https:\/\/desjoyauxnb.ca\/fr\/\" class=\"logo\">\n        <img decoding=\"async\" width=\"160\" height=\"80\" src=\"https:\/\/desjoyauxnb.ca\/wp-content\/uploads\/2019\/12\/logo.png\" class=\"picture-mobile\" alt=\"logo\" \/><img decoding=\"async\" width=\"160\" height=\"80\" src=\"https:\/\/desjoyauxnb.ca\/wp-content\/uploads\/2019\/12\/logo.png\" class=\"picture-desktop\" alt=\"logo\" \/>        <!-- <img decoding=\"async\" class=\"logo-noel\" style=\"width: 90px;height: 103px;\" src=\"\/wp-content\/uploads\/2019\/12\/logo3.gif\" alt=\"logo desjoyaux\" \/> -->\n    <\/a>\n\n    <div class=\"carousel\">\n                    <div class=\"slide\">\n                                <div class=\"media\">\n                                            <img decoding=\"async\" width=\"750\" height=\"1310\" src=\"https:\/\/desjoyauxnb.ca\/wp-content\/uploads\/2020\/01\/tetiere-couple-quinquagenere-750x1310-1.jpg\" class=\"picture-mobile\" alt=\"tetiere_couple_quinquagenere_750x1310\" srcset=\"https:\/\/desjoyauxnb.ca\/wp-content\/uploads\/2020\/01\/tetiere-couple-quinquagenere-750x1310-1.jpg 750w, https:\/\/desjoyauxnb.ca\/wp-content\/uploads\/2020\/01\/tetiere-couple-quinquagenere-750x1310-1-172x300.jpg 172w, https:\/\/desjoyauxnb.ca\/wp-content\/uploads\/2020\/01\/tetiere-couple-quinquagenere-750x1310-1-586x1024.jpg 586w\" sizes=\"(max-width: 750px) 100vw, 750px\" \/><img decoding=\"async\" width=\"2000\" height=\"1333\" src=\"https:\/\/desjoyauxnb.ca\/wp-content\/uploads\/2020\/01\/tetiere-couple-quinquagenere-full.jpg\" class=\"picture-desktop\" alt=\"Fun in the Pool\" srcset=\"https:\/\/desjoyauxnb.ca\/wp-content\/uploads\/2020\/01\/tetiere-couple-quinquagenere-full.jpg 2000w, https:\/\/desjoyauxnb.ca\/wp-content\/uploads\/2020\/01\/tetiere-couple-quinquagenere-full-300x200.jpg 300w, https:\/\/desjoyauxnb.ca\/wp-content\/uploads\/2020\/01\/tetiere-couple-quinquagenere-full-1024x682.jpg 1024w, https:\/\/desjoyauxnb.ca\/wp-content\/uploads\/2020\/01\/tetiere-couple-quinquagenere-full-768x512.jpg 768w, https:\/\/desjoyauxnb.ca\/wp-content\/uploads\/2020\/01\/tetiere-couple-quinquagenere-full-1023x682.jpg 1023w, https:\/\/desjoyauxnb.ca\/wp-content\/uploads\/2020\/01\/tetiere-couple-quinquagenere-full-1920x1280.jpg 1920w\" sizes=\"(max-width: 2000px) 100vw, 2000px\" \/>                                    <\/div>\n                            <\/div>\n            <\/div>\n    <!-- BREADCRUMB -->\n                    <div class=\"breadcrumb\">\n                                                                                                                                                                                                                                    <a href=\"https:\/\/desjoyauxnb.ca\/fr\/\">Accueil<\/a> \/ <a href=\"https:\/\/www.desjoyaux.fr\/renovation-piscine\/\">R\u00e9novation<\/a> \/ Fuite piscine        <\/div>\n                <!-- END BREADCRUMB -->\n<\/section>\n<!-- END T\u00caTI\u00c8RE -->\n\r\n\r\n<!-- TITRE -->\n<section class=\"title\">    \n    <div class=\"banner\">\n        <div class=\"half-circle\"><\/div>\n        <div class=\"title\">\n                            \n                <h1>Fuite de votre <nobr>Piscine :<\/nobr><br\/><strong>Comment la <nobr>r\u00e9parer ?<\/nobr><\/strong><\/h1>\n                    <\/div>\n    <\/div>\n<\/section>\n<!-- END TITRE -->\r\n\r\n\n<!-- TEMOIGNAGE VIDEO \/ TEXTE -->\n<section class=\"testimonyItem text leaf\">\n    <div class=\"illustration\"><\/div>\n\n    <div class=\"content text\">\n        <div class=\"illustration\"><\/div>\n        <div class=\"author\" style=\"background-color: #80D2CC;\">\n            <h3>1. Suppression du r\u00e9seau hydraulique existant<\/h3>\n            <p><\/p>\n        <\/div>\n        \n                    <div class=\"text\" style=\"background-color: #80D2CC;\">\n                <p>Plut\u00f4t que de rechercher l&rsquo;origine de la fuite d\u2019eau de la piscine en d\u00e9terrant les tuyaux, nous neutralisons l&rsquo;ancien syst\u00e8me de filtration mais \u00e9galement l&rsquo;ancien local technique. Cette technique nous permet ainsi d&rsquo;\u00e9viter la mise en place d&rsquo;un chantier trop important uniquement pour isoler l\u2019emplacement de la fuite de la piscine et stabiliser le niveau de l\u2019eau.<\/p>\n                            <\/div>\n            <\/div>\n<\/section>\n<!-- END TEMOIGNAGE VIDEO \/ TEXTE -->\r\n\r\n\n<!-- TEMOIGNAGE VIDEO \/ TEXTE -->\n<section class=\"testimonyItem text coconut\">\n    <div class=\"illustration\"><\/div>\n\n    <div class=\"content text\">\n        <div class=\"illustration\"><\/div>\n        <div class=\"author\" style=\"background-color: #2B4570;\">\n            <h3>2. Poser un liner arm\u00e9<\/h3>\n            <p><\/p>\n        <\/div>\n        \n                    <div class=\"text\" style=\"background-color: #2B4570;\">\n                <p>Nous proc\u00e9dons \u00e0 la pose d&rsquo;un rev\u00eatement arm\u00e9 pour assurer l&rsquo;\u00e9tanch\u00e9it\u00e9 du bassin et \u00e9liminer d\u00e9finitivement toute fuite et ainsi r\u00e9tablir le niveau d\u2019eau.<\/p>\n                            <\/div>\n            <\/div>\n<\/section>\n<!-- END TEMOIGNAGE VIDEO \/ TEXTE -->\r\n\r\n\n<!-- TEMOIGNAGE VIDEO \/ TEXTE -->\n<section class=\"testimonyItem text toucan\">\n    <div class=\"illustration\"><\/div>\n\n    <div class=\"content text\">\n        <div class=\"illustration\"><\/div>\n        <div class=\"author\" style=\"background-color: #4EA9BC;\">\n            <h3>3. Lutter contre une fuite piscine : la filtration sans canalisation<\/h3>\n            <p><\/p>\n        <\/div>\n        \n                    <div class=\"text\" style=\"background-color: #4EA9BC;\">\n                <p>Une fois l\u2019ancien syst\u00e8me neutralis\u00e9 et pour \u00e9viter de rencontrer a nouveau ce probl\u00e8me de La fuite piscine, Nous installons un groupe de filtration sans canalisation ! Notre groupe de filtration en cavalier permet de r\u00e9nover votre syst\u00e8me de filtration sans intervenir sur la structure : un syst\u00e8me plus facile et surtout moins co\u00fbteux. Vous disposez d&rsquo;une piscine restaur\u00e9e et enti\u00e8rement remise \u00e0 neuf. Vos probl\u00e8mes de fuite de piscine sont enfin termin\u00e9s, vous pouvez profiter de votre piscine en toute tranquillit\u00e9 ! <span id=\"cadeau\" c-id=\"rldbmAefIf\"><\/span><\/p>\n                            <\/div>\n            <\/div>\n<\/section>\n<!-- END TEMOIGNAGE VIDEO \/ TEXTE -->\r\n\r\n<!-- ENCART SLIDESHOW 2 -->\n\n    <section class=\"slideshow-background-text\">\n                <div class=\"banner\">\n            <div class=\"half-circle\"><\/div>\n            <div class=\"title\">\n                <h2>NOS CONSEILS<br\/><strong>piscines<\/strong><\/h2>                \n            <\/div>\n        <\/div>\n                <div class=\"carousel\">\n                                            <div class=\"slide\">\n                    <div class=\"picture\">\n                        <img decoding=\"async\" width=\"830\" height=\"1216\" src=\"https:\/\/desjoyauxnb.ca\/wp-content\/uploads\/2020\/01\/Fond-eau-750-1100.jpg\" class=\"picture-mobile\" alt=\"Surface of a swimming pool\" srcset=\"https:\/\/desjoyauxnb.ca\/wp-content\/uploads\/2020\/01\/Fond-eau-750-1100.jpg 830w, https:\/\/desjoyauxnb.ca\/wp-content\/uploads\/2020\/01\/Fond-eau-750-1100-205x300.jpg 205w, https:\/\/desjoyauxnb.ca\/wp-content\/uploads\/2020\/01\/Fond-eau-750-1100-699x1024.jpg 699w, https:\/\/desjoyauxnb.ca\/wp-content\/uploads\/2020\/01\/Fond-eau-750-1100-768x1125.jpg 768w\" sizes=\"(max-width: 830px) 100vw, 830px\" \/><img decoding=\"async\" width=\"2048\" height=\"763\" src=\"https:\/\/desjoyauxnb.ca\/wp-content\/uploads\/2020\/01\/Fond-eau-1920-715-scaled.jpg\" class=\"picture-desktop\" alt=\"Surface of a swimming pool\" srcset=\"https:\/\/desjoyauxnb.ca\/wp-content\/uploads\/2020\/01\/Fond-eau-1920-715-scaled.jpg 2048w, https:\/\/desjoyauxnb.ca\/wp-content\/uploads\/2020\/01\/Fond-eau-1920-715-300x112.jpg 300w, https:\/\/desjoyauxnb.ca\/wp-content\/uploads\/2020\/01\/Fond-eau-1920-715-1024x381.jpg 1024w, https:\/\/desjoyauxnb.ca\/wp-content\/uploads\/2020\/01\/Fond-eau-1920-715-768x286.jpg 768w, https:\/\/desjoyauxnb.ca\/wp-content\/uploads\/2020\/01\/Fond-eau-1920-715-1023x381.jpg 1023w, https:\/\/desjoyauxnb.ca\/wp-content\/uploads\/2020\/01\/Fond-eau-1920-715-1920x715.jpg 1920w\" sizes=\"(max-width: 2048px) 100vw, 2048px\" \/>                    <\/div>\n                    <div class=\"filter\" style=\"background-color: #2B4570;\"><\/div>\n                    <div class=\"content\">\n                                                                        <p class=\"subtitle\">Comment nettoyer un liner ? <\/p>\n                                                                        <a class=\"cta white\" href=\"\/conseils-piscine\/entretien\/nettoyage-liner\/\" >En savoir plus<\/a>\n                    <\/div>\n                <\/div>\n                    <\/div>\n    <\/section>\n<!-- END ENCART SLIDESHOW 2 -->\r\n\r\n\r\n<div style=\"height:100px\" aria-hidden=\"true\" class=\"wp-block-spacer\"><\/div>\r\n","protected":false},"excerpt":{"rendered":"","protected":false},"author":10,"featured_media":0,"parent":0,"menu_order":0,"comment_status":"closed","ping_status":"closed","template":"","meta":{"_acf_changed":false,"footnotes":""},"class_list":["post-10219","page","type-page","status-publish","hentry"],"acf":[],"yoast_head":"<!-- This site is optimized with the Yoast SEO Premium plugin v27.4 (Yoast SEO v27.4) - https:\/\/yoast.com\/product\/yoast-seo-premium-wordpress\/ -->\n<title>Fuite de votre Piscine : la Bonne Solution | Piscines Desjoyaux<\/title>\n<meta name=\"description\" content=\"La fuite dans une piscine est le cauchemar de nombreux propri\u00e9taire de piscine. Comment l&#039;identifier et surtout comme solutionner ce probl\u00e8me ?\" \/>\n<meta name=\"robots\" content=\"index, follow, max-snippet:-1, max-image-preview:large, max-video-preview:-1\" \/>\n<link rel=\"canonical\" href=\"https:\/\/desjoyauxnb.ca\/renovation-piscine\/fuite-piscine\/?lang=fr\" \/>\n<meta property=\"og:locale\" content=\"fr_FR\" \/>\n<meta property=\"og:type\" content=\"article\" \/>\n<meta property=\"og:title\" content=\"Fuite piscine\" \/>\n<meta property=\"og:description\" content=\"La fuite dans une piscine est le cauchemar de nombreux propri\u00e9taire de piscine. Comment l&#039;identifier et surtout comme solutionner ce probl\u00e8me ?\" \/>\n<meta property=\"og:url\" content=\"https:\/\/desjoyauxnb.ca\/renovation-piscine\/fuite-piscine\/?lang=fr\" \/>\n<meta property=\"og:site_name\" content=\"Piscines Desjoyaux\" \/>\n<meta property=\"article:publisher\" content=\"https:\/\/www.facebook.com\/desjoyauxnb\/\" \/>\n<meta property=\"article:modified_time\" content=\"2020-02-26T16:34:28+00:00\" \/>\n<meta property=\"og:image\" content=\"https:\/\/desjoyauxnb.ca\/wp-content\/uploads\/2020\/11\/piscines-desjoyaux-logo-en.png\" \/>\n\t<meta property=\"og:image:width\" content=\"220\" \/>\n\t<meta property=\"og:image:height\" content=\"110\" \/>\n\t<meta property=\"og:image:type\" content=\"image\/png\" \/>\n<meta name=\"twitter:card\" content=\"summary_large_image\" \/>\n<meta name=\"twitter:site\" content=\"@Desjoyaux_pools\" \/>\n<!-- \/ Yoast SEO Premium plugin. -->","yoast_head_json":{"title":"Fuite de votre Piscine : la Bonne Solution | Piscines Desjoyaux","description":"La fuite dans une piscine est le cauchemar de nombreux propri\u00e9taire de piscine. Comment l'identifier et surtout comme solutionner ce probl\u00e8me ?","robots":{"index":"index","follow":"follow","max-snippet":"max-snippet:-1","max-image-preview":"max-image-preview:large","max-video-preview":"max-video-preview:-1"},"canonical":"https:\/\/desjoyauxnb.ca\/renovation-piscine\/fuite-piscine\/?lang=fr","og_locale":"fr_FR","og_type":"article","og_title":"Fuite piscine","og_description":"La fuite dans une piscine est le cauchemar de nombreux propri\u00e9taire de piscine. Comment l'identifier et surtout comme solutionner ce probl\u00e8me ?","og_url":"https:\/\/desjoyauxnb.ca\/renovation-piscine\/fuite-piscine\/?lang=fr","og_site_name":"Piscines Desjoyaux","article_publisher":"https:\/\/www.facebook.com\/desjoyauxnb\/","article_modified_time":"2020-02-26T16:34:28+00:00","og_image":[{"width":220,"height":110,"url":"https:\/\/desjoyauxnb.ca\/wp-content\/uploads\/2020\/11\/piscines-desjoyaux-logo-en.png","type":"image\/png"}],"twitter_card":"summary_large_image","twitter_site":"@Desjoyaux_pools","schema":{"@context":"https:\/\/schema.org","@graph":[{"@type":"WebPage","@id":"https:\/\/desjoyauxnb.ca\/renovation-piscine\/fuite-piscine\/?lang=fr","url":"https:\/\/desjoyauxnb.ca\/renovation-piscine\/fuite-piscine\/?lang=fr","name":"Fuite de votre Piscine : la Bonne Solution | Piscines Desjoyaux","isPartOf":{"@id":"https:\/\/desjoyauxnb.ca\/#website"},"datePublished":"2020-01-25T23:44:04+00:00","dateModified":"2020-02-26T16:34:28+00:00","description":"La fuite dans une piscine est le cauchemar de nombreux propri\u00e9taire de piscine. Comment l'identifier et surtout comme solutionner ce probl\u00e8me ?","breadcrumb":{"@id":"https:\/\/desjoyauxnb.ca\/renovation-piscine\/fuite-piscine\/?lang=fr#breadcrumb"},"inLanguage":"fr-FR","potentialAction":[{"@type":"ReadAction","target":["https:\/\/desjoyauxnb.ca\/renovation-piscine\/fuite-piscine\/?lang=fr"]}]},{"@type":"BreadcrumbList","@id":"https:\/\/desjoyauxnb.ca\/renovation-piscine\/fuite-piscine\/?lang=fr#breadcrumb","itemListElement":[{"@type":"ListItem","position":1,"name":"Home","item":"https:\/\/desjoyauxnb.ca\/?lang=fr"},{"@type":"ListItem","position":2,"name":"Fuite piscine"}]},{"@type":"WebSite","@id":"https:\/\/desjoyauxnb.ca\/#website","url":"https:\/\/desjoyauxnb.ca\/","name":"Desjoyaux Pool NB","description":"Quality Pools for New Brunswick Families","publisher":{"@id":"https:\/\/desjoyauxnb.ca\/#organization"},"alternateName":"Piscines Desjoyaux","potentialAction":[{"@type":"SearchAction","target":{"@type":"EntryPoint","urlTemplate":"https:\/\/desjoyauxnb.ca\/?s={search_term_string}"},"query-input":{"@type":"PropertyValueSpecification","valueRequired":true,"valueName":"search_term_string"}}],"inLanguage":"fr-FR"},{"@type":"Organization","@id":"https:\/\/desjoyauxnb.ca\/#organization","name":"Piscines Desjoyaux","alternateName":"Desjoyaux Pool NB","url":"https:\/\/desjoyauxnb.ca\/","logo":{"@type":"ImageObject","inLanguage":"fr-FR","@id":"https:\/\/desjoyauxnb.ca\/#\/schema\/logo\/image\/","url":"https:\/\/desjoyauxnb.ca\/wp-content\/uploads\/2020\/11\/logo-en.jpg","contentUrl":"https:\/\/desjoyauxnb.ca\/wp-content\/uploads\/2020\/11\/logo-en.jpg","width":224,"height":117,"caption":"Piscines Desjoyaux"},"image":{"@id":"https:\/\/desjoyauxnb.ca\/#\/schema\/logo\/image\/"},"sameAs":["https:\/\/www.facebook.com\/desjoyauxnb\/","https:\/\/x.com\/Desjoyaux_pools","https:\/\/www.instagram.com\/desjoyauxnb\/","https:\/\/fr.linkedin.com\/company\/desjoyaux-pools","https:\/\/www.youtube.com\/user\/desjoyauxpools","https:\/\/fr.wikipedia.org\/wiki\/Piscines_Desjoyaux"],"description":"Desjoyaux is a French company that designs, manufactures, and installs swimming pools, with a focus on custom, environmentally friendly, and family-friendly designs, and has been in business since 1966.","email":"info@desjoyaux.nb","telephone":"506-800-1022","legalName":"Desjoyaux Pool NB","numberOfEmployees":{"@type":"QuantitativeValue","minValue":"1","maxValue":"10"}}]}},"_links":{"self":[{"href":"https:\/\/desjoyauxnb.ca\/fr\/wp-json\/wp\/v2\/pages\/10219","targetHints":{"allow":["GET"]}}],"collection":[{"href":"https:\/\/desjoyauxnb.ca\/fr\/wp-json\/wp\/v2\/pages"}],"about":[{"href":"https:\/\/desjoyauxnb.ca\/fr\/wp-json\/wp\/v2\/types\/page"}],"author":[{"embeddable":true,"href":"https:\/\/desjoyauxnb.ca\/fr\/wp-json\/wp\/v2\/users\/10"}],"replies":[{"embeddable":true,"href":"https:\/\/desjoyauxnb.ca\/fr\/wp-json\/wp\/v2\/comments?post=10219"}],"version-history":[{"count":0,"href":"https:\/\/desjoyauxnb.ca\/fr\/wp-json\/wp\/v2\/pages\/10219\/revisions"}],"wp:attachment":[{"href":"https:\/\/desjoyauxnb.ca\/fr\/wp-json\/wp\/v2\/media?parent=10219"}],"curies":[{"name":"wp","href":"https:\/\/api.w.org\/{rel}","templated":true}]}}